{"id":2536,"date":"2024-04-23T22:19:58","date_gmt":"2024-04-23T22:19:58","guid":{"rendered":"https:\/\/euacholavras.com.br\/?post_type=product&#038;p=2536"},"modified":"2024-04-23T22:19:59","modified_gmt":"2024-04-23T22:19:59","slug":"apartamento-e-ponto-comercial-para-venda","status":"publish","type":"product","link":"https:\/\/euacholavras.com.br\/?product=apartamento-e-ponto-comercial-para-venda","title":{"rendered":"APARTAMENTO E PONTO COMERCIAL PARA VENDA"},"content":{"rendered":"<p>C\u00d3DIGO &#8211; VD14-77<\/p>\n<p>Oportunidade de investimento com retorno imediato na Rua Jos\u00e9 Esteves, contendo: 3 dormit\u00f3rios; 1 sala; 1 cozinha; 1 banheiro social; 1 \u00e1rea de servi\u00e7o; 1 quintal amplo e 1 ponto comercial.<\/p>\n","protected":false},"excerpt":{"rendered":"<p>3 dormit\u00f3rios, 1 sala e 1 ponto comercial.<\/p>\n","protected":false},"featured_media":2543,"template":"","meta":[],"product_brand":[],"product_cat":[36,52,55],"product_tag":[],"class_list":{"0":"post-2536","1":"product","2":"type-product","3":"status-publish","4":"has-post-thumbnail","6":"product_cat-apartamento","7":"product_cat-pontoscomerciais","8":"product_cat-venda","10":"first","11":"instock","12":"shipping-taxable","13":"purchasable","14":"product-type-simple"},"_links":{"self":[{"href":"https:\/\/euacholavras.com.br\/index.php?rest_route=\/wp\/v2\/product\/2536","targetHints":{"allow":["GET"]}}],"collection":[{"href":"https:\/\/euacholavras.com.br\/index.php?rest_route=\/wp\/v2\/product"}],"about":[{"href":"https:\/\/euacholavras.com.br\/index.php?rest_route=\/wp\/v2\/types\/product"}],"wp:featuredmedia":[{"embeddable":true,"href":"https:\/\/euacholavras.com.br\/index.php?rest_route=\/wp\/v2\/media\/2543"}],"wp:attachment":[{"href":"https:\/\/euacholavras.com.br\/index.php?rest_route=%2Fwp%2Fv2%2Fmedia&parent=2536"}],"wp:term":[{"taxonomy":"product_brand","embeddable":true,"href":"https:\/\/euacholavras.com.br\/index.php?rest_route=%2Fwp%2Fv2%2Fproduct_brand&post=2536"},{"taxonomy":"product_cat","embeddable":true,"href":"https:\/\/euacholavras.com.br\/index.php?rest_route=%2Fwp%2Fv2%2Fproduct_cat&post=2536"},{"taxonomy":"product_tag","embeddable":true,"href":"https:\/\/euacholavras.com.br\/index.php?rest_route=%2Fwp%2Fv2%2Fproduct_tag&post=2536"}],"curies":[{"name":"wp","href":"https:\/\/api.w.org\/{rel}","templated":true}]}}