{"id":2611,"date":"2024-04-29T16:51:34","date_gmt":"2024-04-29T16:51:34","guid":{"rendered":"https:\/\/euacholavras.com.br\/?post_type=product&#038;p=2611"},"modified":"2025-10-22T12:53:01","modified_gmt":"2025-10-22T12:53:01","slug":"apartamento-na-perimetral","status":"publish","type":"product","link":"https:\/\/euacholavras.com.br\/?product=apartamento-na-perimetral","title":{"rendered":"APARTAMENTO NA PERIMETRAL"},"content":{"rendered":"<p>C\u00d3DIGO &#8211; VD21 &#8211; 91 e C\u00d3DIGO &#8211; VD21 &#8211; 92<\/p>\n<p><strong>Oportunidade imperd\u00edvel! <\/strong><\/p>\n<p>Pr\u00f3ximo a UFLA! Temos duas unidades dispon\u00edveis, no segundo e no quinto andar, sendo elas com: 3 dormit\u00f3rios, sendo uma su\u00edte; sala ampla; cozinha; \u00e1rea de servi\u00e7o; sacada; sal\u00e3o de festas e 2 vagas de garagem.<\/p>\n","protected":false},"excerpt":{"rendered":"<p>Apartamentos novos e pr\u00f3ximos a UFLA!<\/p>\n","protected":false},"featured_media":2616,"template":"","meta":[],"product_brand":[],"product_cat":[36,55],"product_tag":[],"class_list":{"0":"post-2611","1":"product","2":"type-product","3":"status-publish","4":"has-post-thumbnail","6":"product_cat-apartamento","7":"product_cat-venda","9":"first","10":"instock","11":"shipping-taxable","12":"purchasable","13":"product-type-simple"},"_links":{"self":[{"href":"https:\/\/euacholavras.com.br\/index.php?rest_route=\/wp\/v2\/product\/2611","targetHints":{"allow":["GET"]}}],"collection":[{"href":"https:\/\/euacholavras.com.br\/index.php?rest_route=\/wp\/v2\/product"}],"about":[{"href":"https:\/\/euacholavras.com.br\/index.php?rest_route=\/wp\/v2\/types\/product"}],"wp:featuredmedia":[{"embeddable":true,"href":"https:\/\/euacholavras.com.br\/index.php?rest_route=\/wp\/v2\/media\/2616"}],"wp:attachment":[{"href":"https:\/\/euacholavras.com.br\/index.php?rest_route=%2Fwp%2Fv2%2Fmedia&parent=2611"}],"wp:term":[{"taxonomy":"product_brand","embeddable":true,"href":"https:\/\/euacholavras.com.br\/index.php?rest_route=%2Fwp%2Fv2%2Fproduct_brand&post=2611"},{"taxonomy":"product_cat","embeddable":true,"href":"https:\/\/euacholavras.com.br\/index.php?rest_route=%2Fwp%2Fv2%2Fproduct_cat&post=2611"},{"taxonomy":"product_tag","embeddable":true,"href":"https:\/\/euacholavras.com.br\/index.php?rest_route=%2Fwp%2Fv2%2Fproduct_tag&post=2611"}],"curies":[{"name":"wp","href":"https:\/\/api.w.org\/{rel}","templated":true}]}}