{"id":2628,"date":"2024-04-29T17:53:45","date_gmt":"2024-04-29T17:53:45","guid":{"rendered":"https:\/\/euacholavras.com.br\/?post_type=product&#038;p=2628"},"modified":"2025-10-22T12:51:58","modified_gmt":"2025-10-22T12:51:58","slug":"apartamento-de-3-suites","status":"publish","type":"product","link":"https:\/\/euacholavras.com.br\/?product=apartamento-de-3-suites","title":{"rendered":"APARTAMENTO DE 3 SUITES"},"content":{"rendered":"<p>C\u00d3DIGO &#8211; VD14 &#8211; 93<\/p>\n<p><strong>Apartamento privilegiado na perimetral! <\/strong><\/p>\n<p>Essa grande oportunidade na regi\u00e3o que mais se desenvolve em Lavras, conta com: 3 su\u00edtes; sala ampla; cozinha; \u00e1rea de servi\u00e7o; lavabo; sal\u00e3o de festas e 2 vagas de garagem.<\/p>\n","protected":false},"excerpt":{"rendered":"<p>apartamento na perimetral com 3 su\u00edtes<\/p>\n","protected":false},"featured_media":2643,"template":"","meta":[],"product_brand":[],"product_cat":[36,55],"product_tag":[],"class_list":{"0":"post-2628","1":"product","2":"type-product","3":"status-publish","4":"has-post-thumbnail","6":"product_cat-apartamento","7":"product_cat-venda","9":"first","10":"instock","11":"shipping-taxable","12":"purchasable","13":"product-type-simple"},"_links":{"self":[{"href":"https:\/\/euacholavras.com.br\/index.php?rest_route=\/wp\/v2\/product\/2628","targetHints":{"allow":["GET"]}}],"collection":[{"href":"https:\/\/euacholavras.com.br\/index.php?rest_route=\/wp\/v2\/product"}],"about":[{"href":"https:\/\/euacholavras.com.br\/index.php?rest_route=\/wp\/v2\/types\/product"}],"wp:featuredmedia":[{"embeddable":true,"href":"https:\/\/euacholavras.com.br\/index.php?rest_route=\/wp\/v2\/media\/2643"}],"wp:attachment":[{"href":"https:\/\/euacholavras.com.br\/index.php?rest_route=%2Fwp%2Fv2%2Fmedia&parent=2628"}],"wp:term":[{"taxonomy":"product_brand","embeddable":true,"href":"https:\/\/euacholavras.com.br\/index.php?rest_route=%2Fwp%2Fv2%2Fproduct_brand&post=2628"},{"taxonomy":"product_cat","embeddable":true,"href":"https:\/\/euacholavras.com.br\/index.php?rest_route=%2Fwp%2Fv2%2Fproduct_cat&post=2628"},{"taxonomy":"product_tag","embeddable":true,"href":"https:\/\/euacholavras.com.br\/index.php?rest_route=%2Fwp%2Fv2%2Fproduct_tag&post=2628"}],"curies":[{"name":"wp","href":"https:\/\/api.w.org\/{rel}","templated":true}]}}