{"id":2766,"date":"2024-05-07T14:01:39","date_gmt":"2024-05-07T14:01:39","guid":{"rendered":"https:\/\/euacholavras.com.br\/?post_type=product&#038;p=2766"},"modified":"2024-05-07T14:01:39","modified_gmt":"2024-05-07T14:01:39","slug":"oportunidade-de-casa-e-ponto-comercial-no-eldorado","status":"publish","type":"product","link":"https:\/\/euacholavras.com.br\/?product=oportunidade-de-casa-e-ponto-comercial-no-eldorado","title":{"rendered":"Oportunidade de casa e ponto comercial no Eldorado"},"content":{"rendered":"<p>C\u00d3DIGO: VD21-96<\/p>\n<p><strong>Incr\u00edvel oportunidade!<\/strong><\/p>\n<p>O im\u00f3vel de \u00e1rea\u00a0total de 360m\u00b2, oferece: 2 dormit\u00f3rios, sendo uma su\u00edte; cozinha americana; 1 sala; 2 banheiros; \u00e1rea de servi\u00e7o; churrasqueira; quintal; e garagem para 2 carros. Al\u00e9m disso, possui <strong>ponto comercial<\/strong>.<\/p>\n","protected":false},"excerpt":{"rendered":"<p>Ampla casa com \u00e1rea comercial integrada, \u00f3tima localiza\u00e7\u00e3o.<\/p>\n","protected":false},"featured_media":2739,"template":"","meta":[],"product_brand":[],"product_cat":[34,55],"product_tag":[62],"class_list":{"0":"post-2766","1":"product","2":"type-product","3":"status-publish","4":"has-post-thumbnail","6":"product_cat-casas","7":"product_cat-venda","8":"product_tag-vd21-96","10":"first","11":"instock","12":"shipping-taxable","13":"purchasable","14":"product-type-simple"},"_links":{"self":[{"href":"https:\/\/euacholavras.com.br\/index.php?rest_route=\/wp\/v2\/product\/2766","targetHints":{"allow":["GET"]}}],"collection":[{"href":"https:\/\/euacholavras.com.br\/index.php?rest_route=\/wp\/v2\/product"}],"about":[{"href":"https:\/\/euacholavras.com.br\/index.php?rest_route=\/wp\/v2\/types\/product"}],"wp:featuredmedia":[{"embeddable":true,"href":"https:\/\/euacholavras.com.br\/index.php?rest_route=\/wp\/v2\/media\/2739"}],"wp:attachment":[{"href":"https:\/\/euacholavras.com.br\/index.php?rest_route=%2Fwp%2Fv2%2Fmedia&parent=2766"}],"wp:term":[{"taxonomy":"product_brand","embeddable":true,"href":"https:\/\/euacholavras.com.br\/index.php?rest_route=%2Fwp%2Fv2%2Fproduct_brand&post=2766"},{"taxonomy":"product_cat","embeddable":true,"href":"https:\/\/euacholavras.com.br\/index.php?rest_route=%2Fwp%2Fv2%2Fproduct_cat&post=2766"},{"taxonomy":"product_tag","embeddable":true,"href":"https:\/\/euacholavras.com.br\/index.php?rest_route=%2Fwp%2Fv2%2Fproduct_tag&post=2766"}],"curies":[{"name":"wp","href":"https:\/\/api.w.org\/{rel}","templated":true}]}}