{"id":2767,"date":"2024-05-07T14:33:40","date_gmt":"2024-05-07T14:33:40","guid":{"rendered":"https:\/\/euacholavras.com.br\/?post_type=product&#038;p=2767"},"modified":"2024-05-07T20:46:15","modified_gmt":"2024-05-07T20:46:15","slug":"terrenos-nas-aguas-do-funil","status":"publish","type":"product","link":"https:\/\/euacholavras.com.br\/?product=terrenos-nas-aguas-do-funil","title":{"rendered":"CONDOM\u00cdNIO \u00c1GUAS DO FUNIL"},"content":{"rendered":"<p><em><strong>PERD\u00d5ES, MG.<\/strong><\/em><\/p>\n<p>Temos diversas op\u00e7\u00f5es de terrenos dispon\u00edveis! Construa a casa dos seus sonhos nesse novo condom\u00ednio em Perd\u00f5es!<\/p>\n<p>Terrenos \u00e1 partir de R$ 95.000,00<\/p>\n<p>Com entrada facilitada e com possibilidade de financiamento!<\/p>\n","protected":false},"excerpt":{"rendered":"<p>A partir de 687 m\u00b2.<\/p>\n","protected":false},"featured_media":2770,"template":"","meta":[],"product_brand":[],"product_cat":[53,55],"product_tag":[63],"class_list":{"0":"post-2767","1":"product","2":"type-product","3":"status-publish","4":"has-post-thumbnail","6":"product_cat-lotes","7":"product_cat-venda","8":"product_tag-vd14-98","10":"first","11":"instock","12":"shipping-taxable","13":"purchasable","14":"product-type-simple"},"_links":{"self":[{"href":"https:\/\/euacholavras.com.br\/index.php?rest_route=\/wp\/v2\/product\/2767","targetHints":{"allow":["GET"]}}],"collection":[{"href":"https:\/\/euacholavras.com.br\/index.php?rest_route=\/wp\/v2\/product"}],"about":[{"href":"https:\/\/euacholavras.com.br\/index.php?rest_route=\/wp\/v2\/types\/product"}],"wp:featuredmedia":[{"embeddable":true,"href":"https:\/\/euacholavras.com.br\/index.php?rest_route=\/wp\/v2\/media\/2770"}],"wp:attachment":[{"href":"https:\/\/euacholavras.com.br\/index.php?rest_route=%2Fwp%2Fv2%2Fmedia&parent=2767"}],"wp:term":[{"taxonomy":"product_brand","embeddable":true,"href":"https:\/\/euacholavras.com.br\/index.php?rest_route=%2Fwp%2Fv2%2Fproduct_brand&post=2767"},{"taxonomy":"product_cat","embeddable":true,"href":"https:\/\/euacholavras.com.br\/index.php?rest_route=%2Fwp%2Fv2%2Fproduct_cat&post=2767"},{"taxonomy":"product_tag","embeddable":true,"href":"https:\/\/euacholavras.com.br\/index.php?rest_route=%2Fwp%2Fv2%2Fproduct_tag&post=2767"}],"curies":[{"name":"wp","href":"https:\/\/api.w.org\/{rel}","templated":true}]}}