{"id":2774,"date":"2024-05-07T20:42:10","date_gmt":"2024-05-07T20:42:10","guid":{"rendered":"https:\/\/euacholavras.com.br\/?post_type=product&#038;p=2774"},"modified":"2024-07-04T05:58:41","modified_gmt":"2024-07-04T05:58:41","slug":"condominio-chacaras-da-serra","status":"publish","type":"product","link":"https:\/\/euacholavras.com.br\/?product=condominio-chacaras-da-serra","title":{"rendered":"CONDOM\u00cdNIO CH\u00c1CARAS DA SERRA"},"content":{"rendered":"<p><em><strong>LAVRAS, MG.<\/strong><\/em><\/p>\n<p>Essa \u00e9 uma excelente escolha para que voc\u00ea que deseja ter conforto e seguran\u00e7a nesse belo condom\u00ednio em Lavras.<\/p>\n<p>Terrenos \u00e1 partir de R$ 260.700,00<\/p>\n<p>Construa o im\u00f3vel dos seus sonhos!<\/p>\n<p>Com entrada facilitada e com possibilidade de financiamento.<\/p>\n","protected":false},"excerpt":{"rendered":"<p>A partir de 1.050 m\u00b2<\/p>\n","protected":false},"featured_media":2775,"template":"","meta":[],"product_brand":[],"product_cat":[53,55],"product_tag":[65],"class_list":{"0":"post-2774","1":"product","2":"type-product","3":"status-publish","4":"has-post-thumbnail","6":"product_cat-lotes","7":"product_cat-venda","8":"product_tag-vd14-99","10":"first","11":"instock","12":"shipping-taxable","13":"purchasable","14":"product-type-simple"},"_links":{"self":[{"href":"https:\/\/euacholavras.com.br\/index.php?rest_route=\/wp\/v2\/product\/2774","targetHints":{"allow":["GET"]}}],"collection":[{"href":"https:\/\/euacholavras.com.br\/index.php?rest_route=\/wp\/v2\/product"}],"about":[{"href":"https:\/\/euacholavras.com.br\/index.php?rest_route=\/wp\/v2\/types\/product"}],"wp:featuredmedia":[{"embeddable":true,"href":"https:\/\/euacholavras.com.br\/index.php?rest_route=\/wp\/v2\/media\/2775"}],"wp:attachment":[{"href":"https:\/\/euacholavras.com.br\/index.php?rest_route=%2Fwp%2Fv2%2Fmedia&parent=2774"}],"wp:term":[{"taxonomy":"product_brand","embeddable":true,"href":"https:\/\/euacholavras.com.br\/index.php?rest_route=%2Fwp%2Fv2%2Fproduct_brand&post=2774"},{"taxonomy":"product_cat","embeddable":true,"href":"https:\/\/euacholavras.com.br\/index.php?rest_route=%2Fwp%2Fv2%2Fproduct_cat&post=2774"},{"taxonomy":"product_tag","embeddable":true,"href":"https:\/\/euacholavras.com.br\/index.php?rest_route=%2Fwp%2Fv2%2Fproduct_tag&post=2774"}],"curies":[{"name":"wp","href":"https:\/\/api.w.org\/{rel}","templated":true}]}}