{"id":3106,"date":"2024-09-28T14:52:30","date_gmt":"2024-09-28T14:52:30","guid":{"rendered":"https:\/\/euacholavras.com.br\/?post_type=product&#038;p=3106"},"modified":"2024-09-28T14:52:30","modified_gmt":"2024-09-28T14:52:30","slug":"lote-no-santa-filomena-proximo-ao-rex-shopping","status":"publish","type":"product","link":"https:\/\/euacholavras.com.br\/?product=lote-no-santa-filomena-proximo-ao-rex-shopping","title":{"rendered":"LOTE NO SANTA FILOMENA PR\u00d3XIMO AO REX SHOPPING"},"content":{"rendered":"<p>Lote na Rua Paulo de Azevedo, 300 m2<br \/>\nFrente 12 m<br \/>\nDireto 25 m<br \/>\nEsquerdo 25 m<br \/>\nFundo 12 m<\/p>\n<p>Excelente localiza\u00e7\u00e3o para pr\u00e9dios ou casas<\/p>\n<p>C\u00d3DIGO &#8211; VD7 &#8211; 149<\/p>\n","protected":false},"excerpt":{"rendered":"<p>LOTE NO SANTA&#8230;<\/p>\n","protected":false},"featured_media":3107,"template":"","meta":[],"product_brand":[],"product_cat":[53,55],"product_tag":[78],"class_list":{"0":"post-3106","1":"product","2":"type-product","3":"status-publish","4":"has-post-thumbnail","6":"product_cat-lotes","7":"product_cat-venda","8":"product_tag-vd7-149","10":"first","11":"instock","12":"shipping-taxable","13":"purchasable","14":"product-type-simple"},"_links":{"self":[{"href":"https:\/\/euacholavras.com.br\/index.php?rest_route=\/wp\/v2\/product\/3106","targetHints":{"allow":["GET"]}}],"collection":[{"href":"https:\/\/euacholavras.com.br\/index.php?rest_route=\/wp\/v2\/product"}],"about":[{"href":"https:\/\/euacholavras.com.br\/index.php?rest_route=\/wp\/v2\/types\/product"}],"wp:featuredmedia":[{"embeddable":true,"href":"https:\/\/euacholavras.com.br\/index.php?rest_route=\/wp\/v2\/media\/3107"}],"wp:attachment":[{"href":"https:\/\/euacholavras.com.br\/index.php?rest_route=%2Fwp%2Fv2%2Fmedia&parent=3106"}],"wp:term":[{"taxonomy":"product_brand","embeddable":true,"href":"https:\/\/euacholavras.com.br\/index.php?rest_route=%2Fwp%2Fv2%2Fproduct_brand&post=3106"},{"taxonomy":"product_cat","embeddable":true,"href":"https:\/\/euacholavras.com.br\/index.php?rest_route=%2Fwp%2Fv2%2Fproduct_cat&post=3106"},{"taxonomy":"product_tag","embeddable":true,"href":"https:\/\/euacholavras.com.br\/index.php?rest_route=%2Fwp%2Fv2%2Fproduct_tag&post=3106"}],"curies":[{"name":"wp","href":"https:\/\/api.w.org\/{rel}","templated":true}]}}