{"id":3161,"date":"2024-09-28T15:59:01","date_gmt":"2024-09-28T15:59:01","guid":{"rendered":"https:\/\/euacholavras.com.br\/?post_type=product&#038;p=3161"},"modified":"2024-09-28T15:59:01","modified_gmt":"2024-09-28T15:59:01","slug":"apartamento-no-colinas-da-serra-mobiliado","status":"publish","type":"product","link":"https:\/\/euacholavras.com.br\/?product=apartamento-no-colinas-da-serra-mobiliado","title":{"rendered":"APARTAMENTO NO COLINAS DA SERRA \u2013 MOBILIADO"},"content":{"rendered":"<p>Seu novo apartamento conta com 2 Dormit\u00f3rios, 1 Cozinha, 1 \u00c1rea de servi\u00e7o, 1 Banheiro, 1 Sala, 1 Garagem, 1 Parque infantil, 1 \u00c1rea gourmet conjunta.<\/p>\n<p>C\u00d3DIGO \u2013 AP8 \u2013 153<\/p>\n","protected":false},"excerpt":{"rendered":"<div class=\"elementor-element elementor-element-5acdda03 elementor-widget elementor-widget-woocommerce-product-short-description\" data-id=\"5acdda03\" data-element_type=\"widget\" data-widget_type=\"woocommerce-product-short-description.default\">\n<div class=\"elementor-widget-container\">\n<div class=\"woocommerce-product-details__short-description\">\n<div class=\"elementor-element elementor-element-5acdda03 elementor-widget elementor-widget-woocommerce-product-short-description\" data-id=\"5acdda03\" data-element_type=\"widget\" data-widget_type=\"woocommerce-product-short-description.default\">\n<div class=\"elementor-widget-container\">\n<div class=\"woocommerce-product-details__short-description\">\n<p>Apartamento no colina&#8230;<\/p>\n<\/div>\n<\/div>\n<\/div>\n<\/div>\n<\/div>\n<\/div>\n","protected":false},"featured_media":3142,"template":"","meta":[],"product_brand":[],"product_cat":[54,36],"product_tag":[84],"class_list":{"0":"post-3161","1":"product","2":"type-product","3":"status-publish","4":"has-post-thumbnail","6":"product_cat-aluguel","7":"product_cat-apartamento","8":"product_tag-ap8-153","10":"first","11":"instock","12":"shipping-taxable","13":"purchasable","14":"product-type-simple"},"_links":{"self":[{"href":"https:\/\/euacholavras.com.br\/index.php?rest_route=\/wp\/v2\/product\/3161","targetHints":{"allow":["GET"]}}],"collection":[{"href":"https:\/\/euacholavras.com.br\/index.php?rest_route=\/wp\/v2\/product"}],"about":[{"href":"https:\/\/euacholavras.com.br\/index.php?rest_route=\/wp\/v2\/types\/product"}],"wp:featuredmedia":[{"embeddable":true,"href":"https:\/\/euacholavras.com.br\/index.php?rest_route=\/wp\/v2\/media\/3142"}],"wp:attachment":[{"href":"https:\/\/euacholavras.com.br\/index.php?rest_route=%2Fwp%2Fv2%2Fmedia&parent=3161"}],"wp:term":[{"taxonomy":"product_brand","embeddable":true,"href":"https:\/\/euacholavras.com.br\/index.php?rest_route=%2Fwp%2Fv2%2Fproduct_brand&post=3161"},{"taxonomy":"product_cat","embeddable":true,"href":"https:\/\/euacholavras.com.br\/index.php?rest_route=%2Fwp%2Fv2%2Fproduct_cat&post=3161"},{"taxonomy":"product_tag","embeddable":true,"href":"https:\/\/euacholavras.com.br\/index.php?rest_route=%2Fwp%2Fv2%2Fproduct_tag&post=3161"}],"curies":[{"name":"wp","href":"https:\/\/api.w.org\/{rel}","templated":true}]}}