{"id":3457,"date":"2024-12-16T14:16:49","date_gmt":"2024-12-16T14:16:49","guid":{"rendered":"https:\/\/euacholavras.com.br\/?post_type=product&#038;p=3457"},"modified":"2025-07-28T15:44:13","modified_gmt":"2025-07-28T15:44:13","slug":"ponto-comercial-em-localizacao-privilegiada-%f0%9f%8f%a2","status":"publish","type":"product","link":"https:\/\/euacholavras.com.br\/?product=ponto-comercial-em-localizacao-privilegiada-%f0%9f%8f%a2","title":{"rendered":"Ponto Comercial em Localiza\u00e7\u00e3o Privilegiada \ud83c\udfe2"},"content":{"rendered":"<p>\u2728 Espa\u00e7o Ideal para o Seu Neg\u00f3cio<br \/>\n\ud83d\udebe 1 Banheiro<\/p>\n<p>\ud83d\udccd Endere\u00e7o: Bairro Retiro<br \/>\n\ud83d\udcb0 Valor: R$ 1.000,00 (incluindo \u00e1gua e IPTU)<\/p>\n<p>\ud83d\udd11 Perfeito para quem busca iniciar ou expandir seu neg\u00f3cio em um local estrat\u00e9gico.<br \/>\nN\u00e3o perca essa oportunidade! Entre em contato para mais informa\u00e7\u00f5es e agende sua visita.<br \/>\nC\u00d3DIGO: CM3-168<\/p>\n","protected":false},"excerpt":{"rendered":"<p>PONTO COMERCIAL NO BAIRRO RETIRO<\/p>\n","protected":false},"featured_media":3459,"template":"","meta":[],"product_brand":[],"product_cat":[54,52],"product_tag":[100],"class_list":{"0":"post-3457","1":"product","2":"type-product","3":"status-publish","4":"has-post-thumbnail","6":"product_cat-aluguel","7":"product_cat-pontoscomerciais","8":"product_tag-cm3-168","10":"first","11":"instock","12":"shipping-taxable","13":"purchasable","14":"product-type-simple"},"_links":{"self":[{"href":"https:\/\/euacholavras.com.br\/index.php?rest_route=\/wp\/v2\/product\/3457","targetHints":{"allow":["GET"]}}],"collection":[{"href":"https:\/\/euacholavras.com.br\/index.php?rest_route=\/wp\/v2\/product"}],"about":[{"href":"https:\/\/euacholavras.com.br\/index.php?rest_route=\/wp\/v2\/types\/product"}],"wp:featuredmedia":[{"embeddable":true,"href":"https:\/\/euacholavras.com.br\/index.php?rest_route=\/wp\/v2\/media\/3459"}],"wp:attachment":[{"href":"https:\/\/euacholavras.com.br\/index.php?rest_route=%2Fwp%2Fv2%2Fmedia&parent=3457"}],"wp:term":[{"taxonomy":"product_brand","embeddable":true,"href":"https:\/\/euacholavras.com.br\/index.php?rest_route=%2Fwp%2Fv2%2Fproduct_brand&post=3457"},{"taxonomy":"product_cat","embeddable":true,"href":"https:\/\/euacholavras.com.br\/index.php?rest_route=%2Fwp%2Fv2%2Fproduct_cat&post=3457"},{"taxonomy":"product_tag","embeddable":true,"href":"https:\/\/euacholavras.com.br\/index.php?rest_route=%2Fwp%2Fv2%2Fproduct_tag&post=3457"}],"curies":[{"name":"wp","href":"https:\/\/api.w.org\/{rel}","templated":true}]}}