{"id":3519,"date":"2025-01-13T13:27:30","date_gmt":"2025-01-13T13:27:30","guid":{"rendered":"https:\/\/euacholavras.com.br\/?post_type=product&#038;p=3519"},"modified":"2025-01-13T13:27:30","modified_gmt":"2025-01-13T13:27:30","slug":"sitio-a-venda-proximo-a-lavras-apenas-10km-%f0%9f%8f%a1%f0%9f%8c%b3","status":"publish","type":"product","link":"https:\/\/euacholavras.com.br\/?product=sitio-a-venda-proximo-a-lavras-apenas-10km-%f0%9f%8f%a1%f0%9f%8c%b3","title":{"rendered":"S\u00edtio \u00e0 venda pr\u00f3ximo a Lavras, apenas 10km \ud83c\udfe1\ud83c\udf33"},"content":{"rendered":"<p>Casa com<br \/>\n\u2705 4 Quartos<br \/>\n\u2705 2 Banheiros<br \/>\n\u2705 1 Sala<br \/>\n\u2705 1 Cozinha<br \/>\n\u2705 Varanda em quase todo arredor da casa<br \/>\n\u2705 Garagem coberta<\/p>\n<p>\ud83c\udf56 \u00c1rea Gourmet \ud83c\udf56<\/p>\n<p>Churrasqueira<br \/>\nFog\u00e3o a lenha<br \/>\nPias<br \/>\nMesas<br \/>\nPiscina<br \/>\nFog\u00e3o normal<\/p>\n<p>\ud83d\udc14 Cria\u00e7\u00e3o de galinhas \ud83d\udc14 (250)<\/p>\n<p>\ud83d\udc24 Cria\u00e7\u00e3o de pintinhos \ud83d\udc24 (500)<\/p>\n<p>\ud83c\udf0a 2 A\u00e7udes com peixes \ud83c\udf0a<\/p>\n<p>\u00d3timo para morar ou investir<\/p>\n<p>C\u00d3DIGO VD7-172<\/p>\n","protected":false},"excerpt":{"rendered":"<p>\u00d3TIMO S\u00cdTO \u00c0 VENDA<\/p>\n","protected":false},"featured_media":3558,"template":"","meta":[],"product_brand":[],"product_cat":[104,55],"product_tag":[105],"class_list":{"0":"post-3519","1":"product","2":"type-product","3":"status-publish","4":"has-post-thumbnail","6":"product_cat-sitio","7":"product_cat-venda","8":"product_tag-vd7-172","10":"first","11":"instock","12":"shipping-taxable","13":"purchasable","14":"product-type-simple"},"_links":{"self":[{"href":"https:\/\/euacholavras.com.br\/index.php?rest_route=\/wp\/v2\/product\/3519","targetHints":{"allow":["GET"]}}],"collection":[{"href":"https:\/\/euacholavras.com.br\/index.php?rest_route=\/wp\/v2\/product"}],"about":[{"href":"https:\/\/euacholavras.com.br\/index.php?rest_route=\/wp\/v2\/types\/product"}],"wp:featuredmedia":[{"embeddable":true,"href":"https:\/\/euacholavras.com.br\/index.php?rest_route=\/wp\/v2\/media\/3558"}],"wp:attachment":[{"href":"https:\/\/euacholavras.com.br\/index.php?rest_route=%2Fwp%2Fv2%2Fmedia&parent=3519"}],"wp:term":[{"taxonomy":"product_brand","embeddable":true,"href":"https:\/\/euacholavras.com.br\/index.php?rest_route=%2Fwp%2Fv2%2Fproduct_brand&post=3519"},{"taxonomy":"product_cat","embeddable":true,"href":"https:\/\/euacholavras.com.br\/index.php?rest_route=%2Fwp%2Fv2%2Fproduct_cat&post=3519"},{"taxonomy":"product_tag","embeddable":true,"href":"https:\/\/euacholavras.com.br\/index.php?rest_route=%2Fwp%2Fv2%2Fproduct_tag&post=3519"}],"curies":[{"name":"wp","href":"https:\/\/api.w.org\/{rel}","templated":true}]}}