{"id":3574,"date":"2025-01-13T20:37:05","date_gmt":"2025-01-13T20:37:05","guid":{"rendered":"https:\/\/euacholavras.com.br\/?post_type=product&#038;p=3574"},"modified":"2025-01-13T20:37:05","modified_gmt":"2025-01-13T20:37:05","slug":"lote-a-venda-no-bairro-morada-do-sol","status":"publish","type":"product","link":"https:\/\/euacholavras.com.br\/?product=lote-a-venda-no-bairro-morada-do-sol","title":{"rendered":"Lote \u00e0 Venda no Bairro Morada do Sol"},"content":{"rendered":"<p>\ud83d\udcd0 Detalhes do Lote:<\/p>\n<p>\u00c1rea Total: 420,23 m\u00b2<br \/>\nFrente: 14,61 m<br \/>\nLado Direito: 35,28 m<br \/>\nLado Esquerdo: 33,27 m<br \/>\nFundos: 10,02 m<br \/>\nTopografia: \u00d3tima, ideal para constru\u00e7\u00e3o residencial ou investimento.<\/p>\n<p>C\u00d3DIGO: VD7-176<\/p>\n","protected":false},"excerpt":{"rendered":"<p>EXCELENTE OPORTUNIDADE<\/p>\n","protected":false},"featured_media":3580,"template":"","meta":[],"product_brand":[],"product_cat":[53,55],"product_tag":[106],"class_list":{"0":"post-3574","1":"product","2":"type-product","3":"status-publish","4":"has-post-thumbnail","6":"product_cat-lotes","7":"product_cat-venda","8":"product_tag-vd7-176","10":"first","11":"instock","12":"shipping-taxable","13":"purchasable","14":"product-type-simple"},"_links":{"self":[{"href":"https:\/\/euacholavras.com.br\/index.php?rest_route=\/wp\/v2\/product\/3574","targetHints":{"allow":["GET"]}}],"collection":[{"href":"https:\/\/euacholavras.com.br\/index.php?rest_route=\/wp\/v2\/product"}],"about":[{"href":"https:\/\/euacholavras.com.br\/index.php?rest_route=\/wp\/v2\/types\/product"}],"wp:featuredmedia":[{"embeddable":true,"href":"https:\/\/euacholavras.com.br\/index.php?rest_route=\/wp\/v2\/media\/3580"}],"wp:attachment":[{"href":"https:\/\/euacholavras.com.br\/index.php?rest_route=%2Fwp%2Fv2%2Fmedia&parent=3574"}],"wp:term":[{"taxonomy":"product_brand","embeddable":true,"href":"https:\/\/euacholavras.com.br\/index.php?rest_route=%2Fwp%2Fv2%2Fproduct_brand&post=3574"},{"taxonomy":"product_cat","embeddable":true,"href":"https:\/\/euacholavras.com.br\/index.php?rest_route=%2Fwp%2Fv2%2Fproduct_cat&post=3574"},{"taxonomy":"product_tag","embeddable":true,"href":"https:\/\/euacholavras.com.br\/index.php?rest_route=%2Fwp%2Fv2%2Fproduct_tag&post=3574"}],"curies":[{"name":"wp","href":"https:\/\/api.w.org\/{rel}","templated":true}]}}