{"id":3586,"date":"2025-01-13T21:46:25","date_gmt":"2025-01-13T21:46:25","guid":{"rendered":"https:\/\/euacholavras.com.br\/?post_type=product&#038;p=3586"},"modified":"2025-01-13T21:46:25","modified_gmt":"2025-01-13T21:46:25","slug":"excelente-casa-a-vendo-no-bairro-jardim-fabiana","status":"publish","type":"product","link":"https:\/\/euacholavras.com.br\/?product=excelente-casa-a-vendo-no-bairro-jardim-fabiana","title":{"rendered":"EXCELENTE CASA A VENDO NO BAIRRO JARDIM FABIANA"},"content":{"rendered":"<p>Excelente localiza\u00e7\u00e3o, regi\u00e3o central e pr\u00f3ximo ao hospital universit\u00e1rio da UFLA.<\/p>\n<p>Descri\u00e7\u00e3o:<\/p>\n<p>Terreno: 360m2<br \/>\nConstru\u00e7\u00e3o: 210m2<\/p>\n<p>\u2705 5 quartos (sendo uma su\u00edte dentro da casa e outra su\u00edte fora casa \u00e1rea principal).<\/p>\n<p>\u2705 2 vagas de garagem coberta.<\/p>\n<p>\u2705 4 vagas de garagem descoberta.<\/p>\n<p>\u2705 Cozinha ampla.<\/p>\n<p>\u2705 Duas \u00e1reas externa coberta.<\/p>\n<p>\u2705 Lavanderia coberta.<\/p>\n<p>\u2705 \u00c1rea externa descoberta com jardim.<\/p>\n<p>C\u00d3DIGO VD7-177<\/p>\n","protected":false},"excerpt":{"rendered":"<p>CASA \u00c0 VENDA<\/p>\n","protected":false},"featured_media":3605,"template":"","meta":[],"product_brand":[],"product_cat":[34,55],"product_tag":[107],"class_list":{"0":"post-3586","1":"product","2":"type-product","3":"status-publish","4":"has-post-thumbnail","6":"product_cat-casas","7":"product_cat-venda","8":"product_tag-vd7-177","10":"first","11":"instock","12":"shipping-taxable","13":"purchasable","14":"product-type-simple"},"_links":{"self":[{"href":"https:\/\/euacholavras.com.br\/index.php?rest_route=\/wp\/v2\/product\/3586","targetHints":{"allow":["GET"]}}],"collection":[{"href":"https:\/\/euacholavras.com.br\/index.php?rest_route=\/wp\/v2\/product"}],"about":[{"href":"https:\/\/euacholavras.com.br\/index.php?rest_route=\/wp\/v2\/types\/product"}],"wp:featuredmedia":[{"embeddable":true,"href":"https:\/\/euacholavras.com.br\/index.php?rest_route=\/wp\/v2\/media\/3605"}],"wp:attachment":[{"href":"https:\/\/euacholavras.com.br\/index.php?rest_route=%2Fwp%2Fv2%2Fmedia&parent=3586"}],"wp:term":[{"taxonomy":"product_brand","embeddable":true,"href":"https:\/\/euacholavras.com.br\/index.php?rest_route=%2Fwp%2Fv2%2Fproduct_brand&post=3586"},{"taxonomy":"product_cat","embeddable":true,"href":"https:\/\/euacholavras.com.br\/index.php?rest_route=%2Fwp%2Fv2%2Fproduct_cat&post=3586"},{"taxonomy":"product_tag","embeddable":true,"href":"https:\/\/euacholavras.com.br\/index.php?rest_route=%2Fwp%2Fv2%2Fproduct_tag&post=3586"}],"curies":[{"name":"wp","href":"https:\/\/api.w.org\/{rel}","templated":true}]}}