{"id":3684,"date":"2025-03-28T13:57:33","date_gmt":"2025-03-28T13:57:33","guid":{"rendered":"https:\/\/euacholavras.com.br\/?post_type=product&#038;p=3684"},"modified":"2025-03-28T17:01:40","modified_gmt":"2025-03-28T17:01:40","slug":"apartamento-duplex-cobertura-no-centro-de-lavras","status":"publish","type":"product","link":"https:\/\/euacholavras.com.br\/?product=apartamento-duplex-cobertura-no-centro-de-lavras","title":{"rendered":"APARTAMENTO DUPLEX COBERTURA NO CENTRO DE LAVRAS"},"content":{"rendered":"<p class=\"\" data-start=\"0\" data-end=\"58\"><strong data-start=\"0\" data-end=\"56\">Apartamento Exclusivo com \u00c1rea Privativa \u2013 173,27 m\u00b2<\/strong><\/p>\n<p class=\"\" data-start=\"60\" data-end=\"88\">\u2728 <strong data-start=\"62\" data-end=\"86\">Destaques do Im\u00f3vel:<\/strong><\/p>\n<ul data-start=\"89\" data-end=\"442\">\n<li class=\"\" data-start=\"89\" data-end=\"127\">\n<p class=\"\" data-start=\"91\" data-end=\"127\"><strong data-start=\"91\" data-end=\"105\">03 Quartos<\/strong>, sendo <strong data-start=\"113\" data-end=\"125\">01 su\u00edte<\/strong><\/p>\n<\/li>\n<li class=\"\" data-start=\"128\" data-end=\"158\">\n<p class=\"\" data-start=\"130\" data-end=\"158\"><strong data-start=\"130\" data-end=\"156\">03 Banheiros completos<\/strong><\/p>\n<\/li>\n<li class=\"\" data-start=\"159\" data-end=\"186\">\n<p class=\"\" data-start=\"161\" data-end=\"186\"><strong data-start=\"161\" data-end=\"184\">02 Vagas de garagem<\/strong><\/p>\n<\/li>\n<li class=\"\" data-start=\"187\" data-end=\"224\">\n<p class=\"\" data-start=\"189\" data-end=\"224\"><strong data-start=\"189\" data-end=\"211\">Dep\u00f3sito privativo<\/strong> na garagem<\/p>\n<\/li>\n<li class=\"\" data-start=\"225\" data-end=\"275\">\n<p class=\"\" data-start=\"227\" data-end=\"275\"><strong data-start=\"227\" data-end=\"251\">Piscina na cobertura<\/strong> com aquecimento solar<\/p>\n<\/li>\n<li class=\"\" data-start=\"276\" data-end=\"296\">\n<p class=\"\" data-start=\"278\" data-end=\"296\"><strong data-start=\"278\" data-end=\"294\">\u00c1rea Gourmet<\/strong><\/p>\n<\/li>\n<li class=\"\" data-start=\"297\" data-end=\"368\">\n<p class=\"\" data-start=\"299\" data-end=\"368\"><strong data-start=\"299\" data-end=\"320\">Aquecimento solar<\/strong> para \u00e1gua dos banheiros e pia da \u00e1rea gourmet<\/p>\n<\/li>\n<li class=\"\" data-start=\"369\" data-end=\"410\">\n<p class=\"\" data-start=\"371\" data-end=\"410\"><strong data-start=\"371\" data-end=\"408\">Sala de estar e jantar integradas<\/strong><\/p>\n<\/li>\n<li class=\"\" data-start=\"411\" data-end=\"442\">\n<p class=\"\" data-start=\"413\" data-end=\"442\"><strong data-start=\"413\" data-end=\"427\">Sala de TV<\/strong> na cobertura<\/p>\n<\/li>\n<\/ul>\n<p class=\"\" data-start=\"444\" data-end=\"473\">\ud83d\udcb0 <strong data-start=\"447\" data-end=\"471\">Valor: R$ 950.000,00<\/strong><\/p>\n","protected":false},"excerpt":{"rendered":"<p>Apartamento Exclusivo com \u00c1rea Privativa \u2013 173,27 m\u00b2 \u2728 Destaques do Im\u00f3vel: 03 Quartos, sendo 01 su\u00edte 03 Banheiros completos 02 Vagas de garagem Dep\u00f3sito privativo na garagem Piscina na cobertura com aquecimento solar \u00c1rea Gourmet Aquecimento solar para \u00e1gua dos banheiros e pia da \u00e1rea gourmet Sala de estar e jantar integradas Sala de [&hellip;]<\/p>\n","protected":false},"featured_media":3696,"template":"","meta":[],"product_brand":[],"product_cat":[36,55],"product_tag":[112,119],"class_list":{"0":"post-3684","1":"product","2":"type-product","3":"status-publish","4":"has-post-thumbnail","6":"product_cat-apartamento","7":"product_cat-venda","8":"product_tag-apartamento","9":"product_tag-vd7-186","11":"first","12":"instock","13":"sale","14":"shipping-taxable","15":"purchasable","16":"product-type-simple"},"_links":{"self":[{"href":"https:\/\/euacholavras.com.br\/index.php?rest_route=\/wp\/v2\/product\/3684","targetHints":{"allow":["GET"]}}],"collection":[{"href":"https:\/\/euacholavras.com.br\/index.php?rest_route=\/wp\/v2\/product"}],"about":[{"href":"https:\/\/euacholavras.com.br\/index.php?rest_route=\/wp\/v2\/types\/product"}],"wp:featuredmedia":[{"embeddable":true,"href":"https:\/\/euacholavras.com.br\/index.php?rest_route=\/wp\/v2\/media\/3696"}],"wp:attachment":[{"href":"https:\/\/euacholavras.com.br\/index.php?rest_route=%2Fwp%2Fv2%2Fmedia&parent=3684"}],"wp:term":[{"taxonomy":"product_brand","embeddable":true,"href":"https:\/\/euacholavras.com.br\/index.php?rest_route=%2Fwp%2Fv2%2Fproduct_brand&post=3684"},{"taxonomy":"product_cat","embeddable":true,"href":"https:\/\/euacholavras.com.br\/index.php?rest_route=%2Fwp%2Fv2%2Fproduct_cat&post=3684"},{"taxonomy":"product_tag","embeddable":true,"href":"https:\/\/euacholavras.com.br\/index.php?rest_route=%2Fwp%2Fv2%2Fproduct_tag&post=3684"}],"curies":[{"name":"wp","href":"https:\/\/api.w.org\/{rel}","templated":true}]}}