{"id":3746,"date":"2025-03-28T14:37:12","date_gmt":"2025-03-28T14:37:12","guid":{"rendered":"https:\/\/euacholavras.com.br\/?post_type=product&#038;p=3746"},"modified":"2025-03-28T21:35:47","modified_gmt":"2025-03-28T21:35:47","slug":"casa-para-venda-5-000-m%c2%b2-no-bairro-ignacio-valentim","status":"publish","type":"product","link":"https:\/\/euacholavras.com.br\/?product=casa-para-venda-5-000-m%c2%b2-no-bairro-ignacio-valentim","title":{"rendered":"S\u00edtio para Venda &#8211; 5.000 m\u00b2"},"content":{"rendered":"<p class=\"\" data-start=\"0\" data-end=\"57\"><strong data-start=\"0\" data-end=\"57\">Casa para Venda &#8211; 5.000 m\u00b2 no Bairro Ign\u00e1cio Valentim<\/strong><\/p>\n<p class=\"\" data-start=\"59\" data-end=\"137\">Espa\u00e7osa casa em terreno de 5.000 m\u00b2, com \u00e1rea de lazer completa e muito mais.<\/p>\n<p class=\"\" data-start=\"139\" data-end=\"152\"><strong data-start=\"139\" data-end=\"152\">Detalhes:<\/strong><\/p>\n<ul data-start=\"153\" data-end=\"429\">\n<li class=\"\" data-start=\"153\" data-end=\"176\">\n<p class=\"\" data-start=\"155\" data-end=\"176\"><strong data-start=\"155\" data-end=\"165\">Valor:<\/strong> R$ 280.000<\/p>\n<\/li>\n<li class=\"\" data-start=\"177\" data-end=\"276\">\n<p class=\"\" data-start=\"179\" data-end=\"276\"><strong data-start=\"179\" data-end=\"193\">Ambientes:<\/strong> 3 dormit\u00f3rios, sala aconchegante, cozinha ampla, banheiro moderno, \u00e1rea de servi\u00e7o<\/p>\n<\/li>\n<li class=\"\" data-start=\"277\" data-end=\"347\">\n<p class=\"\" data-start=\"279\" data-end=\"347\"><strong data-start=\"279\" data-end=\"289\">Lazer:<\/strong> Piscina, \u00e1rea gourmet, garagem espa\u00e7osa, \u00e1rea para festas<\/p>\n<\/li>\n<li class=\"\" data-start=\"348\" data-end=\"429\">\n<p class=\"\" data-start=\"350\" data-end=\"429\"><strong data-start=\"350\" data-end=\"361\">Extras:<\/strong> Criadouro de peixes, \u00e1gua corrente, \u00e1rea para plantio (horta\/pomar)<\/p>\n<\/li>\n<\/ul>\n<p class=\"\" data-start=\"431\" data-end=\"509\"><strong data-start=\"431\" data-end=\"447\">Localiza\u00e7\u00e3o:<\/strong> Av. Dr. Sylvio Menicucci, 234 A, Ign\u00e1cio Valentim \u2013 Lavras\/MG<\/p>\n<p class=\"\" data-start=\"511\" data-end=\"601\"><strong data-start=\"511\" data-end=\"523\">Contato:<\/strong><br data-start=\"523\" data-end=\"526\" \/>\ud83d\udcde (35) 9197-7824 \u2013 Marcus Vinicius (Consultor Imobili\u00e1rio)<br data-start=\"585\" data-end=\"588\" \/>CRECI PJ 9205<\/p>\n","protected":false},"excerpt":{"rendered":"<p>Casa para Venda &#8211; 5.000 m\u00b2 no Bairro Ign\u00e1cio Valentim Espa\u00e7osa casa em terreno de 5.000 m\u00b2, com \u00e1rea de lazer completa e muito mais. Detalhes: Valor: R$ 280.000 Ambientes: 3 dormit\u00f3rios, sala aconchegante, cozinha ampla, banheiro moderno, \u00e1rea de servi\u00e7o Lazer: Piscina, \u00e1rea gourmet, garagem espa\u00e7osa, \u00e1rea para festas Extras: Criadouro de peixes, \u00e1gua [&hellip;]<\/p>\n","protected":false},"featured_media":3747,"template":"","meta":[],"product_brand":[],"product_cat":[34,55],"product_tag":[118],"class_list":{"0":"post-3746","1":"product","2":"type-product","3":"status-publish","4":"has-post-thumbnail","6":"product_cat-casas","7":"product_cat-venda","8":"product_tag-vd7-185","10":"first","11":"instock","12":"sale","13":"shipping-taxable","14":"purchasable","15":"product-type-simple"},"_links":{"self":[{"href":"https:\/\/euacholavras.com.br\/index.php?rest_route=\/wp\/v2\/product\/3746","targetHints":{"allow":["GET"]}}],"collection":[{"href":"https:\/\/euacholavras.com.br\/index.php?rest_route=\/wp\/v2\/product"}],"about":[{"href":"https:\/\/euacholavras.com.br\/index.php?rest_route=\/wp\/v2\/types\/product"}],"wp:featuredmedia":[{"embeddable":true,"href":"https:\/\/euacholavras.com.br\/index.php?rest_route=\/wp\/v2\/media\/3747"}],"wp:attachment":[{"href":"https:\/\/euacholavras.com.br\/index.php?rest_route=%2Fwp%2Fv2%2Fmedia&parent=3746"}],"wp:term":[{"taxonomy":"product_brand","embeddable":true,"href":"https:\/\/euacholavras.com.br\/index.php?rest_route=%2Fwp%2Fv2%2Fproduct_brand&post=3746"},{"taxonomy":"product_cat","embeddable":true,"href":"https:\/\/euacholavras.com.br\/index.php?rest_route=%2Fwp%2Fv2%2Fproduct_cat&post=3746"},{"taxonomy":"product_tag","embeddable":true,"href":"https:\/\/euacholavras.com.br\/index.php?rest_route=%2Fwp%2Fv2%2Fproduct_tag&post=3746"}],"curies":[{"name":"wp","href":"https:\/\/api.w.org\/{rel}","templated":true}]}}