{"id":3762,"date":"2025-03-28T14:42:28","date_gmt":"2025-03-28T14:42:28","guid":{"rendered":"https:\/\/euacholavras.com.br\/?post_type=product&#038;p=3762"},"modified":"2025-03-28T16:03:01","modified_gmt":"2025-03-28T16:03:01","slug":"apartamento-a-venda-colinas-serra","status":"publish","type":"product","link":"https:\/\/euacholavras.com.br\/?product=apartamento-a-venda-colinas-serra","title":{"rendered":"Apartamento \u00e0 Venda &#8211; Colinas (Serra)"},"content":{"rendered":"<p class=\"\" data-start=\"0\" data-end=\"41\"><strong data-start=\"0\" data-end=\"41\">Apartamento \u00e0 Venda &#8211; Colinas (Serra)<\/strong><\/p>\n<p class=\"\" data-start=\"43\" data-end=\"212\">Apartamento de <strong data-start=\"58\" data-end=\"75\">2 dormit\u00f3rios<\/strong>, <strong data-start=\"77\" data-end=\"96\">cozinha pr\u00e1tica<\/strong>, <strong data-start=\"98\" data-end=\"112\">sala ampla<\/strong>, <strong data-start=\"114\" data-end=\"135\">banheiro renovado<\/strong>, garagem e \u00e1rea de lazer com parquinho, em <strong data-start=\"179\" data-end=\"211\">condom\u00ednio familiar e seguro<\/strong>.<\/p>\n<p class=\"\" data-start=\"214\" data-end=\"235\"><strong data-start=\"214\" data-end=\"224\">Valor:<\/strong> R$ 210.000<\/p>\n<p class=\"\" data-start=\"237\" data-end=\"251\"><strong data-start=\"237\" data-end=\"251\">Destaques:<\/strong><\/p>\n<ul data-start=\"252\" data-end=\"355\">\n<li class=\"\" data-start=\"252\" data-end=\"284\">\n<p class=\"\" data-start=\"254\" data-end=\"284\"><strong data-start=\"254\" data-end=\"284\">Condom\u00ednio bem estruturado<\/strong><\/p>\n<\/li>\n<li class=\"\" data-start=\"285\" data-end=\"320\">\n<p class=\"\" data-start=\"287\" data-end=\"320\"><strong data-start=\"287\" data-end=\"320\">Ambiente familiar e tranquilo<\/strong><\/p>\n<\/li>\n<li class=\"\" data-start=\"321\" data-end=\"355\">\n<p class=\"\" data-start=\"323\" data-end=\"355\">Pr\u00f3ximo a com\u00e9rcios e transporte<\/p>\n<\/li>\n<\/ul>\n<p class=\"\" data-start=\"357\" data-end=\"447\"><strong data-start=\"357\" data-end=\"369\">Contato:<\/strong><br data-start=\"369\" data-end=\"372\" \/>\ud83d\udcde (35) 9197-7824 \u2013 Marcus Vinicius (Consultor Imobili\u00e1rio)<br data-start=\"431\" data-end=\"434\" \/>CRECI PJ 9205<\/p>\n","protected":false},"excerpt":{"rendered":"<p>Apartamento \u00e0 Venda &#8211; Colinas (Serra) Apartamento de 2 dormit\u00f3rios, cozinha pr\u00e1tica, sala ampla, banheiro renovado, garagem e \u00e1rea de lazer com parquinho, em condom\u00ednio familiar e seguro. Valor: R$ 210.000 Destaques: Condom\u00ednio bem estruturado Ambiente familiar e tranquilo Pr\u00f3ximo a com\u00e9rcios e transporte Contato:\ud83d\udcde (35) 9197-7824 \u2013 Marcus Vinicius (Consultor Imobili\u00e1rio)CRECI PJ 9205<\/p>\n","protected":false},"featured_media":3763,"template":"","meta":[],"product_brand":[],"product_cat":[36,55],"product_tag":[117],"class_list":{"0":"post-3762","1":"product","2":"type-product","3":"status-publish","4":"has-post-thumbnail","6":"product_cat-apartamento","7":"product_cat-venda","8":"product_tag-vd7-184","10":"first","11":"instock","12":"sale","13":"shipping-taxable","14":"purchasable","15":"product-type-simple"},"_links":{"self":[{"href":"https:\/\/euacholavras.com.br\/index.php?rest_route=\/wp\/v2\/product\/3762","targetHints":{"allow":["GET"]}}],"collection":[{"href":"https:\/\/euacholavras.com.br\/index.php?rest_route=\/wp\/v2\/product"}],"about":[{"href":"https:\/\/euacholavras.com.br\/index.php?rest_route=\/wp\/v2\/types\/product"}],"wp:featuredmedia":[{"embeddable":true,"href":"https:\/\/euacholavras.com.br\/index.php?rest_route=\/wp\/v2\/media\/3763"}],"wp:attachment":[{"href":"https:\/\/euacholavras.com.br\/index.php?rest_route=%2Fwp%2Fv2%2Fmedia&parent=3762"}],"wp:term":[{"taxonomy":"product_brand","embeddable":true,"href":"https:\/\/euacholavras.com.br\/index.php?rest_route=%2Fwp%2Fv2%2Fproduct_brand&post=3762"},{"taxonomy":"product_cat","embeddable":true,"href":"https:\/\/euacholavras.com.br\/index.php?rest_route=%2Fwp%2Fv2%2Fproduct_cat&post=3762"},{"taxonomy":"product_tag","embeddable":true,"href":"https:\/\/euacholavras.com.br\/index.php?rest_route=%2Fwp%2Fv2%2Fproduct_tag&post=3762"}],"curies":[{"name":"wp","href":"https:\/\/api.w.org\/{rel}","templated":true}]}}