{"id":3871,"date":"2025-04-15T18:09:06","date_gmt":"2025-04-15T18:09:06","guid":{"rendered":"https:\/\/euacholavras.com.br\/?post_type=product&#038;p=3871"},"modified":"2025-04-15T18:09:06","modified_gmt":"2025-04-15T18:09:06","slug":"lote-de-300m%c2%b2-a-venda-bairro-dos-ipes","status":"publish","type":"product","link":"https:\/\/euacholavras.com.br\/?product=lote-de-300m%c2%b2-a-venda-bairro-dos-ipes","title":{"rendered":"LOTE DE 300m\u00b2 \u00c0 VENDA &#8211; BAIRRO DOS IP\u00caS"},"content":{"rendered":"<p>\ud83d\udccd *Localiza\u00e7\u00e3o:* Rua Francisco de Paula (paralela \u00e0 Perimetral)<br \/>\n\ud83d\udcb0 *Valor:* R$ 300.000,00<\/p>\n<p>\u2714\ufe0f *Excelente localiza\u00e7\u00e3o:* pr\u00f3ximo a supermercados, farm\u00e1cia, padaria e escola.<br \/>\n\u2714\ufe0f *Rua tranquila e bem localizada*, f\u00e1cil acesso \u00e0 Perimetral.<br \/>\n\u2714\ufe0f *Terreno regular*, \u00f3timo para construir seu sonho ou investimento.<br \/>\n\ud83d\udccc *Diferencial:* Possui *figurinhas interativas* (verifique no local).<\/p>\n<p>\ud83d\udcf2 *Interessados?* Entre em contato e agende sua visita! \u00d3tima oportunidade!<\/p>\n<p>*N\u00e3o perca essa chance! \u00d3timo para morar ou investir!*<\/p>\n","protected":false},"excerpt":{"rendered":"<p>\ud83d\udccd *Localiza\u00e7\u00e3o:* Rua Francisco de Paula (paralela \u00e0 Perimetral) \ud83d\udcb0 *Valor:* R$ 300.000,00 \u2714\ufe0f *Excelente localiza\u00e7\u00e3o:* pr\u00f3ximo a supermercados, farm\u00e1cia, padaria e escola. \u2714\ufe0f *Rua tranquila e bem localizada*, f\u00e1cil acesso \u00e0 Perimetral. \u2714\ufe0f *Terreno regular*, \u00f3timo para construir seu sonho ou investimento. \ud83d\udccc *Diferencial:* Possui *figurinhas interativas* (verifique no local). \ud83d\udcf2 *Interessados?* Entre em [&hellip;]<\/p>\n","protected":false},"featured_media":3872,"template":"","meta":[],"product_brand":[],"product_cat":[20],"product_tag":[],"class_list":{"0":"post-3871","1":"product","2":"type-product","3":"status-publish","4":"has-post-thumbnail","6":"product_cat-sem-categoria","8":"first","9":"instock","10":"shipping-taxable","11":"purchasable","12":"product-type-simple"},"_links":{"self":[{"href":"https:\/\/euacholavras.com.br\/index.php?rest_route=\/wp\/v2\/product\/3871","targetHints":{"allow":["GET"]}}],"collection":[{"href":"https:\/\/euacholavras.com.br\/index.php?rest_route=\/wp\/v2\/product"}],"about":[{"href":"https:\/\/euacholavras.com.br\/index.php?rest_route=\/wp\/v2\/types\/product"}],"wp:featuredmedia":[{"embeddable":true,"href":"https:\/\/euacholavras.com.br\/index.php?rest_route=\/wp\/v2\/media\/3872"}],"wp:attachment":[{"href":"https:\/\/euacholavras.com.br\/index.php?rest_route=%2Fwp%2Fv2%2Fmedia&parent=3871"}],"wp:term":[{"taxonomy":"product_brand","embeddable":true,"href":"https:\/\/euacholavras.com.br\/index.php?rest_route=%2Fwp%2Fv2%2Fproduct_brand&post=3871"},{"taxonomy":"product_cat","embeddable":true,"href":"https:\/\/euacholavras.com.br\/index.php?rest_route=%2Fwp%2Fv2%2Fproduct_cat&post=3871"},{"taxonomy":"product_tag","embeddable":true,"href":"https:\/\/euacholavras.com.br\/index.php?rest_route=%2Fwp%2Fv2%2Fproduct_tag&post=3871"}],"curies":[{"name":"wp","href":"https:\/\/api.w.org\/{rel}","templated":true}]}}