{"id":3876,"date":"2025-04-16T14:05:39","date_gmt":"2025-04-16T14:05:39","guid":{"rendered":"https:\/\/euacholavras.com.br\/?post_type=product&#038;p=3876"},"modified":"2025-04-16T18:07:11","modified_gmt":"2025-04-16T18:07:11","slug":"lote-a-venda-195-m%c2%b2-bairro-lavrinhas","status":"publish","type":"product","link":"https:\/\/euacholavras.com.br\/?product=lote-a-venda-195-m%c2%b2-bairro-lavrinhas","title":{"rendered":"LOTE \u00c0 VENDA 195 M\u00b2 &#8211; BAIRRO LAVRINHAS"},"content":{"rendered":"<p>Lote \u00e0 Venda no Bairro Lavrinhas, Lavras \u2013 Oportunidade Imperd\u00edvel!<\/p>\n<p>Um cantinho especial para construir seu sonho! \ud83c\udfe1\u2728<\/p>\n<p>Lote de 195 m\u00b2 localizado no tranquilo bairro Lavrinhas, em Lavras. Por apenas R$ 35.000 \ud83d\ude31\ud83d\ude31\ud83d\ude31, essa \u00e9 uma chance \u00fanica de garantir seu espa\u00e7o. \ud83c\udf33\ud83d\udcc8<\/p>\n<p>\u00d3tima localiza\u00e7\u00e3o, perto de com\u00e9rcios, escolas e com f\u00e1cil acesso ao centro. Ideal para quem busca tranquilidade e valoriza\u00e7\u00e3o! \ufffd\ud83d\udca8<\/p>\n<p>N\u00e3o perca essa oportunidade! \ud83d\udce2<\/p>\n<p>Interessados podem entrar em contato para mais informa\u00e7\u00f5es. \ud83d\udce9\ud83d\udd0d<\/p>\n<p>Sua casa come\u00e7a aqui! \ud83c\udfd7\ufe0f\ud83d\udcab<\/p>\n<p>C\u00d3DIGO VD7 &#8211; 186<\/p>\n","protected":false},"excerpt":{"rendered":"<p>Lote \u00e0 Venda no Bairro Lavrinhas, Lavras \u2013 Oportunidade Imperd\u00edvel! Um cantinho especial para construir seu sonho! \ud83c\udfe1\u2728 Lote de 195 m\u00b2 localizado no tranquilo bairro Lavrinhas, em Lavras. Por apenas R$ 35.000 \ud83d\ude31\ud83d\ude31\ud83d\ude31, essa \u00e9 uma chance \u00fanica de garantir seu espa\u00e7o. \ud83c\udf33\ud83d\udcc8 \u00d3tima localiza\u00e7\u00e3o, perto de com\u00e9rcios, escolas e com f\u00e1cil acesso ao [&hellip;]<\/p>\n","protected":false},"featured_media":3877,"template":"","meta":[],"product_brand":[],"product_cat":[53,55],"product_tag":[124],"class_list":{"0":"post-3876","1":"product","2":"type-product","3":"status-publish","4":"has-post-thumbnail","6":"product_cat-lotes","7":"product_cat-venda","8":"product_tag-codigo-vd7-186","10":"first","11":"instock","12":"shipping-taxable","13":"purchasable","14":"product-type-simple"},"_links":{"self":[{"href":"https:\/\/euacholavras.com.br\/index.php?rest_route=\/wp\/v2\/product\/3876","targetHints":{"allow":["GET"]}}],"collection":[{"href":"https:\/\/euacholavras.com.br\/index.php?rest_route=\/wp\/v2\/product"}],"about":[{"href":"https:\/\/euacholavras.com.br\/index.php?rest_route=\/wp\/v2\/types\/product"}],"wp:featuredmedia":[{"embeddable":true,"href":"https:\/\/euacholavras.com.br\/index.php?rest_route=\/wp\/v2\/media\/3877"}],"wp:attachment":[{"href":"https:\/\/euacholavras.com.br\/index.php?rest_route=%2Fwp%2Fv2%2Fmedia&parent=3876"}],"wp:term":[{"taxonomy":"product_brand","embeddable":true,"href":"https:\/\/euacholavras.com.br\/index.php?rest_route=%2Fwp%2Fv2%2Fproduct_brand&post=3876"},{"taxonomy":"product_cat","embeddable":true,"href":"https:\/\/euacholavras.com.br\/index.php?rest_route=%2Fwp%2Fv2%2Fproduct_cat&post=3876"},{"taxonomy":"product_tag","embeddable":true,"href":"https:\/\/euacholavras.com.br\/index.php?rest_route=%2Fwp%2Fv2%2Fproduct_tag&post=3876"}],"curies":[{"name":"wp","href":"https:\/\/api.w.org\/{rel}","templated":true}]}}