{"id":3898,"date":"2025-04-28T14:03:23","date_gmt":"2025-04-28T14:03:23","guid":{"rendered":"https:\/\/euacholavras.com.br\/?post_type=product&#038;p=3898"},"modified":"2025-04-28T14:03:23","modified_gmt":"2025-04-28T14:03:23","slug":"casa-para-aluguel-centro-de-lavras","status":"publish","type":"product","link":"https:\/\/euacholavras.com.br\/?product=casa-para-aluguel-centro-de-lavras","title":{"rendered":"Casa para Aluguel &#8211; Centro de Lavras"},"content":{"rendered":"<p>Localiza\u00e7\u00e3o perfeita! A dois passos do Robinho Lanches, no cora\u00e7\u00e3o da cidade!<\/p>\n<p>\u2728 Detalhes do im\u00f3vel:<br \/>\n&#8211; \ud83d\udecf\ufe0f 2 dormit\u00f3rios aconchegantes<br \/>\n&#8211; \ud83d\udecb\ufe0f Sala de estar ampla<br \/>\n&#8211; \ud83c\udf73 Cozinha pr\u00e1tica e funcional<br \/>\n&#8211; \ud83d\udebf Banheiro completo<br \/>\n&#8211; \ud83e\uddfa \u00c1rea de servi\u00e7o espa\u00e7osa<br \/>\n&#8211; \ud83c\udf33 Quintal ideal para relaxar ou receber amigos<\/p>\n<p>\ud83d\udcb0 Valor: R$ 1.200\/m\u00eas<\/p>\n<p>\ud83d\udcf2 Interessados podem entrar em contato para agendar uma visita!<\/p>\n<p>\ud83c\udfe0 Aproveite essa oportunidade e morade no melhor lugar de Lavras! \ud83d\udc96<\/p>\n<p>\ud83d\udd39 Praticidade<br \/>\n\ud83d\udd39 Conforto<br \/>\n\ud83d\udd39 Localiza\u00e7\u00e3o privilegiada<\/p>\n<p>\ud83d\udcac Chame no WhatsApp e vem conhecer! \ud83d\ude0a<\/p>\n<p>C\u00d3DIGO CS2 &#8211; 187<\/p>\n<p>\ud83d\udcf1(35) 9197-7824 &#8211; Marcus Vinicius &#8211; Consultor imobili\u00e1rio.<\/p>\n<p>Estamos na Av. Dr. Sylvio Menicucci, 234 A, Ign\u00e1cio Valentim &#8211; Lavras, Mg. \ud83d\udccc<\/p>\n<p>\ud83d\udc68\u200d\ud83d\udcbc\ud83c\udfe0 CRECI PJ &#8211; 9205<\/p>\n","protected":false},"excerpt":{"rendered":"<p>Localiza\u00e7\u00e3o perfeita! A dois passos do Robinho Lanches, no cora\u00e7\u00e3o da cidade! \u2728 Detalhes do im\u00f3vel: &#8211; \ud83d\udecf\ufe0f 2 dormit\u00f3rios aconchegantes &#8211; \ud83d\udecb\ufe0f Sala de estar ampla &#8211; \ud83c\udf73 Cozinha pr\u00e1tica e funcional &#8211; \ud83d\udebf Banheiro completo &#8211; \ud83e\uddfa \u00c1rea de servi\u00e7o espa\u00e7osa &#8211; \ud83c\udf33 Quintal ideal para relaxar ou receber amigos \ud83d\udcb0 Valor: R$ [&hellip;]<\/p>\n","protected":false},"featured_media":3899,"template":"","meta":[],"product_brand":[],"product_cat":[54,34],"product_tag":[126],"class_list":{"0":"post-3898","1":"product","2":"type-product","3":"status-publish","4":"has-post-thumbnail","6":"product_cat-aluguel","7":"product_cat-casas","8":"product_tag-cs2-187","10":"first","11":"instock","12":"shipping-taxable","13":"purchasable","14":"product-type-simple"},"_links":{"self":[{"href":"https:\/\/euacholavras.com.br\/index.php?rest_route=\/wp\/v2\/product\/3898","targetHints":{"allow":["GET"]}}],"collection":[{"href":"https:\/\/euacholavras.com.br\/index.php?rest_route=\/wp\/v2\/product"}],"about":[{"href":"https:\/\/euacholavras.com.br\/index.php?rest_route=\/wp\/v2\/types\/product"}],"wp:featuredmedia":[{"embeddable":true,"href":"https:\/\/euacholavras.com.br\/index.php?rest_route=\/wp\/v2\/media\/3899"}],"wp:attachment":[{"href":"https:\/\/euacholavras.com.br\/index.php?rest_route=%2Fwp%2Fv2%2Fmedia&parent=3898"}],"wp:term":[{"taxonomy":"product_brand","embeddable":true,"href":"https:\/\/euacholavras.com.br\/index.php?rest_route=%2Fwp%2Fv2%2Fproduct_brand&post=3898"},{"taxonomy":"product_cat","embeddable":true,"href":"https:\/\/euacholavras.com.br\/index.php?rest_route=%2Fwp%2Fv2%2Fproduct_cat&post=3898"},{"taxonomy":"product_tag","embeddable":true,"href":"https:\/\/euacholavras.com.br\/index.php?rest_route=%2Fwp%2Fv2%2Fproduct_tag&post=3898"}],"curies":[{"name":"wp","href":"https:\/\/api.w.org\/{rel}","templated":true}]}}