{"id":3944,"date":"2025-05-08T13:33:28","date_gmt":"2025-05-08T13:33:28","guid":{"rendered":"https:\/\/euacholavras.com.br\/?post_type=product&#038;p=3944"},"modified":"2025-05-08T13:33:28","modified_gmt":"2025-05-08T13:33:28","slug":"imovel-comercial-para-locacao-no-centro-de-lavras","status":"publish","type":"product","link":"https:\/\/euacholavras.com.br\/?product=imovel-comercial-para-locacao-no-centro-de-lavras","title":{"rendered":"Im\u00f3vel Comercial para Loca\u00e7\u00e3o no Centro de Lavras"},"content":{"rendered":"<p>Localiza\u00e7\u00e3o privilegiada no cora\u00e7\u00e3o da cidade, ideal para lojas, escrit\u00f3rios ou sal\u00f5es!<\/p>\n<p>\ud83d\udccf 50 m\u00b2 com:<br \/>\n\ud83d\udebd 2 banheiros<br \/>\n\ud83c\udf73 Cozinha<br \/>\n\ud83d\udce6 \u00c1rea para estoque<br \/>\n\ud83e\uddfa \u00c1rea de servi\u00e7o<br \/>\n\ud83d\ude97 Vagas de estacionamento em frente<\/p>\n<p>\ud83d\udcb0 Valor: R$ 6.000\/m\u00eas<\/p>\n<p>\ud83d\udcf1 (35) 9197-7824 &#8211; Marcus Vinicius &#8211; Consultor Imobili\u00e1rio \ud83d\udc68\u200d\ud83d\udcbc\ud83c\udfe0<\/p>\n<p>\ud83d\udccc CRECI PJ &#8211; 9205<\/p>\n<p>\ud83c\udfe2 Estamos na Av. Dr. Sylvio Menicucci, 234 A, Ign\u00e1cio Valentim &#8211; Lavras, MG<\/p>\n","protected":false},"excerpt":{"rendered":"<p>Localiza\u00e7\u00e3o privilegiada no cora\u00e7\u00e3o da cidade, ideal para lojas, escrit\u00f3rios ou sal\u00f5es! \ud83d\udccf 50 m\u00b2 com: \ud83d\udebd 2 banheiros \ud83c\udf73 Cozinha \ud83d\udce6 \u00c1rea para estoque \ud83e\uddfa \u00c1rea de servi\u00e7o \ud83d\ude97 Vagas de estacionamento em frente \ud83d\udcb0 Valor: R$ 6.000\/m\u00eas \ud83d\udcf1 (35) 9197-7824 &#8211; Marcus Vinicius &#8211; Consultor Imobili\u00e1rio \ud83d\udc68\u200d\ud83d\udcbc\ud83c\udfe0 \ud83d\udccc CRECI PJ &#8211; 9205 \ud83c\udfe2 [&hellip;]<\/p>\n","protected":false},"featured_media":3945,"template":"","meta":[],"product_brand":[],"product_cat":[54,52],"product_tag":[130],"class_list":{"0":"post-3944","1":"product","2":"type-product","3":"status-publish","4":"has-post-thumbnail","6":"product_cat-aluguel","7":"product_cat-pontoscomerciais","8":"product_tag-cm3-191","10":"first","11":"instock","12":"shipping-taxable","13":"purchasable","14":"product-type-simple"},"_links":{"self":[{"href":"https:\/\/euacholavras.com.br\/index.php?rest_route=\/wp\/v2\/product\/3944","targetHints":{"allow":["GET"]}}],"collection":[{"href":"https:\/\/euacholavras.com.br\/index.php?rest_route=\/wp\/v2\/product"}],"about":[{"href":"https:\/\/euacholavras.com.br\/index.php?rest_route=\/wp\/v2\/types\/product"}],"wp:featuredmedia":[{"embeddable":true,"href":"https:\/\/euacholavras.com.br\/index.php?rest_route=\/wp\/v2\/media\/3945"}],"wp:attachment":[{"href":"https:\/\/euacholavras.com.br\/index.php?rest_route=%2Fwp%2Fv2%2Fmedia&parent=3944"}],"wp:term":[{"taxonomy":"product_brand","embeddable":true,"href":"https:\/\/euacholavras.com.br\/index.php?rest_route=%2Fwp%2Fv2%2Fproduct_brand&post=3944"},{"taxonomy":"product_cat","embeddable":true,"href":"https:\/\/euacholavras.com.br\/index.php?rest_route=%2Fwp%2Fv2%2Fproduct_cat&post=3944"},{"taxonomy":"product_tag","embeddable":true,"href":"https:\/\/euacholavras.com.br\/index.php?rest_route=%2Fwp%2Fv2%2Fproduct_tag&post=3944"}],"curies":[{"name":"wp","href":"https:\/\/api.w.org\/{rel}","templated":true}]}}