{"id":3960,"date":"2025-05-09T13:32:15","date_gmt":"2025-05-09T13:32:15","guid":{"rendered":"https:\/\/euacholavras.com.br\/?post_type=product&#038;p=3960"},"modified":"2025-05-09T13:43:10","modified_gmt":"2025-05-09T13:43:10","slug":"lote-a-venda-no-condominio-ilha-brasil-ii-75862-m%c2%b2","status":"publish","type":"product","link":"https:\/\/euacholavras.com.br\/?product=lote-a-venda-no-condominio-ilha-brasil-ii-75862-m%c2%b2","title":{"rendered":"Lote \u00e0 venda no Condom\u00ednio Ilha Brasil II \u2013 758,62 m\u00b2"},"content":{"rendered":"<p>Realize o sonho de viver ou relaxar aos finais de semana em um dos condom\u00ednios mais desejados da regi\u00e3o!<\/p>\n<p>Este excelente lote de 758,62 m\u00b2 est\u00e1 localizado no Condom\u00ednio Ilha Brasil, conhecido por seu ambiente tranquilo, seguro e rodeado por casas de alto padr\u00e3o. Ideal para construir a casa dos seus sonhos, seja para moradia ou lazer.<\/p>\n<p>Diferenciais do condom\u00ednio:<\/p>\n<p>Acesso exclusivo \u00e0 Represa do Funil com pier para embarca\u00e7\u00f5es<\/p>\n<p>Quadras de t\u00eanis<\/p>\n<p>Infraestrutura de alto n\u00edvel<\/p>\n<p>Contato direto com a natureza em uma localiza\u00e7\u00e3o privilegiada<\/p>\n<p>Tudo isso por apenas R$ 220.000,00!<\/p>\n<p>Voc\u00ea e sua fam\u00edlia merecem viver ou descansar em um lugar assim.<br \/>\nAgende uma visita e descubra por que o Ilha Brasil \u00e9 t\u00e3o especial.<\/p>\n","protected":false},"excerpt":{"rendered":"<p>Realize o sonho de viver ou relaxar aos finais de semana em um dos condom\u00ednios mais desejados da regi\u00e3o! Este excelente lote de 758,62 m\u00b2 est\u00e1 localizado no Condom\u00ednio Ilha Brasil, conhecido por seu ambiente tranquilo, seguro e rodeado por casas de alto padr\u00e3o. Ideal para construir a casa dos seus sonhos, seja para moradia [&hellip;]<\/p>\n","protected":false},"featured_media":3961,"template":"","meta":[],"product_brand":[],"product_cat":[53,55],"product_tag":[131],"class_list":{"0":"post-3960","1":"product","2":"type-product","3":"status-publish","4":"has-post-thumbnail","6":"product_cat-lotes","7":"product_cat-venda","8":"product_tag-vd7-192","10":"first","11":"instock","12":"shipping-taxable","13":"purchasable","14":"product-type-simple"},"_links":{"self":[{"href":"https:\/\/euacholavras.com.br\/index.php?rest_route=\/wp\/v2\/product\/3960","targetHints":{"allow":["GET"]}}],"collection":[{"href":"https:\/\/euacholavras.com.br\/index.php?rest_route=\/wp\/v2\/product"}],"about":[{"href":"https:\/\/euacholavras.com.br\/index.php?rest_route=\/wp\/v2\/types\/product"}],"wp:featuredmedia":[{"embeddable":true,"href":"https:\/\/euacholavras.com.br\/index.php?rest_route=\/wp\/v2\/media\/3961"}],"wp:attachment":[{"href":"https:\/\/euacholavras.com.br\/index.php?rest_route=%2Fwp%2Fv2%2Fmedia&parent=3960"}],"wp:term":[{"taxonomy":"product_brand","embeddable":true,"href":"https:\/\/euacholavras.com.br\/index.php?rest_route=%2Fwp%2Fv2%2Fproduct_brand&post=3960"},{"taxonomy":"product_cat","embeddable":true,"href":"https:\/\/euacholavras.com.br\/index.php?rest_route=%2Fwp%2Fv2%2Fproduct_cat&post=3960"},{"taxonomy":"product_tag","embeddable":true,"href":"https:\/\/euacholavras.com.br\/index.php?rest_route=%2Fwp%2Fv2%2Fproduct_tag&post=3960"}],"curies":[{"name":"wp","href":"https:\/\/api.w.org\/{rel}","templated":true}]}}