{"id":4206,"date":"2025-07-23T14:34:14","date_gmt":"2025-07-23T14:34:14","guid":{"rendered":"https:\/\/euacholavras.com.br\/?post_type=product&#038;p=4206"},"modified":"2026-01-08T21:23:58","modified_gmt":"2026-01-08T21:23:58","slug":"casa-a-venda-no-bairro-dona-wanda-excelente-localizacao","status":"publish","type":"product","link":"https:\/\/euacholavras.com.br\/?product=casa-a-venda-no-bairro-dona-wanda-excelente-localizacao","title":{"rendered":"Casa \u00e0 Venda no Bairro Dona Wanda \u2013 Excelente Localiza\u00e7\u00e3o!"},"content":{"rendered":"<p data-start=\"135\" data-end=\"230\">Se voc\u00ea procura conforto, praticidade e uma localiza\u00e7\u00e3o tranquila, essa \u00e9 a oportunidade ideal!<\/p>\n<p data-start=\"232\" data-end=\"264\">\u2728 <strong data-start=\"234\" data-end=\"264\">Caracter\u00edsticas do im\u00f3vel:<\/strong><\/p>\n<ul data-start=\"265\" data-end=\"460\">\n<li data-start=\"265\" data-end=\"297\">\n<p data-start=\"267\" data-end=\"297\">3 quartos, sendo 1 su\u00edte \ud83d\udecf\ufe0f<\/p>\n<\/li>\n<li data-start=\"298\" data-end=\"328\">\n<p data-start=\"300\" data-end=\"328\">Sala de TV aconchegante \ud83d\udcfa<\/p>\n<\/li>\n<li data-start=\"329\" data-end=\"358\">\n<p data-start=\"331\" data-end=\"358\">Copa e cozinha amplas \ud83c\udf7d\ufe0f<\/p>\n<\/li>\n<li data-start=\"359\" data-end=\"384\">\n<p data-start=\"361\" data-end=\"384\">Lavanderia coberta \ud83d\udebf<\/p>\n<\/li>\n<li data-start=\"385\" data-end=\"431\">\n<p data-start=\"387\" data-end=\"431\">Quintal funcional e de f\u00e1cil manuten\u00e7\u00e3o \ud83c\udf3f<\/p>\n<\/li>\n<li data-start=\"432\" data-end=\"460\">\n<p data-start=\"434\" data-end=\"460\">Garagem para 2 carros \ud83d\ude97\ud83d\ude97<\/p>\n<\/li>\n<\/ul>\n<p data-start=\"462\" data-end=\"604\">\ud83d\udccd <strong data-start=\"465\" data-end=\"494\">Localiza\u00e7\u00e3o privilegiada!<\/strong><br data-start=\"494\" data-end=\"497\" \/>Pr\u00f3xima ao posto de sa\u00fade do bairro Dona Wanda, com f\u00e1cil acesso a com\u00e9rcios, escolas e servi\u00e7os da regi\u00e3o.<\/p>\n","protected":false},"excerpt":{"rendered":"<p>Se voc\u00ea procura conforto, praticidade e uma localiza\u00e7\u00e3o tranquila, essa \u00e9 a oportunidade ideal! \u2728 Caracter\u00edsticas do im\u00f3vel: 3 quartos, sendo 1 su\u00edte \ud83d\udecf\ufe0f Sala de TV aconchegante \ud83d\udcfa Copa e cozinha amplas \ud83c\udf7d\ufe0f Lavanderia coberta \ud83d\udebf Quintal funcional e de f\u00e1cil manuten\u00e7\u00e3o \ud83c\udf3f Garagem para 2 carros \ud83d\ude97\ud83d\ude97 \ud83d\udccd Localiza\u00e7\u00e3o privilegiada!Pr\u00f3xima ao posto de [&hellip;]<\/p>\n","protected":false},"featured_media":4207,"template":"","meta":[],"product_brand":[],"product_cat":[34,55],"product_tag":[],"class_list":{"0":"post-4206","1":"product","2":"type-product","3":"status-publish","4":"has-post-thumbnail","6":"product_cat-casas","7":"product_cat-venda","9":"first","10":"instock","11":"shipping-taxable","12":"purchasable","13":"product-type-simple"},"_links":{"self":[{"href":"https:\/\/euacholavras.com.br\/index.php?rest_route=\/wp\/v2\/product\/4206","targetHints":{"allow":["GET"]}}],"collection":[{"href":"https:\/\/euacholavras.com.br\/index.php?rest_route=\/wp\/v2\/product"}],"about":[{"href":"https:\/\/euacholavras.com.br\/index.php?rest_route=\/wp\/v2\/types\/product"}],"wp:featuredmedia":[{"embeddable":true,"href":"https:\/\/euacholavras.com.br\/index.php?rest_route=\/wp\/v2\/media\/4207"}],"wp:attachment":[{"href":"https:\/\/euacholavras.com.br\/index.php?rest_route=%2Fwp%2Fv2%2Fmedia&parent=4206"}],"wp:term":[{"taxonomy":"product_brand","embeddable":true,"href":"https:\/\/euacholavras.com.br\/index.php?rest_route=%2Fwp%2Fv2%2Fproduct_brand&post=4206"},{"taxonomy":"product_cat","embeddable":true,"href":"https:\/\/euacholavras.com.br\/index.php?rest_route=%2Fwp%2Fv2%2Fproduct_cat&post=4206"},{"taxonomy":"product_tag","embeddable":true,"href":"https:\/\/euacholavras.com.br\/index.php?rest_route=%2Fwp%2Fv2%2Fproduct_tag&post=4206"}],"curies":[{"name":"wp","href":"https:\/\/api.w.org\/{rel}","templated":true}]}}