{"id":4261,"date":"2025-08-06T16:16:14","date_gmt":"2025-08-06T16:16:14","guid":{"rendered":"https:\/\/euacholavras.com.br\/?post_type=product&#038;p=4261"},"modified":"2025-08-06T16:16:15","modified_gmt":"2025-08-06T16:16:15","slug":"vende-se-ponto-comercial-excelente-oportunidade","status":"publish","type":"product","link":"https:\/\/euacholavras.com.br\/?product=vende-se-ponto-comercial-excelente-oportunidade","title":{"rendered":"VENDE-SE PONTO COMERCIAL \u2013 EXCELENTE OPORTUNIDADE!"},"content":{"rendered":"<p>Bairro Pitangui \u2013 Esquina | Lote de 240m\u00b2<br \/>\n\ud83d\udcb0 Valor: R$ 260.000,00<\/p>\n<p>Est\u00e1 procurando um investimento pronto para gerar retorno imediato? Esta \u00e9 a chance perfeita para voc\u00ea!<\/p>\n<p>\u2705 Destaques do im\u00f3vel:<\/p>\n<p>Ponto comercial j\u00e1 funcionando com clientela formada<\/p>\n<p>Localiza\u00e7\u00e3o estrat\u00e9gica, em esquina movimentada<\/p>\n<p>Lote com 240m\u00b2, com espa\u00e7o para amplia\u00e7\u00e3o<\/p>\n<p>Ideal para diversos segmentos: mercearia, lanchonete, sal\u00e3o, distribuidora, entre outros<\/p>\n<p>Bairro Pitangui \u2013 regi\u00e3o de grande fluxo e f\u00e1cil acesso<\/p>\n<p>\ud83d\udcbc Estrutura pronta para continuar operando ou expandir conforme seu projeto!<\/p>\n<p>\ud83d\udcde Informa\u00e7\u00f5es e visitas:<br \/>\nDiego Carvalho<br \/>\n\ud83d\udcf1 (35) 99986-1087<br \/>\nCRECI: 55078 | CNAI: 48640<\/p>\n","protected":false},"excerpt":{"rendered":"<p>Bairro Pitangui \u2013 Esquina | Lote de 240m\u00b2 \ud83d\udcb0 Valor: R$ 260.000,00 Est\u00e1 procurando um investimento pronto para gerar retorno imediato? Esta \u00e9 a chance perfeita para voc\u00ea! \u2705 Destaques do im\u00f3vel: Ponto comercial j\u00e1 funcionando com clientela formada Localiza\u00e7\u00e3o estrat\u00e9gica, em esquina movimentada Lote com 240m\u00b2, com espa\u00e7o para amplia\u00e7\u00e3o Ideal para diversos segmentos: [&hellip;]<\/p>\n","protected":false},"featured_media":4262,"template":"","meta":[],"product_brand":[],"product_cat":[34,55],"product_tag":[],"class_list":{"0":"post-4261","1":"product","2":"type-product","3":"status-publish","4":"has-post-thumbnail","6":"product_cat-casas","7":"product_cat-venda","9":"first","10":"instock","11":"shipping-taxable","12":"purchasable","13":"product-type-simple"},"_links":{"self":[{"href":"https:\/\/euacholavras.com.br\/index.php?rest_route=\/wp\/v2\/product\/4261","targetHints":{"allow":["GET"]}}],"collection":[{"href":"https:\/\/euacholavras.com.br\/index.php?rest_route=\/wp\/v2\/product"}],"about":[{"href":"https:\/\/euacholavras.com.br\/index.php?rest_route=\/wp\/v2\/types\/product"}],"wp:featuredmedia":[{"embeddable":true,"href":"https:\/\/euacholavras.com.br\/index.php?rest_route=\/wp\/v2\/media\/4262"}],"wp:attachment":[{"href":"https:\/\/euacholavras.com.br\/index.php?rest_route=%2Fwp%2Fv2%2Fmedia&parent=4261"}],"wp:term":[{"taxonomy":"product_brand","embeddable":true,"href":"https:\/\/euacholavras.com.br\/index.php?rest_route=%2Fwp%2Fv2%2Fproduct_brand&post=4261"},{"taxonomy":"product_cat","embeddable":true,"href":"https:\/\/euacholavras.com.br\/index.php?rest_route=%2Fwp%2Fv2%2Fproduct_cat&post=4261"},{"taxonomy":"product_tag","embeddable":true,"href":"https:\/\/euacholavras.com.br\/index.php?rest_route=%2Fwp%2Fv2%2Fproduct_tag&post=4261"}],"curies":[{"name":"wp","href":"https:\/\/api.w.org\/{rel}","templated":true}]}}