{"id":4274,"date":"2025-08-06T20:51:07","date_gmt":"2025-08-06T20:51:07","guid":{"rendered":"https:\/\/euacholavras.com.br\/?post_type=product&#038;p=4274"},"modified":"2026-01-08T13:10:31","modified_gmt":"2026-01-08T13:10:31","slug":"%f0%9f%8f%a2-apartamento-espacoso-e-completo-no-residencial-santana","status":"publish","type":"product","link":"https:\/\/euacholavras.com.br\/?product=%f0%9f%8f%a2-apartamento-espacoso-e-completo-no-residencial-santana","title":{"rendered":"Casa espa\u00e7oso e completo no Residencial Santana"},"content":{"rendered":"<p>\ud83c\udfe2 Apartamento espa\u00e7oso e completo no Residencial Santana \u2013 C\u00f3digo:<\/p>\n<p>Ideal para quem valoriza espa\u00e7o, conforto e praticidade em uma das regi\u00f5es mais valorizadas de Lavras\/MG! Perfeito para fam\u00edlias maiores ou para quem busca um lar com estrutura completa para morar bem.<\/p>\n<p>\u2728 Destaques do im\u00f3vel:<\/p>\n<p>\ud83d\udecf\ufe0f 3 Dormit\u00f3rios, sendo 1 su\u00edte<\/p>\n<p>\ud83e\uddf9 1 dormit\u00f3rio de governanta (ou quarto extra)<\/p>\n<p>\ud83d\udecb\ufe0f Sala ampla integrada \u00e0 sala de jantar \u2013 conforto e integra\u00e7\u00e3o para momentos em fam\u00edlia<\/p>\n<p>\ud83c\udf7d\ufe0f Cozinha com arm\u00e1rios planejados \u2013 praticidade no dia a dia<\/p>\n<p>\ud83c\udf56 \u00c1rea gourmet com churrasqueira \u2013 ideal para confraterniza\u00e7\u00f5es<\/p>\n<p>\ud83d\ude97 Garagem para at\u00e9 4 carros<\/p>\n<p>\ud83d\udebb 3 banheiros sociais \u2013 comodidade para toda a fam\u00edlia<\/p>\n<p>\ud83e\uddfa \u00c1rea de servi\u00e7o funcional<\/p>\n<p>\ud83c\udf05 Sacada em um dos quartos<\/p>\n<p>\ud83d\udd10 Port\u00e3o social eletr\u00f4nico e port\u00e3o eletr\u00f4nico da garagem<\/p>\n<p>\ud83d\udccd Localiza\u00e7\u00e3o: Bairro Residencial Santana \u2013 regi\u00e3o tranquila e de f\u00e1cil acesso, com \u00f3tima valoriza\u00e7\u00e3o.<\/p>\n<p>\ud83d\udcb0 Valores:<\/p>\n<p>Venda: R$ 960.000,00<\/p>\n<p>Aluguel: R$ 4.000,00\/m\u00eas<\/p>\n<p>\ud83d\udcf8 As fotos s\u00e3o ilustrativas e podem variar conforme a unidade dispon\u00edvel.<\/p>\n<p>\ud83d\udcf2 Fale com nosso consultor:<br \/>\nMarcus Vinicius \u2013 Consultor Imobili\u00e1rio<br \/>\n\ud83d\udcf1 (35) 9197-7824<br \/>\n\ud83d\udc68\u200d\ud83d\udcbc CRECI PJ \u2013 9205<\/p>\n<p>\ud83c\udfe2 Visite-nos:<br \/>\nAv. Dr. Sylvio Menicucci, 234 A \u2013 Ign\u00e1cio Valentim \u2013 Lavras\/MG \ud83d\udccc<\/p>\n<p>\ud83d\udd11 Seu novo lar est\u00e1 aqui! Agende j\u00e1 sua visita!<\/p>\n","protected":false},"excerpt":{"rendered":"<p>\ud83c\udfe2 Apartamento espa\u00e7oso e completo no Residencial Santana \u2013 C\u00f3digo: Ideal para quem valoriza espa\u00e7o, conforto e praticidade em uma das regi\u00f5es mais valorizadas de Lavras\/MG! Perfeito para fam\u00edlias maiores ou para quem busca um lar com estrutura completa para morar bem. \u2728 Destaques do im\u00f3vel: \ud83d\udecf\ufe0f 3 Dormit\u00f3rios, sendo 1 su\u00edte \ud83e\uddf9 1 dormit\u00f3rio [&hellip;]<\/p>\n","protected":false},"featured_media":4275,"template":"","meta":[],"product_brand":[],"product_cat":[54,34,55],"product_tag":[],"class_list":{"0":"post-4274","1":"product","2":"type-product","3":"status-publish","4":"has-post-thumbnail","6":"product_cat-aluguel","7":"product_cat-casas","8":"product_cat-venda","10":"first","11":"instock","12":"shipping-taxable","13":"purchasable","14":"product-type-simple"},"_links":{"self":[{"href":"https:\/\/euacholavras.com.br\/index.php?rest_route=\/wp\/v2\/product\/4274","targetHints":{"allow":["GET"]}}],"collection":[{"href":"https:\/\/euacholavras.com.br\/index.php?rest_route=\/wp\/v2\/product"}],"about":[{"href":"https:\/\/euacholavras.com.br\/index.php?rest_route=\/wp\/v2\/types\/product"}],"wp:featuredmedia":[{"embeddable":true,"href":"https:\/\/euacholavras.com.br\/index.php?rest_route=\/wp\/v2\/media\/4275"}],"wp:attachment":[{"href":"https:\/\/euacholavras.com.br\/index.php?rest_route=%2Fwp%2Fv2%2Fmedia&parent=4274"}],"wp:term":[{"taxonomy":"product_brand","embeddable":true,"href":"https:\/\/euacholavras.com.br\/index.php?rest_route=%2Fwp%2Fv2%2Fproduct_brand&post=4274"},{"taxonomy":"product_cat","embeddable":true,"href":"https:\/\/euacholavras.com.br\/index.php?rest_route=%2Fwp%2Fv2%2Fproduct_cat&post=4274"},{"taxonomy":"product_tag","embeddable":true,"href":"https:\/\/euacholavras.com.br\/index.php?rest_route=%2Fwp%2Fv2%2Fproduct_tag&post=4274"}],"curies":[{"name":"wp","href":"https:\/\/api.w.org\/{rel}","templated":true}]}}