{"id":4375,"date":"2025-08-22T18:03:58","date_gmt":"2025-08-22T18:03:58","guid":{"rendered":"https:\/\/euacholavras.com.br\/?post_type=product&#038;p=4375"},"modified":"2025-08-22T18:03:58","modified_gmt":"2025-08-22T18:03:58","slug":"%f0%9f%8f%a1-oportunidade-imperdivel-casa-a-venda-no-bairro-nova-lavras","status":"publish","type":"product","link":"https:\/\/euacholavras.com.br\/?product=%f0%9f%8f%a1-oportunidade-imperdivel-casa-a-venda-no-bairro-nova-lavras","title":{"rendered":"\ud83c\udfe1 Oportunidade Imperd\u00edvel \u2013 Casa \u00e0 Venda no Bairro Nova Lavras"},"content":{"rendered":"<p>More em uma das regi\u00f5es mais valorizadas de Lavras, com localiza\u00e7\u00e3o estrat\u00e9gica: atr\u00e1s do Rex da Perimetral, pr\u00f3xima \u00e0 portaria principal da UFLA e ao SINDUFLA. Tudo o que voc\u00ea precisa bem perto de casa!<\/p>\n<p>\ud83d\udcb0 Valor de venda: R$ 450.000,00<\/p>\n<p>\u2728 Detalhes do im\u00f3vel:<br \/>\n\ud83d\udecf\ufe0f 4 quartos bem distribu\u00eddos<br \/>\n\ud83d\udecb\ufe0f Sala ampla<br \/>\n\ud83c\udf73 Cozinha funcional<br \/>\n\ud83d\udebf Banheiro social<br \/>\n\ud83c\udfe0 Ed\u00edcula completa com sala, quarto, cozinha e banheiro<br \/>\n\ud83c\udf3f Quintal espa\u00e7oso nos fundos<br \/>\n\ud83d\ude97 Garagem para 1 carro + espa\u00e7o para at\u00e9 3 motos<\/p>\n<p>\u2705 Ideal para moradia confort\u00e1vel ou investimento seguro, com excelente potencial de valoriza\u00e7\u00e3o pela localiza\u00e7\u00e3o privilegiada.<\/p>\n<p>\ud83d\udcde Agende sua visita com nosso consultor:<br \/>\n\ud83d\udc68\u200d\ud83d\udcbc Diego Carvalho \u2013 CRECI 55078 | CNAI 48640<br \/>\n\ud83d\udcf1 (35) 99986-1087<\/p>\n<p>\ud83d\udd11 Garanta j\u00e1 o seu novo lar no Nova Lavras!<\/p>\n","protected":false},"excerpt":{"rendered":"<p>More em uma das regi\u00f5es mais valorizadas de Lavras, com localiza\u00e7\u00e3o estrat\u00e9gica: atr\u00e1s do Rex da Perimetral, pr\u00f3xima \u00e0 portaria principal da UFLA e ao SINDUFLA. Tudo o que voc\u00ea precisa bem perto de casa! \ud83d\udcb0 Valor de venda: R$ 450.000,00 \u2728 Detalhes do im\u00f3vel: \ud83d\udecf\ufe0f 4 quartos bem distribu\u00eddos \ud83d\udecb\ufe0f Sala ampla \ud83c\udf73 Cozinha [&hellip;]<\/p>\n","protected":false},"featured_media":4376,"template":"","meta":[],"product_brand":[],"product_cat":[36,55],"product_tag":[153],"class_list":{"0":"post-4375","1":"product","2":"type-product","3":"status-publish","4":"has-post-thumbnail","6":"product_cat-apartamento","7":"product_cat-venda","8":"product_tag-vd7-140","10":"first","11":"instock","12":"shipping-taxable","13":"purchasable","14":"product-type-simple"},"_links":{"self":[{"href":"https:\/\/euacholavras.com.br\/index.php?rest_route=\/wp\/v2\/product\/4375","targetHints":{"allow":["GET"]}}],"collection":[{"href":"https:\/\/euacholavras.com.br\/index.php?rest_route=\/wp\/v2\/product"}],"about":[{"href":"https:\/\/euacholavras.com.br\/index.php?rest_route=\/wp\/v2\/types\/product"}],"wp:featuredmedia":[{"embeddable":true,"href":"https:\/\/euacholavras.com.br\/index.php?rest_route=\/wp\/v2\/media\/4376"}],"wp:attachment":[{"href":"https:\/\/euacholavras.com.br\/index.php?rest_route=%2Fwp%2Fv2%2Fmedia&parent=4375"}],"wp:term":[{"taxonomy":"product_brand","embeddable":true,"href":"https:\/\/euacholavras.com.br\/index.php?rest_route=%2Fwp%2Fv2%2Fproduct_brand&post=4375"},{"taxonomy":"product_cat","embeddable":true,"href":"https:\/\/euacholavras.com.br\/index.php?rest_route=%2Fwp%2Fv2%2Fproduct_cat&post=4375"},{"taxonomy":"product_tag","embeddable":true,"href":"https:\/\/euacholavras.com.br\/index.php?rest_route=%2Fwp%2Fv2%2Fproduct_tag&post=4375"}],"curies":[{"name":"wp","href":"https:\/\/api.w.org\/{rel}","templated":true}]}}