{"id":4405,"date":"2025-08-28T13:35:27","date_gmt":"2025-08-28T13:35:27","guid":{"rendered":"https:\/\/euacholavras.com.br\/?post_type=product&#038;p=4405"},"modified":"2025-08-28T13:35:27","modified_gmt":"2025-08-28T13:35:27","slug":"apartamento-aconchegante-no-colinas-serra","status":"publish","type":"product","link":"https:\/\/euacholavras.com.br\/?product=apartamento-aconchegante-no-colinas-serra","title":{"rendered":"Apartamento aconchegante no Colinas Serra!"},"content":{"rendered":"<p>More com praticidade, conforto e em uma localiza\u00e7\u00e3o tranquila de Lavras! Um im\u00f3vel ideal para quem busca qualidade de vida e f\u00e1cil acesso ao centro e \u00e0 UFLA.<\/p>\n<p>\u2728 Detalhes do im\u00f3vel:<br \/>\n\ud83d\udecf\ufe0f 2 quartos aconchegantes<br \/>\n\ud83d\udecb\ufe0f Sala bem distribu\u00edda<br \/>\n\ud83c\udf7d\ufe0f Cozinha funcional<br \/>\n\ud83d\udebf Banheiro social<br \/>\n\ud83e\uddfa \u00c1rea de servi\u00e7o pr\u00e1tica<br \/>\n\ud83c\udf56 \u00c1rea gourmet para momentos especiais<br \/>\n\ud83d\ude97 1 vaga de garagem<\/p>\n<p>\ud83d\udccd Localiza\u00e7\u00e3o:<br \/>\nSituado no bairro Colinas Serra, regi\u00e3o tranquila, com f\u00e1cil acesso a com\u00e9rcios, escolas e \u00e0 Universidade Federal de Lavras (UFLA).<\/p>\n<p>\ud83d\udcb0 Valor do aluguel: R$ 1.200,00\/m\u00eas<\/p>\n<p>\ud83d\udcf2 Fale com nosso consultor:<br \/>\nMarcus Vinicius \u2013 Consultor Imobili\u00e1rio<br \/>\n\ud83d\udcf1 (35) 9197-7824<br \/>\n\ud83d\udc68\u200d\ud83d\udcbc CRECI PJ \u2013 9205<\/p>\n<p>\ud83c\udfe2 Visite-nos:<br \/>\nAv. Dr. Sylvio Menicucci, 234 A \u2013 Ign\u00e1cio Valentim \u2013 Lavras\/MG \ud83d\udccc<\/p>\n<p>\ud83d\udd11 Seu novo lar no Colinas Serra te espera! Agende sua visita e venha conhecer!<\/p>\n","protected":false},"excerpt":{"rendered":"<p>More com praticidade, conforto e em uma localiza\u00e7\u00e3o tranquila de Lavras! Um im\u00f3vel ideal para quem busca qualidade de vida e f\u00e1cil acesso ao centro e \u00e0 UFLA. \u2728 Detalhes do im\u00f3vel: \ud83d\udecf\ufe0f 2 quartos aconchegantes \ud83d\udecb\ufe0f Sala bem distribu\u00edda \ud83c\udf7d\ufe0f Cozinha funcional \ud83d\udebf Banheiro social \ud83e\uddfa \u00c1rea de servi\u00e7o pr\u00e1tica \ud83c\udf56 \u00c1rea gourmet para [&hellip;]<\/p>\n","protected":false},"featured_media":4406,"template":"","meta":[],"product_brand":[],"product_cat":[54,36],"product_tag":[154],"class_list":{"0":"post-4405","1":"product","2":"type-product","3":"status-publish","4":"has-post-thumbnail","6":"product_cat-aluguel","7":"product_cat-apartamento","8":"product_tag-ap8-140","10":"first","11":"instock","12":"shipping-taxable","13":"purchasable","14":"product-type-simple"},"_links":{"self":[{"href":"https:\/\/euacholavras.com.br\/index.php?rest_route=\/wp\/v2\/product\/4405","targetHints":{"allow":["GET"]}}],"collection":[{"href":"https:\/\/euacholavras.com.br\/index.php?rest_route=\/wp\/v2\/product"}],"about":[{"href":"https:\/\/euacholavras.com.br\/index.php?rest_route=\/wp\/v2\/types\/product"}],"wp:featuredmedia":[{"embeddable":true,"href":"https:\/\/euacholavras.com.br\/index.php?rest_route=\/wp\/v2\/media\/4406"}],"wp:attachment":[{"href":"https:\/\/euacholavras.com.br\/index.php?rest_route=%2Fwp%2Fv2%2Fmedia&parent=4405"}],"wp:term":[{"taxonomy":"product_brand","embeddable":true,"href":"https:\/\/euacholavras.com.br\/index.php?rest_route=%2Fwp%2Fv2%2Fproduct_brand&post=4405"},{"taxonomy":"product_cat","embeddable":true,"href":"https:\/\/euacholavras.com.br\/index.php?rest_route=%2Fwp%2Fv2%2Fproduct_cat&post=4405"},{"taxonomy":"product_tag","embeddable":true,"href":"https:\/\/euacholavras.com.br\/index.php?rest_route=%2Fwp%2Fv2%2Fproduct_tag&post=4405"}],"curies":[{"name":"wp","href":"https:\/\/api.w.org\/{rel}","templated":true}]}}