{"id":4428,"date":"2025-09-03T15:31:18","date_gmt":"2025-09-03T15:31:18","guid":{"rendered":"https:\/\/euacholavras.com.br\/?post_type=product&#038;p=4428"},"modified":"2025-11-10T16:06:19","modified_gmt":"2025-11-10T16:06:19","slug":"%f0%9f%8f%ad-galpao-funcional-no-bairro-santa-cruz","status":"publish","type":"product","link":"https:\/\/euacholavras.com.br\/?product=%f0%9f%8f%ad-galpao-funcional-no-bairro-santa-cruz","title":{"rendered":"\ud83c\udfed Galp\u00e3o funcional no Bairro Santa Cruz!"},"content":{"rendered":"<p>Tenha mais espa\u00e7o e praticidade para o seu neg\u00f3cio em um ponto estrat\u00e9gico de Lavras! Este galp\u00e3o \u00e9 ideal para quem busca estrutura, seguran\u00e7a e boa localiza\u00e7\u00e3o para empreender.<\/p>\n<p>\u2728 Detalhes do im\u00f3vel:<br \/>\n\ud83d\udcd0 150 m\u00b2 de \u00e1rea constru\u00edda<br \/>\n\ud83d\udebf 1 banheiro<br \/>\n\ud83d\ude97 Garagem<\/p>\n<p>\ud83d\udccd Localiza\u00e7\u00e3o:<br \/>\nBairro Santa Cruz \u2013 regi\u00e3o de f\u00e1cil acesso, pr\u00f3ximo a com\u00e9rcios, servi\u00e7os e vias principais da cidade.<\/p>\n<p>\ud83d\udcb0 Valor do aluguel: R$ 3.500,00\/m\u00eas<\/p>\n<p>\ud83d\udcf2 Fale com nosso consultor:<br \/>\nMarcus Vinicius \u2013 Consultor Imobili\u00e1rio<br \/>\n\ud83d\udcf1 (35) 9197-7824<br \/>\n\ud83d\udc68\u200d\ud83d\udcbc CRECI PJ \u2013 9205<\/p>\n<p>\ud83c\udfe2 Visite-nos:<br \/>\nAv. Dr. Sylvio Menicucci, 234 A \u2013 Ign\u00e1cio Valentim \u2013 Lavras\/MG \ud83d\udccc<\/p>\n","protected":false},"excerpt":{"rendered":"<p>Tenha mais espa\u00e7o e praticidade para o seu neg\u00f3cio em um ponto estrat\u00e9gico de Lavras! Este galp\u00e3o \u00e9 ideal para quem busca estrutura, seguran\u00e7a e boa localiza\u00e7\u00e3o para empreender. \u2728 Detalhes do im\u00f3vel: \ud83d\udcd0 150 m\u00b2 de \u00e1rea constru\u00edda \ud83d\udebf 1 banheiro \ud83d\ude97 Garagem \ud83d\udccd Localiza\u00e7\u00e3o: Bairro Santa Cruz \u2013 regi\u00e3o de f\u00e1cil acesso, pr\u00f3ximo [&hellip;]<\/p>\n","protected":false},"featured_media":4429,"template":"","meta":[],"product_brand":[],"product_cat":[54,57],"product_tag":[156],"class_list":{"0":"post-4428","1":"product","2":"type-product","3":"status-publish","4":"has-post-thumbnail","6":"product_cat-aluguel","7":"product_cat-galpao","8":"product_tag-gp12-419","10":"first","11":"instock","12":"shipping-taxable","13":"purchasable","14":"product-type-simple"},"_links":{"self":[{"href":"https:\/\/euacholavras.com.br\/index.php?rest_route=\/wp\/v2\/product\/4428","targetHints":{"allow":["GET"]}}],"collection":[{"href":"https:\/\/euacholavras.com.br\/index.php?rest_route=\/wp\/v2\/product"}],"about":[{"href":"https:\/\/euacholavras.com.br\/index.php?rest_route=\/wp\/v2\/types\/product"}],"wp:featuredmedia":[{"embeddable":true,"href":"https:\/\/euacholavras.com.br\/index.php?rest_route=\/wp\/v2\/media\/4429"}],"wp:attachment":[{"href":"https:\/\/euacholavras.com.br\/index.php?rest_route=%2Fwp%2Fv2%2Fmedia&parent=4428"}],"wp:term":[{"taxonomy":"product_brand","embeddable":true,"href":"https:\/\/euacholavras.com.br\/index.php?rest_route=%2Fwp%2Fv2%2Fproduct_brand&post=4428"},{"taxonomy":"product_cat","embeddable":true,"href":"https:\/\/euacholavras.com.br\/index.php?rest_route=%2Fwp%2Fv2%2Fproduct_cat&post=4428"},{"taxonomy":"product_tag","embeddable":true,"href":"https:\/\/euacholavras.com.br\/index.php?rest_route=%2Fwp%2Fv2%2Fproduct_tag&post=4428"}],"curies":[{"name":"wp","href":"https:\/\/api.w.org\/{rel}","templated":true}]}}