{"id":4459,"date":"2025-09-18T14:19:06","date_gmt":"2025-09-18T14:19:06","guid":{"rendered":"https:\/\/euacholavras.com.br\/?post_type=product&#038;p=4459"},"modified":"2025-09-18T14:19:06","modified_gmt":"2025-09-18T14:19:06","slug":"%f0%9f%8f%a2%e2%9c%a8-apartamento-mobiliado-com-conforto-e-praticidade","status":"publish","type":"product","link":"https:\/\/euacholavras.com.br\/?product=%f0%9f%8f%a2%e2%9c%a8-apartamento-mobiliado-com-conforto-e-praticidade","title":{"rendered":"\ud83c\udfe2\u2728 Apartamento mobiliado com conforto e praticidade"},"content":{"rendered":"<p>\ud83d\udcb0 Aluguel: R$ 1.700,00 + Condom\u00ednio: R$ 500,00 (Com pequena varia\u00e7\u00e3o).<\/p>\n<p>\ud83c\udf1f Destaques do im\u00f3vel:<br \/>\n\ud83d\udecb\ufe0f Totalmente mobiliado e pronto para morar<br \/>\n\u2744\ufe0f Ar-condicionado<br \/>\n\ud83d\udd25 Fog\u00e3o por indu\u00e7\u00e3o<br \/>\n\ud83e\udd76 Geladeira<br \/>\n\ud83d\udcda Nichos e guarda-roupa planejado<br \/>\n\ud83c\udfe1 Ambiente aconchegante<br \/>\n\ud83c\udfe2 Estrutura completa do condom\u00ednio:<br \/>\n\ud83d\udcaa Academia equipada<br \/>\n\u2615\ud83e\udd50 Caf\u00e9 da manh\u00e3 incluso no condom\u00ednio (todos os dias, das 8h \u00e0s 10h, com grande diversidade)<br \/>\n\ud83d\udcd6 \u00c1rea compartilhada para estudos<br \/>\n\ud83c\udf56 \u00c1rea gourmet (reserva antecipada)<br \/>\n\ud83e\udd1d \u00c1rea de conviv\u00eancia com mesas e cadeiras<br \/>\n\ud83d\uded7 Elevador moderno<br \/>\n\ud83d\udd12 Seguran\u00e7a de ponta com reconhecimento facial ou digital<br \/>\n\ud83d\udccd Localiza\u00e7\u00e3o privilegiada:<br \/>\n\ud83d\udeb6\u200d\u2642\ufe0f Apenas 7 a 10 minutos a p\u00e9 da Universidade Federal de Lavras (UFLA) \u2013 uma das maiores e melhores da Am\u00e9rica Latina!<\/p>\n<p>\ud83d\udcf2 Fale com nosso consultor:<br \/>\n\ud83d\udc68\u200d\ud83d\udcbc Marcus Vinicius \u2013 Consultor Imobili\u00e1rio<br \/>\n\ud83d\udcf1 (35) 9197-7824<br \/>\n\ud83d\udcd1 CRECI PJ \u2013 9205<\/p>\n<p>\ud83d\udccc Visite-nos:<br \/>\nAv. Dr. Silvio Menicucci, 234 A \u2013 Ign\u00e1cio Valentim \u2013 Lavras\/MG<\/p>\n<p>\u26a1 Garanta j\u00e1 seu novo lar com conforto, praticidade e qualidade de vida!<\/p>\n","protected":false},"excerpt":{"rendered":"<p>\ud83d\udcb0 Aluguel: R$ 1.700,00 + Condom\u00ednio: R$ 500,00 (Com pequena varia\u00e7\u00e3o). \ud83c\udf1f Destaques do im\u00f3vel: \ud83d\udecb\ufe0f Totalmente mobiliado e pronto para morar \u2744\ufe0f Ar-condicionado \ud83d\udd25 Fog\u00e3o por indu\u00e7\u00e3o \ud83e\udd76 Geladeira \ud83d\udcda Nichos e guarda-roupa planejado \ud83c\udfe1 Ambiente aconchegante \ud83c\udfe2 Estrutura completa do condom\u00ednio: \ud83d\udcaa Academia equipada \u2615\ud83e\udd50 Caf\u00e9 da manh\u00e3 incluso no condom\u00ednio (todos os [&hellip;]<\/p>\n","protected":false},"featured_media":4460,"template":"","meta":[],"product_brand":[],"product_cat":[54,36],"product_tag":[],"class_list":{"0":"post-4459","1":"product","2":"type-product","3":"status-publish","4":"has-post-thumbnail","6":"product_cat-aluguel","7":"product_cat-apartamento","9":"first","10":"instock","11":"shipping-taxable","12":"purchasable","13":"product-type-simple"},"_links":{"self":[{"href":"https:\/\/euacholavras.com.br\/index.php?rest_route=\/wp\/v2\/product\/4459","targetHints":{"allow":["GET"]}}],"collection":[{"href":"https:\/\/euacholavras.com.br\/index.php?rest_route=\/wp\/v2\/product"}],"about":[{"href":"https:\/\/euacholavras.com.br\/index.php?rest_route=\/wp\/v2\/types\/product"}],"wp:featuredmedia":[{"embeddable":true,"href":"https:\/\/euacholavras.com.br\/index.php?rest_route=\/wp\/v2\/media\/4460"}],"wp:attachment":[{"href":"https:\/\/euacholavras.com.br\/index.php?rest_route=%2Fwp%2Fv2%2Fmedia&parent=4459"}],"wp:term":[{"taxonomy":"product_brand","embeddable":true,"href":"https:\/\/euacholavras.com.br\/index.php?rest_route=%2Fwp%2Fv2%2Fproduct_brand&post=4459"},{"taxonomy":"product_cat","embeddable":true,"href":"https:\/\/euacholavras.com.br\/index.php?rest_route=%2Fwp%2Fv2%2Fproduct_cat&post=4459"},{"taxonomy":"product_tag","embeddable":true,"href":"https:\/\/euacholavras.com.br\/index.php?rest_route=%2Fwp%2Fv2%2Fproduct_tag&post=4459"}],"curies":[{"name":"wp","href":"https:\/\/api.w.org\/{rel}","templated":true}]}}