{"id":4479,"date":"2025-09-18T14:39:02","date_gmt":"2025-09-18T14:39:02","guid":{"rendered":"https:\/\/euacholavras.com.br\/?post_type=product&#038;p=4479"},"modified":"2025-09-18T14:39:24","modified_gmt":"2025-09-18T14:39:24","slug":"%f0%9f%8f%a1-sitio-espacoso-e-com-natureza-a-beira-da-represa","status":"publish","type":"product","link":"https:\/\/euacholavras.com.br\/?product=%f0%9f%8f%a1-sitio-espacoso-e-com-natureza-a-beira-da-represa","title":{"rendered":"\ud83c\udfe1 Sitio, espa\u00e7oso e com natureza \u00e0 beira da represa"},"content":{"rendered":"<p>Apresentamos uma excelente oportunidade de investimento ou moradia na encantadora regi\u00e3o de Pedra Negra Antiga, com acesso pela sa\u00edda do Macaia. Um im\u00f3vel completo, com destaque para seu pier exclusivo na beira da represa, perfeito para quem busca tranquilidade, contato com a natureza e qualidade de vida.<\/p>\n<p>\u2728 Detalhes do im\u00f3vel:<\/p>\n<p>\ud83d\udecf\ufe0f 2 dormit\u00f3rios, sendo 1 su\u00edte confort\u00e1vel<br \/>\n\ud83d\udecb\ufe0f Sala ampla e arejada<br \/>\n\ud83c\udf7d\ufe0f Copa integrada para refei\u00e7\u00f5es em fam\u00edlia<br \/>\n\ud83d\udebf Banheiro social<br \/>\n\ud83d\udc69\u200d\ud83c\udf73 Cozinha funcional<br \/>\n\ud83e\uddfa \u00c1rea de servi\u00e7o independente<br \/>\n\ud83c\udf05 Varanda espa\u00e7osa com vista para o verde<br \/>\n\ud83c\udf3f Quintal amplo e terreno com 1.000 m\u00b2<br \/>\n\ud83d\udea4 P\u00eder privativo na represa \u2013 ideal para lazer e descanso<\/p>\n<p>\ud83d\udccd Localiza\u00e7\u00e3o: Bairro Pedra Negra Antiga, com f\u00e1cil acesso pela sa\u00edda do Macaia. Regi\u00e3o tranquila, com muito verde e grande valoriza\u00e7\u00e3o, ideal tanto para uso residencial quanto para investimento em aluguel por temporada ou moradia fixa.<\/p>\n<p>\ud83d\udcb0 Valor de venda: R$ 450.000,00<br \/>\n\ud83d\udcb8 Valor de loca\u00e7\u00e3o: R$ 2.000,00\/m\u00eas<br \/>\n\ud83d\udd11 Um im\u00f3vel diferenciado, com caracter\u00edsticas \u00fanicas, ideal para quem deseja investir em qualidade de vida e contato direto com a natureza.<\/p>\n<p>\ud83d\udcf2 Fale com nosso consultor:<br \/>\nMarcus Vinicius \u2013 Consultor Imobili\u00e1rio<br \/>\n\ud83d\udcf1 (35) 9197-7824<br \/>\n\ud83d\udc68\u200d\ud83d\udcbc CRECI PJ \u2013 9205<\/p>\n<p>\ud83c\udfe2 Visite-nos: Av. Dr. Sylvio Menicucci, 234 A \u2013 Ign\u00e1cio Valentim \u2013 Lavras\/MG<\/p>\n","protected":false},"excerpt":{"rendered":"<p>Apresentamos uma excelente oportunidade de investimento ou moradia na encantadora regi\u00e3o de Pedra Negra Antiga, com acesso pela sa\u00edda do Macaia. Um im\u00f3vel completo, com destaque para seu pier exclusivo na beira da represa, perfeito para quem busca tranquilidade, contato com a natureza e qualidade de vida. \u2728 Detalhes do im\u00f3vel: \ud83d\udecf\ufe0f 2 dormit\u00f3rios, sendo [&hellip;]<\/p>\n","protected":false},"featured_media":4480,"template":"","meta":[],"product_brand":[],"product_cat":[54,104,55],"product_tag":[68],"class_list":{"0":"post-4479","1":"product","2":"type-product","3":"status-publish","4":"has-post-thumbnail","6":"product_cat-aluguel","7":"product_cat-sitio","8":"product_cat-venda","9":"product_tag-cs16-101","11":"first","12":"instock","13":"shipping-taxable","14":"purchasable","15":"product-type-simple"},"_links":{"self":[{"href":"https:\/\/euacholavras.com.br\/index.php?rest_route=\/wp\/v2\/product\/4479","targetHints":{"allow":["GET"]}}],"collection":[{"href":"https:\/\/euacholavras.com.br\/index.php?rest_route=\/wp\/v2\/product"}],"about":[{"href":"https:\/\/euacholavras.com.br\/index.php?rest_route=\/wp\/v2\/types\/product"}],"wp:featuredmedia":[{"embeddable":true,"href":"https:\/\/euacholavras.com.br\/index.php?rest_route=\/wp\/v2\/media\/4480"}],"wp:attachment":[{"href":"https:\/\/euacholavras.com.br\/index.php?rest_route=%2Fwp%2Fv2%2Fmedia&parent=4479"}],"wp:term":[{"taxonomy":"product_brand","embeddable":true,"href":"https:\/\/euacholavras.com.br\/index.php?rest_route=%2Fwp%2Fv2%2Fproduct_brand&post=4479"},{"taxonomy":"product_cat","embeddable":true,"href":"https:\/\/euacholavras.com.br\/index.php?rest_route=%2Fwp%2Fv2%2Fproduct_cat&post=4479"},{"taxonomy":"product_tag","embeddable":true,"href":"https:\/\/euacholavras.com.br\/index.php?rest_route=%2Fwp%2Fv2%2Fproduct_tag&post=4479"}],"curies":[{"name":"wp","href":"https:\/\/api.w.org\/{rel}","templated":true}]}}