{"id":4557,"date":"2025-09-25T13:49:44","date_gmt":"2025-09-25T13:49:44","guid":{"rendered":"https:\/\/euacholavras.com.br\/?post_type=product&#038;p=4557"},"modified":"2025-09-25T13:49:44","modified_gmt":"2025-09-25T13:49:44","slug":"%f0%9f%8f%a1-casa-a-venda-na-cohab","status":"publish","type":"product","link":"https:\/\/euacholavras.com.br\/?product=%f0%9f%8f%a1-casa-a-venda-na-cohab","title":{"rendered":"\ud83c\udfe1 Casa \u00e0 Venda na Cohab"},"content":{"rendered":"<p data-start=\"87\" data-end=\"131\">\n<p data-start=\"133\" data-end=\"229\">\ud83d\udccd Localizada em bairro tranquilo, ideal para quem busca qualidade de vida, conforto e economia.<\/p>\n<p data-start=\"231\" data-end=\"261\"><strong data-start=\"231\" data-end=\"261\">Caracter\u00edsticas do Im\u00f3vel:<\/strong><\/p>\n<ul data-start=\"263\" data-end=\"649\">\n<li data-start=\"263\" data-end=\"280\">\n<p data-start=\"265\" data-end=\"280\">2 dormit\u00f3rios<\/p>\n<\/li>\n<li data-start=\"281\" data-end=\"302\">\n<p data-start=\"283\" data-end=\"302\">1 banheiro social<\/p>\n<\/li>\n<li data-start=\"303\" data-end=\"362\">\n<p data-start=\"305\" data-end=\"362\">Sala integrada \u00e0 cozinha \u2013 ambiente funcional e moderno<\/p>\n<\/li>\n<li data-start=\"363\" data-end=\"385\">\n<p data-start=\"365\" data-end=\"385\">Lavanderia coberta<\/p>\n<\/li>\n<li data-start=\"386\" data-end=\"475\">\n<p data-start=\"388\" data-end=\"475\">Garagem coberta para 1 ve\u00edculo, com espa\u00e7o adicional para mais 1 carro e motocicletas<\/p>\n<\/li>\n<li data-start=\"476\" data-end=\"579\">\n<p data-start=\"478\" data-end=\"579\">Ampla \u00e1rea gourmet nos fundos, com churrasqueira e pia \u2013 perfeita para momentos de lazer em fam\u00edlia<\/p>\n<\/li>\n<li data-start=\"580\" data-end=\"600\">\n<p data-start=\"582\" data-end=\"600\">Quintal espa\u00e7oso<\/p>\n<\/li>\n<li data-start=\"601\" data-end=\"649\">\n<p data-start=\"603\" data-end=\"649\">Terreno com 200 m\u00b2 | \u00c1rea constru\u00edda: 100 m\u00b2<\/p>\n<\/li>\n<\/ul>\n<p data-start=\"651\" data-end=\"719\">\ud83d\udcb0 <strong data-start=\"654\" data-end=\"673\">Valor de venda:<\/strong> R$ 150.000,00<br data-start=\"687\" data-end=\"690\" \/>\ud83d\udcc4 Contrato de compra e venda<\/p>\n<p data-start=\"721\" data-end=\"821\"><strong data-start=\"721\" data-end=\"733\">Contato:<\/strong><br data-start=\"733\" data-end=\"736\" \/>Diego Carvalho \u2013 Corretor de Im\u00f3veis<br data-start=\"772\" data-end=\"775\" \/>CRECI 55078 \/ CRECI 48640<br data-start=\"800\" data-end=\"803\" \/>\ud83d\udcde (35) 99986-1087<\/p>\n","protected":false},"excerpt":{"rendered":"<p>\ud83d\udccd Localizada em bairro tranquilo, ideal para quem busca qualidade de vida, conforto e economia. Caracter\u00edsticas do Im\u00f3vel: 2 dormit\u00f3rios 1 banheiro social Sala integrada \u00e0 cozinha \u2013 ambiente funcional e moderno Lavanderia coberta Garagem coberta para 1 ve\u00edculo, com espa\u00e7o adicional para mais 1 carro e motocicletas Ampla \u00e1rea gourmet nos fundos, com churrasqueira [&hellip;]<\/p>\n","protected":false},"featured_media":4558,"template":"","meta":[],"product_brand":[],"product_cat":[34,55],"product_tag":[],"class_list":{"0":"post-4557","1":"product","2":"type-product","3":"status-publish","4":"has-post-thumbnail","6":"product_cat-casas","7":"product_cat-venda","9":"first","10":"instock","11":"shipping-taxable","12":"purchasable","13":"product-type-simple"},"_links":{"self":[{"href":"https:\/\/euacholavras.com.br\/index.php?rest_route=\/wp\/v2\/product\/4557","targetHints":{"allow":["GET"]}}],"collection":[{"href":"https:\/\/euacholavras.com.br\/index.php?rest_route=\/wp\/v2\/product"}],"about":[{"href":"https:\/\/euacholavras.com.br\/index.php?rest_route=\/wp\/v2\/types\/product"}],"wp:featuredmedia":[{"embeddable":true,"href":"https:\/\/euacholavras.com.br\/index.php?rest_route=\/wp\/v2\/media\/4558"}],"wp:attachment":[{"href":"https:\/\/euacholavras.com.br\/index.php?rest_route=%2Fwp%2Fv2%2Fmedia&parent=4557"}],"wp:term":[{"taxonomy":"product_brand","embeddable":true,"href":"https:\/\/euacholavras.com.br\/index.php?rest_route=%2Fwp%2Fv2%2Fproduct_brand&post=4557"},{"taxonomy":"product_cat","embeddable":true,"href":"https:\/\/euacholavras.com.br\/index.php?rest_route=%2Fwp%2Fv2%2Fproduct_cat&post=4557"},{"taxonomy":"product_tag","embeddable":true,"href":"https:\/\/euacholavras.com.br\/index.php?rest_route=%2Fwp%2Fv2%2Fproduct_tag&post=4557"}],"curies":[{"name":"wp","href":"https:\/\/api.w.org\/{rel}","templated":true}]}}