{"id":4648,"date":"2025-09-30T14:51:08","date_gmt":"2025-09-30T14:51:08","guid":{"rendered":"https:\/\/euacholavras.com.br\/?post_type=product&#038;p=4648"},"modified":"2025-09-30T14:51:08","modified_gmt":"2025-09-30T14:51:08","slug":"casa-a-venda-proxima-a-ufla-%f0%9f%8f%a1","status":"publish","type":"product","link":"https:\/\/euacholavras.com.br\/?product=casa-a-venda-proxima-a-ufla-%f0%9f%8f%a1","title":{"rendered":"Casa \u00e0 venda pr\u00f3xima \u00e0 UFLA \ud83c\udfe1"},"content":{"rendered":"<p>Se voc\u00ea procura conforto, localiza\u00e7\u00e3o estrat\u00e9gica e \u00f3timo custo-benef\u00edcio, essa \u00e9 a sua chance!<\/p>\n<p>\ud83d\udccd Localiza\u00e7\u00e3o privilegiada:<br \/>\nA poucos minutos da UFLA e com f\u00e1cil acesso \u00e0 Avenida Perimetral. Pr\u00f3xima a padarias, farm\u00e1cias, supermercados, papelarias e outros com\u00e9rcios essenciais!<\/p>\n<p>\ud83d\udcd0 Detalhes do im\u00f3vel:<\/p>\n<p>\ud83d\udd39 Primeiro pavimento:<\/p>\n<p>2 quartos<\/p>\n<p>1 banheiro social<\/p>\n<p>\ud83d\udd39 Segundo pavimento:<\/p>\n<p>Sala ampla e arejada<\/p>\n<p>Cozinha espa\u00e7osa<\/p>\n<p>1 banheiro<\/p>\n<p>Quarto de despejo<\/p>\n<p>Forno de barro<\/p>\n<p>Garagem coberta para 2 carros<\/p>\n<p>Quintal pequeno, ideal para pets ou jardinagem<\/p>\n<p>\u2705 Im\u00f3vel ideal para morar ou investir, especialmente para quem busca estar perto da universidade!<\/p>\n<p>\ud83d\udcb0 Apenas R$ 200.000,00<\/p>\n<p>Entre em contato e agende uma visita!<\/p>\n<p>\ud83d\udcde Diego Carvalho<br \/>\nCRECI 55078<br \/>\nCNAI 48640<br \/>\n35-99986-1087<\/p>\n","protected":false},"excerpt":{"rendered":"<p>Se voc\u00ea procura conforto, localiza\u00e7\u00e3o estrat\u00e9gica e \u00f3timo custo-benef\u00edcio, essa \u00e9 a sua chance! \ud83d\udccd Localiza\u00e7\u00e3o privilegiada: A poucos minutos da UFLA e com f\u00e1cil acesso \u00e0 Avenida Perimetral. Pr\u00f3xima a padarias, farm\u00e1cias, supermercados, papelarias e outros com\u00e9rcios essenciais! \ud83d\udcd0 Detalhes do im\u00f3vel: \ud83d\udd39 Primeiro pavimento: 2 quartos 1 banheiro social \ud83d\udd39 Segundo pavimento: Sala [&hellip;]<\/p>\n","protected":false},"featured_media":4649,"template":"","meta":[],"product_brand":[],"product_cat":[34,55],"product_tag":[],"class_list":{"0":"post-4648","1":"product","2":"type-product","3":"status-publish","4":"has-post-thumbnail","6":"product_cat-casas","7":"product_cat-venda","9":"first","10":"instock","11":"shipping-taxable","12":"purchasable","13":"product-type-simple"},"_links":{"self":[{"href":"https:\/\/euacholavras.com.br\/index.php?rest_route=\/wp\/v2\/product\/4648","targetHints":{"allow":["GET"]}}],"collection":[{"href":"https:\/\/euacholavras.com.br\/index.php?rest_route=\/wp\/v2\/product"}],"about":[{"href":"https:\/\/euacholavras.com.br\/index.php?rest_route=\/wp\/v2\/types\/product"}],"wp:featuredmedia":[{"embeddable":true,"href":"https:\/\/euacholavras.com.br\/index.php?rest_route=\/wp\/v2\/media\/4649"}],"wp:attachment":[{"href":"https:\/\/euacholavras.com.br\/index.php?rest_route=%2Fwp%2Fv2%2Fmedia&parent=4648"}],"wp:term":[{"taxonomy":"product_brand","embeddable":true,"href":"https:\/\/euacholavras.com.br\/index.php?rest_route=%2Fwp%2Fv2%2Fproduct_brand&post=4648"},{"taxonomy":"product_cat","embeddable":true,"href":"https:\/\/euacholavras.com.br\/index.php?rest_route=%2Fwp%2Fv2%2Fproduct_cat&post=4648"},{"taxonomy":"product_tag","embeddable":true,"href":"https:\/\/euacholavras.com.br\/index.php?rest_route=%2Fwp%2Fv2%2Fproduct_tag&post=4648"}],"curies":[{"name":"wp","href":"https:\/\/api.w.org\/{rel}","templated":true}]}}