{"id":4767,"date":"2025-10-22T17:54:42","date_gmt":"2025-10-22T17:54:42","guid":{"rendered":"https:\/\/euacholavras.com.br\/?post_type=product&#038;p=4767"},"modified":"2025-10-27T15:16:55","modified_gmt":"2025-10-27T15:16:55","slug":"apartamento-disponivel-para-locacao-no-santana-park-%f0%9f%8f%a1","status":"publish","type":"product","link":"https:\/\/euacholavras.com.br\/?product=apartamento-disponivel-para-locacao-no-santana-park-%f0%9f%8f%a1","title":{"rendered":"Apartamento dispon\u00edvel para loca\u00e7\u00e3o no Santana Park \ud83c\udfe1"},"content":{"rendered":"<p data-start=\"120\" data-end=\"206\">\u2728\ud83c\udfe1 <strong data-start=\"124\" data-end=\"182\">Apartamento dispon\u00edvel para loca\u00e7\u00e3o no Santana Park!<\/strong> \u2728<\/p>\n<p data-start=\"120\" data-end=\"206\">C\u00d3DIGO: AP1-156<\/p>\n<p data-start=\"208\" data-end=\"385\">Conforto, lazer e modernidade em um dos endere\u00e7os mais desejados de Lavras!<br data-start=\"283\" data-end=\"286\" \/>Ideal para quem busca qualidade de vida, seguran\u00e7a e praticidade em um ambiente novo e acolhedor.<\/p>\n<p data-start=\"594\" data-end=\"774\">\ud83d\udd39 <strong data-start=\"597\" data-end=\"622\">Composi\u00e7\u00e3o do im\u00f3vel:<\/strong><br data-start=\"622\" data-end=\"625\" \/>\ud83d\udecf\ufe0f 2 dormit\u00f3rios amplos<br data-start=\"649\" data-end=\"652\" \/>\ud83d\udecb\ufe0f Sala aconchegante<br data-start=\"673\" data-end=\"676\" \/>\ud83c\udf7d\ufe0f Cozinha pr\u00e1tica e funcional<br data-start=\"707\" data-end=\"710\" \/>\ud83d\udebf Banheiro social<br data-start=\"728\" data-end=\"731\" \/>\ud83e\uddfa \u00c1rea de servi\u00e7o<br data-start=\"749\" data-end=\"752\" \/>\ud83d\ude97 1 vaga de garagem<\/p>\n<p data-start=\"776\" data-end=\"890\">\ud83c\udf1f <strong data-start=\"779\" data-end=\"821\">Condom\u00ednio com completa \u00e1rea de lazer:<\/strong><br data-start=\"821\" data-end=\"824\" \/>\ud83c\udf56 \u00c1rea gourmet compartilhada<br data-start=\"853\" data-end=\"856\" \/>\ud83c\udfca Piscina<br data-start=\"866\" data-end=\"869\" \/>\ud83c\udfc0 Quadra esportiva<\/p>\n<p data-start=\"892\" data-end=\"935\">\ud83c\udd95 <strong data-start=\"895\" data-end=\"935\">Apartamento novo \u2013 primeira loca\u00e7\u00e3o!<\/strong><\/p>\n<p data-start=\"937\" data-end=\"1005\">\ud83d\udcb0 <strong data-start=\"940\" data-end=\"952\">Aluguel:<\/strong> R$ 1.300,00\/m\u00eas<br data-start=\"968\" data-end=\"971\" \/>\ud83c\udfe2 <strong data-start=\"974\" data-end=\"989\">Condom\u00ednio:<\/strong> valor \u00e0 parte<\/p>\n<p data-start=\"1007\" data-end=\"1117\">\ud83d\udca1 Perfeito para quem busca viver com conforto, seguran\u00e7a e exclusividade no bairro mais valorizado de Lavras.<\/p>\n<p data-start=\"1119\" data-end=\"1239\">\ud83d\udcf2 <strong data-start=\"1122\" data-end=\"1151\">Fale com nosso consultor:<\/strong><br data-start=\"1151\" data-end=\"1154\" \/>Jhenifer \u2013 Consultora Imobili\u00e1ria<br data-start=\"1193\" data-end=\"1196\" \/>\ud83d\udcf1 (35) 9197-7824<br data-start=\"1213\" data-end=\"1216\" \/>\ud83d\udc68\u200d\ud83d\udcbc CRECI PJ \u2013 9205<\/p>\n<p data-start=\"1241\" data-end=\"1326\">\ud83c\udfe2 <strong data-start=\"1244\" data-end=\"1259\">Visite-nos:<\/strong><br data-start=\"1259\" data-end=\"1262\" \/>Av. Dr. Sylvio Menicucci, 234 A \u2013 Ign\u00e1cio Valentim \u2013 Lavras\/MG<\/p>\n","protected":false},"excerpt":{"rendered":"<p>\u2728\ud83c\udfe1 Apartamento dispon\u00edvel para loca\u00e7\u00e3o no Santana Park! \u2728 C\u00d3DIGO: AP1-156 Conforto, lazer e modernidade em um dos endere\u00e7os mais desejados de Lavras!Ideal para quem busca qualidade de vida, seguran\u00e7a e praticidade em um ambiente novo e acolhedor. \ud83d\udd39 Composi\u00e7\u00e3o do im\u00f3vel:\ud83d\udecf\ufe0f 2 dormit\u00f3rios amplos\ud83d\udecb\ufe0f Sala aconchegante\ud83c\udf7d\ufe0f Cozinha pr\u00e1tica e funcional\ud83d\udebf Banheiro social\ud83e\uddfa \u00c1rea de [&hellip;]<\/p>\n","protected":false},"featured_media":4769,"template":"","meta":[],"product_brand":[],"product_cat":[54,36],"product_tag":[166],"class_list":{"0":"post-4767","1":"product","2":"type-product","3":"status-publish","4":"has-post-thumbnail","6":"product_cat-aluguel","7":"product_cat-apartamento","8":"product_tag-ap1-156","10":"first","11":"instock","12":"shipping-taxable","13":"purchasable","14":"product-type-simple"},"_links":{"self":[{"href":"https:\/\/euacholavras.com.br\/index.php?rest_route=\/wp\/v2\/product\/4767","targetHints":{"allow":["GET"]}}],"collection":[{"href":"https:\/\/euacholavras.com.br\/index.php?rest_route=\/wp\/v2\/product"}],"about":[{"href":"https:\/\/euacholavras.com.br\/index.php?rest_route=\/wp\/v2\/types\/product"}],"wp:featuredmedia":[{"embeddable":true,"href":"https:\/\/euacholavras.com.br\/index.php?rest_route=\/wp\/v2\/media\/4769"}],"wp:attachment":[{"href":"https:\/\/euacholavras.com.br\/index.php?rest_route=%2Fwp%2Fv2%2Fmedia&parent=4767"}],"wp:term":[{"taxonomy":"product_brand","embeddable":true,"href":"https:\/\/euacholavras.com.br\/index.php?rest_route=%2Fwp%2Fv2%2Fproduct_brand&post=4767"},{"taxonomy":"product_cat","embeddable":true,"href":"https:\/\/euacholavras.com.br\/index.php?rest_route=%2Fwp%2Fv2%2Fproduct_cat&post=4767"},{"taxonomy":"product_tag","embeddable":true,"href":"https:\/\/euacholavras.com.br\/index.php?rest_route=%2Fwp%2Fv2%2Fproduct_tag&post=4767"}],"curies":[{"name":"wp","href":"https:\/\/api.w.org\/{rel}","templated":true}]}}