{"id":4836,"date":"2025-11-06T15:56:30","date_gmt":"2025-11-06T15:56:30","guid":{"rendered":"https:\/\/euacholavras.com.br\/?post_type=product&#038;p=4836"},"modified":"2025-11-06T15:56:31","modified_gmt":"2025-11-06T15:56:31","slug":"%f0%9f%8f%a1-imovel-disponivel-para-locacao-centro","status":"publish","type":"product","link":"https:\/\/euacholavras.com.br\/?product=%f0%9f%8f%a1-imovel-disponivel-para-locacao-centro","title":{"rendered":"\ud83c\udfe1 Im\u00f3vel dispon\u00edvel para loca\u00e7\u00e3o \u2013 Centro"},"content":{"rendered":"<p data-start=\"105\" data-end=\"179\">\ud83c\udfe1 <strong data-start=\"108\" data-end=\"177\">Im\u00f3vel dispon\u00edvel para loca\u00e7\u00e3o \u2013 Centro!<\/strong><\/p>\n<p data-start=\"181\" data-end=\"224\">\ud83d\udccc <strong data-start=\"184\" data-end=\"195\">C\u00f3digo:<\/strong> CS2-160<\/p>\n<p data-start=\"226\" data-end=\"540\">\u2728 <strong data-start=\"228\" data-end=\"251\">Detalhes do im\u00f3vel:<\/strong><br data-start=\"251\" data-end=\"254\" \/>\ud83d\udecf\ufe0f 2 dormit\u00f3rios bem arejados<br data-start=\"284\" data-end=\"287\" \/>\ud83d\udecb\ufe0f Sala ampla e aconchegante \u2014 ideal para momentos em fam\u00edlia<br data-start=\"349\" data-end=\"352\" \/>\ud83c\udf73 Cozinha funcional, perfeita para o dia a dia<br data-start=\"399\" data-end=\"402\" \/>\ud83d\udcfa Sala de TV \/ quarto adicional, vers\u00e1til e confort\u00e1vel<br data-start=\"458\" data-end=\"461\" \/>\ud83e\uddfa \u00c1rea de servi\u00e7o coberta<br data-start=\"487\" data-end=\"490\" \/>\ud83d\udeb6 Corredor de acesso que garante boa circula\u00e7\u00e3o<\/p>\n<p data-start=\"542\" data-end=\"616\">\ud83d\udcb0 <strong data-start=\"545\" data-end=\"559\">Condi\u00e7\u00f5es:<\/strong><br data-start=\"559\" data-end=\"562\" \/>\ud83d\udd39 <strong data-start=\"565\" data-end=\"577\">Aluguel:<\/strong> R$ 900,00 mensais<br data-start=\"595\" data-end=\"598\" \/>\ud83d\udd39 <strong data-start=\"601\" data-end=\"614\">Mais IPTU<\/strong><\/p>\n<p data-start=\"618\" data-end=\"778\">\ud83d\udccd <strong data-start=\"621\" data-end=\"637\">Localiza\u00e7\u00e3o:<\/strong><br data-start=\"637\" data-end=\"640\" \/>Im\u00f3vel situado em bairro tranquilo, com f\u00e1cil acesso e boa vizinhan\u00e7a \u2014 perfeito para quem busca conforto e praticidade em Lavras\/MG. \ud83c\udf3f<\/p>\n<p data-start=\"780\" data-end=\"924\">\ud83d\udcf2 <strong data-start=\"783\" data-end=\"805\">Agende sua visita:<\/strong><br data-start=\"805\" data-end=\"808\" \/>\ud83d\udc68\u200d\ud83d\udcbc <strong data-start=\"814\" data-end=\"854\">Eu Acho Empreendimentos Imobili\u00e1rios<\/strong><br data-start=\"854\" data-end=\"857\" \/>\ud83c\udfe2 Av. Dr. Sylvio Menicucci, 234 A \u2013 Ign\u00e1cio Valentim \u2013 Lavras\/MG<\/p>\n<p data-start=\"926\" data-end=\"1014\">\ud83d\udc8e <strong data-start=\"929\" data-end=\"1010\">Seu novo lar est\u00e1 \u00e0 espera \u2014 conforto e \u00f3timo custo-benef\u00edcio em um s\u00f3 lugar!<\/strong> \u2728<\/p>\n","protected":false},"excerpt":{"rendered":"<p>\ud83c\udfe1 Im\u00f3vel dispon\u00edvel para loca\u00e7\u00e3o \u2013 Centro! \ud83d\udccc C\u00f3digo: CS2-160 \u2728 Detalhes do im\u00f3vel:\ud83d\udecf\ufe0f 2 dormit\u00f3rios bem arejados\ud83d\udecb\ufe0f Sala ampla e aconchegante \u2014 ideal para momentos em fam\u00edlia\ud83c\udf73 Cozinha funcional, perfeita para o dia a dia\ud83d\udcfa Sala de TV \/ quarto adicional, vers\u00e1til e confort\u00e1vel\ud83e\uddfa \u00c1rea de servi\u00e7o coberta\ud83d\udeb6 Corredor de acesso que garante boa [&hellip;]<\/p>\n","protected":false},"featured_media":4838,"template":"","meta":[],"product_brand":[],"product_cat":[54,34],"product_tag":[171],"class_list":{"0":"post-4836","1":"product","2":"type-product","3":"status-publish","4":"has-post-thumbnail","6":"product_cat-aluguel","7":"product_cat-casas","8":"product_tag-cs2-160","10":"first","11":"instock","12":"shipping-taxable","13":"purchasable","14":"product-type-simple"},"_links":{"self":[{"href":"https:\/\/euacholavras.com.br\/index.php?rest_route=\/wp\/v2\/product\/4836","targetHints":{"allow":["GET"]}}],"collection":[{"href":"https:\/\/euacholavras.com.br\/index.php?rest_route=\/wp\/v2\/product"}],"about":[{"href":"https:\/\/euacholavras.com.br\/index.php?rest_route=\/wp\/v2\/types\/product"}],"wp:featuredmedia":[{"embeddable":true,"href":"https:\/\/euacholavras.com.br\/index.php?rest_route=\/wp\/v2\/media\/4838"}],"wp:attachment":[{"href":"https:\/\/euacholavras.com.br\/index.php?rest_route=%2Fwp%2Fv2%2Fmedia&parent=4836"}],"wp:term":[{"taxonomy":"product_brand","embeddable":true,"href":"https:\/\/euacholavras.com.br\/index.php?rest_route=%2Fwp%2Fv2%2Fproduct_brand&post=4836"},{"taxonomy":"product_cat","embeddable":true,"href":"https:\/\/euacholavras.com.br\/index.php?rest_route=%2Fwp%2Fv2%2Fproduct_cat&post=4836"},{"taxonomy":"product_tag","embeddable":true,"href":"https:\/\/euacholavras.com.br\/index.php?rest_route=%2Fwp%2Fv2%2Fproduct_tag&post=4836"}],"curies":[{"name":"wp","href":"https:\/\/api.w.org\/{rel}","templated":true}]}}