{"id":4851,"date":"2025-11-06T16:05:48","date_gmt":"2025-11-06T16:05:48","guid":{"rendered":"https:\/\/euacholavras.com.br\/?post_type=product&#038;p=4851"},"modified":"2025-11-10T15:35:46","modified_gmt":"2025-11-10T15:35:46","slug":"%f0%9f%8f%a2-apartamento-disponivel-para-locacao-centro-da-cidade","status":"publish","type":"product","link":"https:\/\/euacholavras.com.br\/?product=%f0%9f%8f%a2-apartamento-disponivel-para-locacao-centro-da-cidade","title":{"rendered":"\ud83c\udfe2 Apartamento dispon\u00edvel para loca\u00e7\u00e3o \u2013 Centro da Cidade!"},"content":{"rendered":"<p data-start=\"102\" data-end=\"166\">\ud83c\udfe2 <strong data-start=\"105\" data-end=\"164\">Apartamento dispon\u00edvel para loca\u00e7\u00e3o \u2013 Centro da Cidade!<\/strong><\/p>\n<p data-start=\"168\" data-end=\"211\">\ud83d\udccc <strong data-start=\"171\" data-end=\"182\">C\u00f3digo:<\/strong> AP1-140<\/p>\n<p data-start=\"213\" data-end=\"669\">\u2728 <strong data-start=\"215\" data-end=\"238\">Detalhes do im\u00f3vel:<\/strong><br data-start=\"238\" data-end=\"241\" \/>\ud83d\udecf\ufe0f 3 dormit\u00f3rios, sendo 1 su\u00edte \u2014 todos com arm\u00e1rios embutidos<br data-start=\"304\" data-end=\"307\" \/>\ud83d\udecb\ufe0f Sala ampla e bem iluminada, perfeita para o conforto da fam\u00edlia<br data-start=\"374\" data-end=\"377\" \/>\ud83c\udf73 Cozinha planejada com arm\u00e1rios<br data-start=\"410\" data-end=\"413\" \/>\ud83d\udebf Banheiro social moderno<br data-start=\"439\" data-end=\"442\" \/>\ud83e\uddfa \u00c1rea de servi\u00e7o com banheiro auxiliar<br data-start=\"482\" data-end=\"485\" \/>\ud83c\udf3f Varanda \/ \u00e1rea de conviv\u00eancia aconchegante<br data-start=\"530\" data-end=\"533\" data-is-only-node=\"\" \/>\ud83d\ude97 2 vagas de garagem cobertas<br data-start=\"563\" data-end=\"566\" \/>\ud83d\udcde Interfone com c\u00e2mera acoplada<br data-start=\"598\" data-end=\"601\" \/>\ud83d\udc6e\u200d\u2642\ufe0f Portaria 24 horas, garantindo mais seguran\u00e7a e tranquilidade<\/p>\n<p data-start=\"671\" data-end=\"783\">\ud83d\udcb0 <strong data-start=\"674\" data-end=\"688\">Condi\u00e7\u00f5es:<\/strong><br data-start=\"688\" data-end=\"691\" \/>\ud83d\udd39 <strong data-start=\"694\" data-end=\"715\">Valor do aluguel:<\/strong> R$3.200,00<br data-start=\"746\" data-end=\"749\" \/>\ud83d\udd39 <strong data-start=\"752\" data-end=\"767\">Condom\u00ednio:<\/strong> valor \u00e0 parte<\/p>\n<p data-start=\"785\" data-end=\"963\">\ud83d\udccd <strong data-start=\"788\" data-end=\"804\">Localiza\u00e7\u00e3o:<\/strong><br data-start=\"804\" data-end=\"807\" \/>Situado no <strong data-start=\"818\" data-end=\"841\">Centro de Lavras\/MG<\/strong>, o im\u00f3vel oferece praticidade, seguran\u00e7a e f\u00e1cil acesso a com\u00e9rcios, servi\u00e7os e tudo o que voc\u00ea precisa no dia a dia. \u2728<\/p>\n<p data-start=\"965\" data-end=\"1109\">\ud83d\udcf2 <strong data-start=\"968\" data-end=\"990\">Agende sua visita:<\/strong><br data-start=\"990\" data-end=\"993\" \/>\ud83d\udc68\u200d\ud83d\udcbc <strong data-start=\"999\" data-end=\"1039\">Eu Acho Empreendimentos Imobili\u00e1rios<\/strong><br data-start=\"1039\" data-end=\"1042\" \/>\ud83c\udfe2 Av. Dr. Sylvio Menicucci, 234 A \u2013 Ign\u00e1cio Valentim \u2013 Lavras\/MG<\/p>\n<p data-start=\"1111\" data-end=\"1217\">\ud83d\udc8e <strong data-start=\"1114\" data-end=\"1212\">Conforto, localiza\u00e7\u00e3o e seguran\u00e7a em um s\u00f3 lugar! Seu novo lar no cora\u00e7\u00e3o da cidade te espera.<\/strong> \ud83c\udf1f<\/p>\n","protected":false},"excerpt":{"rendered":"<p>\ud83c\udfe2 Apartamento dispon\u00edvel para loca\u00e7\u00e3o \u2013 Centro da Cidade! \ud83d\udccc C\u00f3digo: AP1-140 \u2728 Detalhes do im\u00f3vel:\ud83d\udecf\ufe0f 3 dormit\u00f3rios, sendo 1 su\u00edte \u2014 todos com arm\u00e1rios embutidos\ud83d\udecb\ufe0f Sala ampla e bem iluminada, perfeita para o conforto da fam\u00edlia\ud83c\udf73 Cozinha planejada com arm\u00e1rios\ud83d\udebf Banheiro social moderno\ud83e\uddfa \u00c1rea de servi\u00e7o com banheiro auxiliar\ud83c\udf3f Varanda \/ \u00e1rea de conviv\u00eancia [&hellip;]<\/p>\n","protected":false},"featured_media":4852,"template":"","meta":[],"product_brand":[],"product_cat":[54,36],"product_tag":[172],"class_list":{"0":"post-4851","1":"product","2":"type-product","3":"status-publish","4":"has-post-thumbnail","6":"product_cat-aluguel","7":"product_cat-apartamento","8":"product_tag-ap1-140","10":"first","11":"instock","12":"shipping-taxable","13":"purchasable","14":"product-type-simple"},"_links":{"self":[{"href":"https:\/\/euacholavras.com.br\/index.php?rest_route=\/wp\/v2\/product\/4851","targetHints":{"allow":["GET"]}}],"collection":[{"href":"https:\/\/euacholavras.com.br\/index.php?rest_route=\/wp\/v2\/product"}],"about":[{"href":"https:\/\/euacholavras.com.br\/index.php?rest_route=\/wp\/v2\/types\/product"}],"wp:featuredmedia":[{"embeddable":true,"href":"https:\/\/euacholavras.com.br\/index.php?rest_route=\/wp\/v2\/media\/4852"}],"wp:attachment":[{"href":"https:\/\/euacholavras.com.br\/index.php?rest_route=%2Fwp%2Fv2%2Fmedia&parent=4851"}],"wp:term":[{"taxonomy":"product_brand","embeddable":true,"href":"https:\/\/euacholavras.com.br\/index.php?rest_route=%2Fwp%2Fv2%2Fproduct_brand&post=4851"},{"taxonomy":"product_cat","embeddable":true,"href":"https:\/\/euacholavras.com.br\/index.php?rest_route=%2Fwp%2Fv2%2Fproduct_cat&post=4851"},{"taxonomy":"product_tag","embeddable":true,"href":"https:\/\/euacholavras.com.br\/index.php?rest_route=%2Fwp%2Fv2%2Fproduct_tag&post=4851"}],"curies":[{"name":"wp","href":"https:\/\/api.w.org\/{rel}","templated":true}]}}