{"id":4895,"date":"2025-11-10T15:23:53","date_gmt":"2025-11-10T15:23:53","guid":{"rendered":"https:\/\/euacholavras.com.br\/?post_type=product&#038;p=4895"},"modified":"2026-03-26T22:17:36","modified_gmt":"2026-03-26T22:17:36","slug":"%f0%9f%92%bc-ponto-comercial-disponivel-para-locacao-em-lavras","status":"publish","type":"product","link":"https:\/\/euacholavras.com.br\/?product=%f0%9f%92%bc-ponto-comercial-disponivel-para-locacao-em-lavras","title":{"rendered":"\ud83d\udcbc Ponto Comercial Dispon\u00edvel para Loca\u00e7\u00e3o em Lavras!"},"content":{"rendered":"<p data-start=\"64\" data-end=\"205\">Se voc\u00ea est\u00e1 procurando um <strong data-start=\"91\" data-end=\"151\">espa\u00e7o comercial bem localizado, amplo e pronto para uso<\/strong>, essa \u00e9 a oportunidade perfeita para o seu neg\u00f3cio!<\/p>\n<p data-start=\"207\" data-end=\"490\">\ud83c\udfe2 <strong data-start=\"210\" data-end=\"244\">Ambiente vers\u00e1til e funcional:<\/strong><br data-start=\"244\" data-end=\"247\" \/>Este ponto comercial conta com <strong data-start=\"278\" data-end=\"296\">sal\u00e3o espa\u00e7oso<\/strong>, ideal para <strong data-start=\"309\" data-end=\"377\">lojas, escrit\u00f3rios, consult\u00f3rios, est\u00fadios ou pequenos com\u00e9rcios<\/strong>. Al\u00e9m disso, disp\u00f5e de <strong data-start=\"401\" data-end=\"420\">\u00e1rea de cozinha<\/strong> e <strong data-start=\"423\" data-end=\"435\">banheiro<\/strong>, garantindo praticidade e conforto para o dia a dia.<\/p>\n<p data-start=\"492\" data-end=\"752\">\ud83d\udccd <strong data-start=\"495\" data-end=\"565\">Localiza\u00e7\u00e3o privilegiada na Avenida Evaristo Gomes Guerra:<\/strong><br data-start=\"565\" data-end=\"568\" \/>Uma das avenidas mais movimentadas da cidade, com <strong data-start=\"618\" data-end=\"644\">excelente visibilidade<\/strong>, f\u00e1cil acesso e \u00f3timo fluxo de pedestres e ve\u00edculos \u2014 ideal para quem deseja dar destaque ao seu neg\u00f3cio.<\/p>\n<p data-start=\"754\" data-end=\"782\">\u2728 <strong data-start=\"756\" data-end=\"780\">Destaques do im\u00f3vel:<\/strong><\/p>\n<ul data-start=\"783\" data-end=\"958\">\n<li data-start=\"783\" data-end=\"814\">\n<p data-start=\"785\" data-end=\"814\">Sal\u00e3o amplo e bem iluminado<\/p>\n<\/li>\n<li data-start=\"815\" data-end=\"834\">\n<p data-start=\"817\" data-end=\"834\">\u00c1rea de cozinha<\/p>\n<\/li>\n<li data-start=\"835\" data-end=\"858\">\n<p data-start=\"837\" data-end=\"858\">Banheiro individual<\/p>\n<\/li>\n<li data-start=\"859\" data-end=\"915\">\n<p data-start=\"861\" data-end=\"915\">Ponto comercial com \u00f3tima localiza\u00e7\u00e3o e visibilidade<\/p>\n<\/li>\n<li data-start=\"916\" data-end=\"958\">\n<p data-start=\"918\" data-end=\"958\">Ideal para diversos tipos de atividade<\/p>\n<\/li>\n<\/ul>\n<p data-start=\"960\" data-end=\"1015\">\ud83d\udcb0 <strong data-start=\"963\" data-end=\"984\">Valor do aluguel:<\/strong> R$ 2.500,00 (<strong data-start=\"998\" data-end=\"1012\">negoci\u00e1vel<\/strong>)<\/p>\n<p data-start=\"1017\" data-end=\"1149\">\ud83d\udcf2 <strong data-start=\"1020\" data-end=\"1061\">Entre em contato com nosso consultor:<\/strong><br data-start=\"1061\" data-end=\"1064\" \/>Marcus Vinicius \u2013 Consultor Imobili\u00e1rio<br data-start=\"1103\" data-end=\"1106\" \/>\ud83d\udcf1 (35) 9197-7824<br data-start=\"1123\" data-end=\"1126\" \/>\ud83d\udc68\u200d\ud83d\udcbc CRECI PJ \u2013 9205<\/p>\n<p data-start=\"1151\" data-end=\"1234\" data-is-last-node=\"\" data-is-only-node=\"\">\ud83c\udfe2 <strong data-start=\"1154\" data-end=\"1169\">Visite-nos:<\/strong><br data-start=\"1169\" data-end=\"1172\" \/>Av. Dr. Sylvio Menicucci, 234 A \u2013 Ign\u00e1cio Valentim \u2013 Lavras\/MG<\/p>\n","protected":false},"excerpt":{"rendered":"<p>Se voc\u00ea est\u00e1 procurando um espa\u00e7o comercial bem localizado, amplo e pronto para uso, essa \u00e9 a oportunidade perfeita para o seu neg\u00f3cio! \ud83c\udfe2 Ambiente vers\u00e1til e funcional:Este ponto comercial conta com sal\u00e3o espa\u00e7oso, ideal para lojas, escrit\u00f3rios, consult\u00f3rios, est\u00fadios ou pequenos com\u00e9rcios. Al\u00e9m disso, disp\u00f5e de \u00e1rea de cozinha e banheiro, garantindo praticidade e [&hellip;]<\/p>\n","protected":false},"featured_media":4896,"template":"","meta":[],"product_brand":[],"product_cat":[54,52],"product_tag":[175],"class_list":{"0":"post-4895","1":"product","2":"type-product","3":"status-publish","4":"has-post-thumbnail","6":"product_cat-aluguel","7":"product_cat-pontoscomerciais","8":"product_tag-cm17-162","10":"first","11":"instock","12":"shipping-taxable","13":"purchasable","14":"product-type-simple"},"_links":{"self":[{"href":"https:\/\/euacholavras.com.br\/index.php?rest_route=\/wp\/v2\/product\/4895","targetHints":{"allow":["GET"]}}],"collection":[{"href":"https:\/\/euacholavras.com.br\/index.php?rest_route=\/wp\/v2\/product"}],"about":[{"href":"https:\/\/euacholavras.com.br\/index.php?rest_route=\/wp\/v2\/types\/product"}],"wp:featuredmedia":[{"embeddable":true,"href":"https:\/\/euacholavras.com.br\/index.php?rest_route=\/wp\/v2\/media\/4896"}],"wp:attachment":[{"href":"https:\/\/euacholavras.com.br\/index.php?rest_route=%2Fwp%2Fv2%2Fmedia&parent=4895"}],"wp:term":[{"taxonomy":"product_brand","embeddable":true,"href":"https:\/\/euacholavras.com.br\/index.php?rest_route=%2Fwp%2Fv2%2Fproduct_brand&post=4895"},{"taxonomy":"product_cat","embeddable":true,"href":"https:\/\/euacholavras.com.br\/index.php?rest_route=%2Fwp%2Fv2%2Fproduct_cat&post=4895"},{"taxonomy":"product_tag","embeddable":true,"href":"https:\/\/euacholavras.com.br\/index.php?rest_route=%2Fwp%2Fv2%2Fproduct_tag&post=4895"}],"curies":[{"name":"wp","href":"https:\/\/api.w.org\/{rel}","templated":true}]}}