{"id":4911,"date":"2025-11-13T15:34:00","date_gmt":"2025-11-13T15:34:00","guid":{"rendered":"https:\/\/euacholavras.com.br\/?post_type=product&#038;p=4911"},"modified":"2025-11-13T15:34:00","modified_gmt":"2025-11-13T15:34:00","slug":"%f0%9f%93%8d-apartamento-para-locacao-bairro-pitangui","status":"publish","type":"product","link":"https:\/\/euacholavras.com.br\/?product=%f0%9f%93%8d-apartamento-para-locacao-bairro-pitangui","title":{"rendered":"\ud83d\udccd Apartamento para loca\u00e7\u00e3o \u2013 Bairro Pitangui"},"content":{"rendered":"<p>Apartamento para loca\u00e7\u00e3o \u2013 Bairro Pitangui, Lavras\/MG<\/p>\n<p>\u2728 Excelente Apartamento, localizado no Bairro Pitangui, nas proximidades da Universidade Federal de Lavras (UFLA) \ud83c\udf93.<\/p>\n<p>Ideal para quem busca conforto, praticidade e \u00f3tima localiza\u00e7\u00e3o!<br \/>\nDetalhes do im\u00f3vel:<\/p>\n<p>\ud83d\udecf\ufe0f 2 dormit\u00f3rios<br \/>\n\ud83d\udecb\ufe0f Sala<br \/>\n\ud83c\udf7d\ufe0f Cozinha<br \/>\n\ud83d\udebf Banheiro social<br \/>\n\ud83e\uddfa \u00c1rea de servi\u00e7o<br \/>\n\ud83d\udcb0 Valor do aluguel: R$ 1.250,00 mensais<br \/>\n\u2795 IPTU: consultar valor atualizado.<\/p>\n<p>\ud83c\udfe1 C\u00f3digo do Im\u00f3vel: AP8 &#8211; 164<\/p>\n<p>\ud83d\udccc Uma excelente oportunidade para estudantes e profissionais que desejam morar em um ambiente tranquilo, seguro e pr\u00f3ximo \u00e0 UFLA!<\/p>\n<p>\ud83d\udcf2 Entre em contato com nossa consultora:<br \/>\n\ud83d\udc69\u200d\ud83d\udcbc Jenifer \u2013 Consultora Imobili\u00e1ria<br \/>\n\ud83d\udcf1 (35) 9197-7824<br \/>\n\ud83c\udfe2 CRECI PJ \u2013 9205<br \/>\n\ud83d\udccd Visite-nos:<br \/>\nAv. Dr. Silvio Menicucci, 234 A \u2013 Ign\u00e1cio Valentim \u2013 Lavras\/MG<\/p>\n","protected":false},"excerpt":{"rendered":"<p>Apartamento para loca\u00e7\u00e3o \u2013 Bairro Pitangui, Lavras\/MG \u2728 Excelente Apartamento, localizado no Bairro Pitangui, nas proximidades da Universidade Federal de Lavras (UFLA) \ud83c\udf93. Ideal para quem busca conforto, praticidade e \u00f3tima localiza\u00e7\u00e3o! Detalhes do im\u00f3vel: \ud83d\udecf\ufe0f 2 dormit\u00f3rios \ud83d\udecb\ufe0f Sala \ud83c\udf7d\ufe0f Cozinha \ud83d\udebf Banheiro social \ud83e\uddfa \u00c1rea de servi\u00e7o \ud83d\udcb0 Valor do aluguel: R$ 1.250,00 [&hellip;]<\/p>\n","protected":false},"featured_media":4913,"template":"","meta":[],"product_brand":[],"product_cat":[54,36],"product_tag":[177],"class_list":{"0":"post-4911","1":"product","2":"type-product","3":"status-publish","4":"has-post-thumbnail","6":"product_cat-aluguel","7":"product_cat-apartamento","8":"product_tag-ap8-164","10":"first","11":"instock","12":"shipping-taxable","13":"purchasable","14":"product-type-simple"},"_links":{"self":[{"href":"https:\/\/euacholavras.com.br\/index.php?rest_route=\/wp\/v2\/product\/4911","targetHints":{"allow":["GET"]}}],"collection":[{"href":"https:\/\/euacholavras.com.br\/index.php?rest_route=\/wp\/v2\/product"}],"about":[{"href":"https:\/\/euacholavras.com.br\/index.php?rest_route=\/wp\/v2\/types\/product"}],"wp:featuredmedia":[{"embeddable":true,"href":"https:\/\/euacholavras.com.br\/index.php?rest_route=\/wp\/v2\/media\/4913"}],"wp:attachment":[{"href":"https:\/\/euacholavras.com.br\/index.php?rest_route=%2Fwp%2Fv2%2Fmedia&parent=4911"}],"wp:term":[{"taxonomy":"product_brand","embeddable":true,"href":"https:\/\/euacholavras.com.br\/index.php?rest_route=%2Fwp%2Fv2%2Fproduct_brand&post=4911"},{"taxonomy":"product_cat","embeddable":true,"href":"https:\/\/euacholavras.com.br\/index.php?rest_route=%2Fwp%2Fv2%2Fproduct_cat&post=4911"},{"taxonomy":"product_tag","embeddable":true,"href":"https:\/\/euacholavras.com.br\/index.php?rest_route=%2Fwp%2Fv2%2Fproduct_tag&post=4911"}],"curies":[{"name":"wp","href":"https:\/\/api.w.org\/{rel}","templated":true}]}}