{"id":4967,"date":"2025-11-19T15:32:54","date_gmt":"2025-11-19T15:32:54","guid":{"rendered":"https:\/\/euacholavras.com.br\/?post_type=product&#038;p=4967"},"modified":"2026-03-26T22:17:17","modified_gmt":"2026-03-26T22:17:17","slug":"%f0%9f%8f%a1-casa-disponivel-para-locacao-bairro-agua-limpa","status":"publish","type":"product","link":"https:\/\/euacholavras.com.br\/?product=%f0%9f%8f%a1-casa-disponivel-para-locacao-bairro-agua-limpa","title":{"rendered":"\ud83c\udfe1 Casa dispon\u00edvel para loca\u00e7\u00e3o \u2013 Bairro \u00c1gua Limpa!"},"content":{"rendered":"<p data-start=\"0\" data-end=\"56\">\ud83c\udfe1 <strong data-start=\"3\" data-end=\"56\">Casa dispon\u00edvel para loca\u00e7\u00e3o \u2013 Bairro \u00c1gua Limpa!<\/strong><\/p>\n<p data-start=\"58\" data-end=\"115\">\ud83d\udccc <strong data-start=\"61\" data-end=\"80\">C\u00f3digo: CS9-163<\/strong><\/p>\n<p data-start=\"117\" data-end=\"465\">\u2728 <strong data-start=\"119\" data-end=\"142\">Detalhes do im\u00f3vel:<\/strong><br data-start=\"142\" data-end=\"145\" \/>\ud83d\udecf\ufe0f <strong data-start=\"149\" data-end=\"166\">3 dormit\u00f3rios<\/strong> amplos e bem iluminados<br data-start=\"190\" data-end=\"193\" \/>\ud83d\udecb\ufe0f <strong data-start=\"197\" data-end=\"218\">Sala aconchegante<\/strong> para receber fam\u00edlia e amigos<br data-start=\"248\" data-end=\"251\" data-is-only-node=\"\" \/>\ud83c\udf73 <strong data-start=\"254\" data-end=\"275\">Cozinha funcional<\/strong>, ideal para o dia a dia<br data-start=\"299\" data-end=\"302\" \/>\ud83d\udebb <strong data-start=\"305\" data-end=\"315\">Lavabo<\/strong> para mais praticidade<br data-start=\"337\" data-end=\"340\" \/>\ud83d\udec1 <strong data-start=\"343\" data-end=\"362\">Banheiro social<\/strong><br data-start=\"362\" data-end=\"365\" \/>\ud83e\uddfa <strong data-start=\"368\" data-end=\"387\">\u00c1rea de servi\u00e7o<\/strong><br data-start=\"387\" data-end=\"390\" \/>\ud83d\ude97 <strong data-start=\"393\" data-end=\"404\">Garagem<\/strong><br data-start=\"404\" data-end=\"407\" \/>\ud83c\udf3f <strong data-start=\"410\" data-end=\"421\">Quintal<\/strong> \u2014 perfeito para lazer, pets ou jardinagem<\/p>\n<p data-start=\"467\" data-end=\"577\">\ud83d\udcb0 <strong data-start=\"470\" data-end=\"484\">Condi\u00e7\u00f5es:<\/strong><br data-start=\"484\" data-end=\"487\" \/>\ud83d\udd39 Aluguel: <strong data-start=\"499\" data-end=\"522\">R$ 1.100,00 mensais<\/strong><\/p>\n<p data-start=\"579\" data-end=\"750\">\ud83d\udccd <strong data-start=\"582\" data-end=\"598\">Localiza\u00e7\u00e3o:<\/strong><br data-start=\"598\" data-end=\"601\" \/>Localizada no <strong data-start=\"615\" data-end=\"636\">Bairro \u00c1gua Limpa<\/strong>, regi\u00e3o tranquila, com boa vizinhan\u00e7a e f\u00e1cil acesso \u2014 ideal para quem busca conforto e praticidade em Lavras\/MG.<\/p>\n<p data-start=\"752\" data-end=\"896\">\ud83d\udcf2 <strong data-start=\"755\" data-end=\"777\">Agende sua visita:<\/strong><br data-start=\"777\" data-end=\"780\" \/>\ud83d\udc68\u200d\ud83d\udcbc <strong data-start=\"786\" data-end=\"826\">Eu Acho Empreendimentos Imobili\u00e1rios<\/strong><br data-start=\"826\" data-end=\"829\" \/>\ud83c\udfe2 Av. Dr. Sylvio Menicucci, 234 A \u2013 Ign\u00e1cio Valentim \u2013 Lavras\/MG<\/p>\n<p data-start=\"898\" data-end=\"979\" data-is-last-node=\"\" data-is-only-node=\"\">\u2728 <strong data-start=\"900\" data-end=\"979\" data-is-last-node=\"\">Seu pr\u00f3ximo lar est\u00e1 aqui \u2014 amplo, confort\u00e1vel e com \u00f3timo custo-benef\u00edcio!<\/strong><\/p>\n","protected":false},"excerpt":{"rendered":"<p>\ud83c\udfe1 Casa dispon\u00edvel para loca\u00e7\u00e3o \u2013 Bairro \u00c1gua Limpa! \ud83d\udccc C\u00f3digo: CS9-163 \u2728 Detalhes do im\u00f3vel:\ud83d\udecf\ufe0f 3 dormit\u00f3rios amplos e bem iluminados\ud83d\udecb\ufe0f Sala aconchegante para receber fam\u00edlia e amigos\ud83c\udf73 Cozinha funcional, ideal para o dia a dia\ud83d\udebb Lavabo para mais praticidade\ud83d\udec1 Banheiro social\ud83e\uddfa \u00c1rea de servi\u00e7o\ud83d\ude97 Garagem\ud83c\udf3f Quintal \u2014 perfeito para lazer, pets ou jardinagem [&hellip;]<\/p>\n","protected":false},"featured_media":4968,"template":"","meta":[],"product_brand":[],"product_cat":[54,34],"product_tag":[181],"class_list":{"0":"post-4967","1":"product","2":"type-product","3":"status-publish","4":"has-post-thumbnail","6":"product_cat-aluguel","7":"product_cat-casas","8":"product_tag-cs9-163","10":"first","11":"instock","12":"shipping-taxable","13":"purchasable","14":"product-type-simple"},"_links":{"self":[{"href":"https:\/\/euacholavras.com.br\/index.php?rest_route=\/wp\/v2\/product\/4967","targetHints":{"allow":["GET"]}}],"collection":[{"href":"https:\/\/euacholavras.com.br\/index.php?rest_route=\/wp\/v2\/product"}],"about":[{"href":"https:\/\/euacholavras.com.br\/index.php?rest_route=\/wp\/v2\/types\/product"}],"wp:featuredmedia":[{"embeddable":true,"href":"https:\/\/euacholavras.com.br\/index.php?rest_route=\/wp\/v2\/media\/4968"}],"wp:attachment":[{"href":"https:\/\/euacholavras.com.br\/index.php?rest_route=%2Fwp%2Fv2%2Fmedia&parent=4967"}],"wp:term":[{"taxonomy":"product_brand","embeddable":true,"href":"https:\/\/euacholavras.com.br\/index.php?rest_route=%2Fwp%2Fv2%2Fproduct_brand&post=4967"},{"taxonomy":"product_cat","embeddable":true,"href":"https:\/\/euacholavras.com.br\/index.php?rest_route=%2Fwp%2Fv2%2Fproduct_cat&post=4967"},{"taxonomy":"product_tag","embeddable":true,"href":"https:\/\/euacholavras.com.br\/index.php?rest_route=%2Fwp%2Fv2%2Fproduct_tag&post=4967"}],"curies":[{"name":"wp","href":"https:\/\/api.w.org\/{rel}","templated":true}]}}