{"id":5012,"date":"2025-12-04T14:09:19","date_gmt":"2025-12-04T14:09:19","guid":{"rendered":"https:\/\/euacholavras.com.br\/?post_type=product&#038;p=5012"},"modified":"2025-12-04T14:09:19","modified_gmt":"2025-12-04T14:09:19","slug":"%f0%9f%8f%a1-apartamento-para-locacao-bairro-colinas-da-serra","status":"publish","type":"product","link":"https:\/\/euacholavras.com.br\/?product=%f0%9f%8f%a1-apartamento-para-locacao-bairro-colinas-da-serra","title":{"rendered":"\ud83c\udfe1 Apartamento para loca\u00e7\u00e3o \u2013 Bairro Colinas da Serra"},"content":{"rendered":"<p data-start=\"79\" data-end=\"133\">\ud83c\udfe1 <strong data-start=\"82\" data-end=\"133\">Apartamento para loca\u00e7\u00e3o \u2013 Bairro Colinas da Serra<\/strong><\/p>\n<p data-start=\"135\" data-end=\"390\">\u2728 Excelente apartamento dispon\u00edvel para loca\u00e7\u00e3o no Bairro Colinas da Serra , uma regi\u00e3o tranquila, bem estruturada e pr\u00f3xima a supermercados, farm\u00e1cias, padarias e diversos pontos de conveni\u00eancia do dia a dia. Ideal para quem busca conforto e praticidade! \ud83c\udfd9\ufe0f<\/p>\n<p data-start=\"392\" data-end=\"698\"><strong data-start=\"392\" data-end=\"415\">Detalhes do im\u00f3vel:<\/strong><br data-start=\"415\" data-end=\"418\" \/>\ud83d\udecf\ufe0f 2 dormit\u00f3rios<br data-start=\"435\" data-end=\"438\" \/>\ud83d\udecb\ufe0f Sala aconchegante<br data-start=\"459\" data-end=\"462\" \/>\ud83c\udf73 Cozinha funcional<br data-start=\"482\" data-end=\"485\" \/>\ud83d\udec1 Banheiro social<br data-start=\"503\" data-end=\"506\" \/>\ud83e\uddfa \u00c1rea de servi\u00e7o<br data-start=\"524\" data-end=\"527\" \/>\ud83d\udd25 \u00c1rea gourmet<br data-start=\"542\" data-end=\"545\" \/>\ud83c\udfa0 Playground para crian\u00e7as<br data-start=\"572\" data-end=\"575\" \/>\ud83d\ude97 Vaga de garagem<br data-start=\"593\" data-end=\"596\" \/>\ud83d\udcb0 <strong data-start=\"599\" data-end=\"620\">Valor do aluguel:<\/strong> R$ 1.200,00 mensais<\/p>\n<p data-start=\"700\" data-end=\"765\">\ud83c\udfe1 <strong data-start=\"703\" data-end=\"724\">C\u00f3digo do Im\u00f3vel:<\/strong> AP15-186<\/p>\n<p data-start=\"767\" data-end=\"902\">\ud83d\udccc Uma \u00f3tima oportunidade para morar em um apartamento completo, com \u00e1reas de lazer, conforto e excelente localiza\u00e7\u00e3o no Colinas da Serra!<\/p>\n<p data-start=\"904\" data-end=\"1033\">\ud83d\udcf2 <strong data-start=\"907\" data-end=\"949\">Entre em contato com nossa consultora:<\/strong><br data-start=\"949\" data-end=\"952\" \/>\ud83d\udc69\u200d\ud83d\udcbc Jenifer \u2013 Consultora Imobili\u00e1ria<br data-start=\"990\" data-end=\"993\" \/>\ud83d\udcf1 (35) 9197-7824<br data-start=\"1010\" data-end=\"1013\" \/>\ud83c\udfe2 CRECI PJ \u2013 9205<\/p>\n<p data-start=\"1035\" data-end=\"1118\">\ud83d\udccd <strong data-start=\"1038\" data-end=\"1053\">Visite-nos:<\/strong><br data-start=\"1053\" data-end=\"1056\" \/>Av. Dr. Silvio Menicucci, 234 A \u2013 Ign\u00e1cio Valentim \u2013 Lavras\/MG<\/p>\n","protected":false},"excerpt":{"rendered":"<p>\ud83c\udfe1 Apartamento para loca\u00e7\u00e3o \u2013 Bairro Colinas da Serra \u2728 Excelente apartamento dispon\u00edvel para loca\u00e7\u00e3o no Bairro Colinas da Serra , uma regi\u00e3o tranquila, bem estruturada e pr\u00f3xima a supermercados, farm\u00e1cias, padarias e diversos pontos de conveni\u00eancia do dia a dia. Ideal para quem busca conforto e praticidade! \ud83c\udfd9\ufe0f Detalhes do im\u00f3vel:\ud83d\udecf\ufe0f 2 dormit\u00f3rios\ud83d\udecb\ufe0f Sala [&hellip;]<\/p>\n","protected":false},"featured_media":5013,"template":"","meta":[],"product_brand":[],"product_cat":[54,36],"product_tag":[184],"class_list":{"0":"post-5012","1":"product","2":"type-product","3":"status-publish","4":"has-post-thumbnail","6":"product_cat-aluguel","7":"product_cat-apartamento","8":"product_tag-ap15-186","10":"first","11":"instock","12":"shipping-taxable","13":"purchasable","14":"product-type-simple"},"_links":{"self":[{"href":"https:\/\/euacholavras.com.br\/index.php?rest_route=\/wp\/v2\/product\/5012","targetHints":{"allow":["GET"]}}],"collection":[{"href":"https:\/\/euacholavras.com.br\/index.php?rest_route=\/wp\/v2\/product"}],"about":[{"href":"https:\/\/euacholavras.com.br\/index.php?rest_route=\/wp\/v2\/types\/product"}],"wp:featuredmedia":[{"embeddable":true,"href":"https:\/\/euacholavras.com.br\/index.php?rest_route=\/wp\/v2\/media\/5013"}],"wp:attachment":[{"href":"https:\/\/euacholavras.com.br\/index.php?rest_route=%2Fwp%2Fv2%2Fmedia&parent=5012"}],"wp:term":[{"taxonomy":"product_brand","embeddable":true,"href":"https:\/\/euacholavras.com.br\/index.php?rest_route=%2Fwp%2Fv2%2Fproduct_brand&post=5012"},{"taxonomy":"product_cat","embeddable":true,"href":"https:\/\/euacholavras.com.br\/index.php?rest_route=%2Fwp%2Fv2%2Fproduct_cat&post=5012"},{"taxonomy":"product_tag","embeddable":true,"href":"https:\/\/euacholavras.com.br\/index.php?rest_route=%2Fwp%2Fv2%2Fproduct_tag&post=5012"}],"curies":[{"name":"wp","href":"https:\/\/api.w.org\/{rel}","templated":true}]}}