{"id":5050,"date":"2025-12-19T17:45:45","date_gmt":"2025-12-19T17:45:45","guid":{"rendered":"https:\/\/euacholavras.com.br\/?post_type=product&#038;p=5050"},"modified":"2026-01-09T13:59:03","modified_gmt":"2026-01-09T13:59:03","slug":"%f0%9f%8f%a1-casa-disponivel-para-locacao-bairro-jardim-america","status":"publish","type":"product","link":"https:\/\/euacholavras.com.br\/?product=%f0%9f%8f%a1-casa-disponivel-para-locacao-bairro-jardim-america","title":{"rendered":"\ud83c\udfe1 Casa dispon\u00edvel para loca\u00e7\u00e3o \u2013 Bairro Jardim Am\u00e9rica!"},"content":{"rendered":"<p>\ud83c\udfe1 <strong data-start=\"3\" data-end=\"60\">Casa dispon\u00edvel para loca\u00e7\u00e3o \u2013 Bairro Jardim Am\u00e9rica!<\/strong><\/p>\n<p data-start=\"62\" data-end=\"111\">\ud83d\udccc <strong data-start=\"65\" data-end=\"76\">C\u00f3digo:<\/strong> KT18-196<\/p>\n<p data-start=\"113\" data-end=\"256\">\u2728 <strong data-start=\"115\" data-end=\"138\">Detalhes do im\u00f3vel:<\/strong><br \/>\n\ud83d\udecf\ufe0f 1 dormit\u00f3rio<br data-start=\"155\" data-end=\"158\" \/>\ud83c\udf73 Cozinha funcional<br data-start=\"178\" data-end=\"181\" \/>\ud83d\udec1 Banheiro social<br data-start=\"199\" data-end=\"202\" \/>\ud83e\uddfa \u00c1rea de servi\u00e7o<br data-start=\"220\" data-end=\"223\" data-is-only-node=\"\" \/>\ud83d\ude97 Garagem para <strong data-start=\"239\" data-end=\"254\">dois carros<\/strong><\/p>\n<p data-start=\"258\" data-end=\"309\">\ud83d\udcb0 <strong data-start=\"261\" data-end=\"275\">Condi\u00e7\u00f5es:<\/strong><br \/>\n\ud83d\udd39 Aluguel: <strong data-start=\"288\" data-end=\"309\">R$1.200,00 mensais<\/strong><\/p>\n<p data-start=\"311\" data-end=\"527\">\ud83d\udccd <strong data-start=\"314\" data-end=\"330\">Localiza\u00e7\u00e3o:<\/strong><br \/>\nLocalizada no <strong data-start=\"345\" data-end=\"370\">Bairro Jardim Am\u00e9rica<\/strong>, uma regi\u00e3o tranquila e de f\u00e1cil acesso em Lavras\/MG, este im\u00f3vel \u00e9 ideal para quem busca praticidade, conforto e um excelente custo-benef\u00edcio no dia a dia.<\/p>\n<p data-start=\"529\" data-end=\"671\">\ud83d\udcf2 <strong data-start=\"532\" data-end=\"554\">Agende sua visita:<\/strong><br \/>\n\ud83d\udc68\u200d\ud83d\udcbc <strong data-start=\"561\" data-end=\"601\">Eu Acho Empreendimentos Imobili\u00e1rios<\/strong><br data-start=\"601\" data-end=\"604\" \/>\ud83c\udfe2 Av. Dr. Sylvio Menicucci, 234 A \u2013 Ign\u00e1cio Valentim \u2013 Lavras\/MG<\/p>\n<p data-start=\"529\" data-end=\"671\"><img decoding=\"async\" class=\"emoji\" role=\"img\" draggable=\"false\" src=\"https:\/\/s.w.org\/images\/core\/emoji\/16.0.1\/svg\/1f4dd.svg\" alt=\"\ud83d\udcdd\" \/>\u00a0CRECI 9205 PJ<\/p>\n<p data-start=\"673\" data-end=\"742\">\u2728 <strong data-start=\"675\" data-end=\"742\">Uma \u00f3tima oportunidade para morar bem, com conforto e economia!<\/strong><\/p>\n","protected":false},"excerpt":{"rendered":"<p>\ud83c\udfe1 Casa dispon\u00edvel para loca\u00e7\u00e3o \u2013 Bairro Jardim Am\u00e9rica! \ud83d\udccc C\u00f3digo: KT18-196 \u2728 Detalhes do im\u00f3vel: \ud83d\udecf\ufe0f 1 dormit\u00f3rio\ud83c\udf73 Cozinha funcional\ud83d\udec1 Banheiro social\ud83e\uddfa \u00c1rea de servi\u00e7o\ud83d\ude97 Garagem para dois carros \ud83d\udcb0 Condi\u00e7\u00f5es: \ud83d\udd39 Aluguel: R$1.200,00 mensais \ud83d\udccd Localiza\u00e7\u00e3o: Localizada no Bairro Jardim Am\u00e9rica, uma regi\u00e3o tranquila e de f\u00e1cil acesso em Lavras\/MG, este im\u00f3vel \u00e9 [&hellip;]<\/p>\n","protected":false},"featured_media":5051,"template":"","meta":[],"product_brand":[],"product_cat":[54,34,56],"product_tag":[191],"class_list":{"0":"post-5050","1":"product","2":"type-product","3":"status-publish","4":"has-post-thumbnail","6":"product_cat-aluguel","7":"product_cat-casas","8":"product_cat-kitnet","9":"product_tag-kt18-196","11":"first","12":"instock","13":"shipping-taxable","14":"purchasable","15":"product-type-simple"},"_links":{"self":[{"href":"https:\/\/euacholavras.com.br\/index.php?rest_route=\/wp\/v2\/product\/5050","targetHints":{"allow":["GET"]}}],"collection":[{"href":"https:\/\/euacholavras.com.br\/index.php?rest_route=\/wp\/v2\/product"}],"about":[{"href":"https:\/\/euacholavras.com.br\/index.php?rest_route=\/wp\/v2\/types\/product"}],"wp:featuredmedia":[{"embeddable":true,"href":"https:\/\/euacholavras.com.br\/index.php?rest_route=\/wp\/v2\/media\/5051"}],"wp:attachment":[{"href":"https:\/\/euacholavras.com.br\/index.php?rest_route=%2Fwp%2Fv2%2Fmedia&parent=5050"}],"wp:term":[{"taxonomy":"product_brand","embeddable":true,"href":"https:\/\/euacholavras.com.br\/index.php?rest_route=%2Fwp%2Fv2%2Fproduct_brand&post=5050"},{"taxonomy":"product_cat","embeddable":true,"href":"https:\/\/euacholavras.com.br\/index.php?rest_route=%2Fwp%2Fv2%2Fproduct_cat&post=5050"},{"taxonomy":"product_tag","embeddable":true,"href":"https:\/\/euacholavras.com.br\/index.php?rest_route=%2Fwp%2Fv2%2Fproduct_tag&post=5050"}],"curies":[{"name":"wp","href":"https:\/\/api.w.org\/{rel}","templated":true}]}}