{"id":5075,"date":"2026-01-07T17:11:51","date_gmt":"2026-01-07T17:11:51","guid":{"rendered":"https:\/\/euacholavras.com.br\/?post_type=product&#038;p=5075"},"modified":"2026-01-09T13:59:59","modified_gmt":"2026-01-09T13:59:59","slug":"%f0%9f%8f%a1-casa-disponivel-para-locacao-bairro-joaquim-sales","status":"publish","type":"product","link":"https:\/\/euacholavras.com.br\/?product=%f0%9f%8f%a1-casa-disponivel-para-locacao-bairro-joaquim-sales","title":{"rendered":"\ud83c\udfe1 Casa dispon\u00edvel para loca\u00e7\u00e3o \u2013 Bairro Joaquim Sales!"},"content":{"rendered":"<p data-start=\"132\" data-end=\"191\">\ud83c\udfe1 <strong data-start=\"135\" data-end=\"191\">Casa dispon\u00edvel para loca\u00e7\u00e3o \u2013 Bairro Joaquim Sales!<\/strong><\/p>\n<p data-start=\"193\" data-end=\"240\">\ud83d\udccc <strong data-start=\"196\" data-end=\"207\">C\u00f3digo:<\/strong> CS16-168<\/p>\n<p data-start=\"242\" data-end=\"442\">\u2728 <strong data-start=\"244\" data-end=\"267\">Detalhes do im\u00f3vel:<\/strong><br data-start=\"267\" data-end=\"270\" \/>\ud83d\udecf\ufe0f 3 dormit\u00f3rios<br data-start=\"287\" data-end=\"290\" \/>\ud83d\udecb\ufe0f Sala espa\u00e7osa<br data-start=\"307\" data-end=\"310\" \/>\ud83c\udf73 Cozinha funcional<br data-start=\"330\" data-end=\"333\" \/>\ud83d\udec1 2 banheiros<br data-start=\"347\" data-end=\"350\" \/>\ud83e\uddfa \u00c1rea de lavanderia<br data-start=\"371\" data-end=\"374\" \/>\ud83c\udf3f Terra\u00e7o amplo \u2014 \u00f3timo para momentos de lazer e ventila\u00e7\u00e3o natural<\/p>\n<p data-start=\"444\" data-end=\"548\">\ud83d\udcb0 <strong data-start=\"447\" data-end=\"461\">Condi\u00e7\u00f5es:<\/strong><br data-start=\"461\" data-end=\"464\" \/>\ud83d\udd39 Aluguel: <strong data-start=\"476\" data-end=\"499\">R$ 1.100,00 mensais<\/strong><\/p>\n<p data-start=\"550\" data-end=\"793\">\ud83d\udccd <strong data-start=\"553\" data-end=\"569\">Localiza\u00e7\u00e3o:<\/strong><br data-start=\"569\" data-end=\"572\" \/>Localizada no <strong data-start=\"586\" data-end=\"610\">Bairro Joaquim Sales<\/strong>, regi\u00e3o tranquila e bem situada em Lavras\/MG, esta casa \u00e9 ideal para fam\u00edlias ou para quem busca um im\u00f3vel com bom espa\u00e7o interno e um agrad\u00e1vel terra\u00e7o para aproveitar no dia a dia.<\/p>\n<p data-start=\"795\" data-end=\"937\">\ud83d\udcf2 <strong data-start=\"798\" data-end=\"820\">Agende sua visita:<\/strong><br data-start=\"820\" data-end=\"823\" \/>\ud83d\udc68\u200d\ud83d\udcbc <strong data-start=\"829\" data-end=\"869\">Eu Acho Empreendimentos Imobili\u00e1rios<\/strong><br data-start=\"869\" data-end=\"872\" \/>\ud83c\udfe2 Av. Dr. Sylvio Menicucci, 234 A \u2013 Ign\u00e1cio Valentim \u2013 Lavras\/MG<\/p>\n<p data-start=\"795\" data-end=\"937\"><img decoding=\"async\" class=\"emoji\" role=\"img\" draggable=\"false\" src=\"https:\/\/s.w.org\/images\/core\/emoji\/16.0.1\/svg\/1f4dd.svg\" alt=\"\ud83d\udcdd\" \/>\u00a0CRECI 9205 PJ<\/p>\n<p data-start=\"939\" data-end=\"1029\">\u2728 <strong data-start=\"941\" data-end=\"1029\">Excelente oportunidade para morar com conforto, praticidade e \u00f3timo custo-benef\u00edcio!<\/strong><\/p>\n","protected":false},"excerpt":{"rendered":"<p>\ud83c\udfe1 Casa dispon\u00edvel para loca\u00e7\u00e3o \u2013 Bairro Joaquim Sales! \ud83d\udccc C\u00f3digo: CS16-168 \u2728 Detalhes do im\u00f3vel:\ud83d\udecf\ufe0f 3 dormit\u00f3rios\ud83d\udecb\ufe0f Sala espa\u00e7osa\ud83c\udf73 Cozinha funcional\ud83d\udec1 2 banheiros\ud83e\uddfa \u00c1rea de lavanderia\ud83c\udf3f Terra\u00e7o amplo \u2014 \u00f3timo para momentos de lazer e ventila\u00e7\u00e3o natural \ud83d\udcb0 Condi\u00e7\u00f5es:\ud83d\udd39 Aluguel: R$ 1.100,00 mensais \ud83d\udccd Localiza\u00e7\u00e3o:Localizada no Bairro Joaquim Sales, regi\u00e3o tranquila e bem situada [&hellip;]<\/p>\n","protected":false},"featured_media":5076,"comment_status":"open","ping_status":"closed","template":"","meta":[],"product_brand":[],"product_cat":[54,34],"product_tag":[189],"class_list":{"0":"post-5075","1":"product","2":"type-product","3":"status-publish","4":"has-post-thumbnail","6":"product_cat-aluguel","7":"product_cat-casas","8":"product_tag-cs16-168","10":"first","11":"instock","12":"shipping-taxable","13":"purchasable","14":"product-type-simple"},"_links":{"self":[{"href":"https:\/\/euacholavras.com.br\/index.php?rest_route=\/wp\/v2\/product\/5075","targetHints":{"allow":["GET"]}}],"collection":[{"href":"https:\/\/euacholavras.com.br\/index.php?rest_route=\/wp\/v2\/product"}],"about":[{"href":"https:\/\/euacholavras.com.br\/index.php?rest_route=\/wp\/v2\/types\/product"}],"replies":[{"embeddable":true,"href":"https:\/\/euacholavras.com.br\/index.php?rest_route=%2Fwp%2Fv2%2Fcomments&post=5075"}],"wp:featuredmedia":[{"embeddable":true,"href":"https:\/\/euacholavras.com.br\/index.php?rest_route=\/wp\/v2\/media\/5076"}],"wp:attachment":[{"href":"https:\/\/euacholavras.com.br\/index.php?rest_route=%2Fwp%2Fv2%2Fmedia&parent=5075"}],"wp:term":[{"taxonomy":"product_brand","embeddable":true,"href":"https:\/\/euacholavras.com.br\/index.php?rest_route=%2Fwp%2Fv2%2Fproduct_brand&post=5075"},{"taxonomy":"product_cat","embeddable":true,"href":"https:\/\/euacholavras.com.br\/index.php?rest_route=%2Fwp%2Fv2%2Fproduct_cat&post=5075"},{"taxonomy":"product_tag","embeddable":true,"href":"https:\/\/euacholavras.com.br\/index.php?rest_route=%2Fwp%2Fv2%2Fproduct_tag&post=5075"}],"curies":[{"name":"wp","href":"https:\/\/api.w.org\/{rel}","templated":true}]}}