{"id":5177,"date":"2026-01-15T15:36:53","date_gmt":"2026-01-15T15:36:53","guid":{"rendered":"https:\/\/euacholavras.com.br\/?post_type=product&#038;p=5177"},"modified":"2026-01-16T20:45:38","modified_gmt":"2026-01-16T20:45:38","slug":"%f0%9f%8f%a1-casa-a-venda-rio-grande-proximo-a-usina-do-funil","status":"publish","type":"product","link":"https:\/\/euacholavras.com.br\/?product=%f0%9f%8f%a1-casa-a-venda-rio-grande-proximo-a-usina-do-funil","title":{"rendered":"\ud83c\udfe1 Casa \u00e0 venda \u2013 Rio Grande (pr\u00f3ximo \u00e0 Usina do Funil)"},"content":{"rendered":"<p data-start=\"0\" data-end=\"59\">\ud83c\udfe1 <strong data-start=\"3\" data-end=\"59\">Casa \u00e0 venda \u2013 Rio Grande (pr\u00f3ximo \u00e0 Usina do Funil)<\/strong><\/p>\n<p data-start=\"61\" data-end=\"116\">\u2728 <strong data-start=\"63\" data-end=\"116\">Excelente oportunidade para lazer ou investimento<\/strong><\/p>\n<p data-start=\"118\" data-end=\"229\">\u2728 <strong data-start=\"120\" data-end=\"143\">Detalhes do im\u00f3vel:<\/strong><br \/>\n\ud83d\udecf\ufe0f 1 quarto<br data-start=\"156\" data-end=\"159\" \/>\ud83c\udf73 Cozinha<br data-start=\"169\" data-end=\"172\" \/>\ud83d\udec1 1 banheiro<br data-start=\"185\" data-end=\"188\" \/>\ud83c\udf0a Vista privilegiada para o Rio Grande<\/p>\n<p data-start=\"118\" data-end=\"229\">1000 metros de terreno<\/p>\n<p data-start=\"231\" data-end=\"273\">\ud83d\udcb0 <strong data-start=\"234\" data-end=\"253\">Valor de venda:<\/strong><br \/>\n\ud83d\udd39 <strong data-start=\"257\" data-end=\"273\">R$ 90.000,00<\/strong><\/p>\n<p data-start=\"275\" data-end=\"546\">\ud83d\udccd <strong data-start=\"278\" data-end=\"294\">Localiza\u00e7\u00e3o:<\/strong><br \/>\nIm\u00f3vel localizado \u00e0s margens do <strong data-start=\"327\" data-end=\"341\">Rio Grande<\/strong>, pr\u00f3ximo \u00e0 <strong data-start=\"353\" data-end=\"371\">Usina do Funil<\/strong>, em uma regi\u00e3o tranquila, com contato direto com a natureza e uma vista encantadora do rio \u2014 ideal para quem busca descanso, lazer ou uma casa de apoio para finais de semana.<\/p>\n<p data-start=\"548\" data-end=\"646\">\u2728 <strong data-start=\"550\" data-end=\"646\">\u00d3tima oportunidade para quem deseja investir ou morar em um local calmo, com paisagem \u00fanica!<\/strong><\/p>\n<p data-start=\"548\" data-end=\"646\">\ud83d\udcf2 Agende sua visita: \ud83d\udc68\u200d\ud83d\udcbc Eu Acho Empreendimentos Imobili\u00e1rios \ud83c\udfe2 Av. Dr. Sylvio Menicucci, 234 A \u2013 Ign\u00e1cio Valentim \u2013 Lavras\/MG<\/p>\n<p data-start=\"548\" data-end=\"646\">\ud83d\udcdd CRECI 9205 PJ<\/p>\n<p data-start=\"648\" data-end=\"719\" data-is-last-node=\"\" data-is-only-node=\"\">\ud83d\udcf2 <strong data-start=\"651\" data-end=\"719\" data-is-last-node=\"\">Para mais informa\u00e7\u00f5es e agendamento de visita, entre em contato.<\/strong><\/p>\n","protected":false},"excerpt":{"rendered":"<p>\ud83c\udfe1 Casa \u00e0 venda \u2013 Rio Grande (pr\u00f3ximo \u00e0 Usina do Funil) \u2728 Excelente oportunidade para lazer ou investimento \u2728 Detalhes do im\u00f3vel: \ud83d\udecf\ufe0f 1 quarto\ud83c\udf73 Cozinha\ud83d\udec1 1 banheiro\ud83c\udf0a Vista privilegiada para o Rio Grande 1000 metros de terreno \ud83d\udcb0 Valor de venda: \ud83d\udd39 R$ 90.000,00 \ud83d\udccd Localiza\u00e7\u00e3o: Im\u00f3vel localizado \u00e0s margens do Rio Grande, [&hellip;]<\/p>\n","protected":false},"featured_media":5178,"comment_status":"open","ping_status":"closed","template":"","meta":[],"product_brand":[],"product_cat":[34,104,55],"product_tag":[],"class_list":{"0":"post-5177","1":"product","2":"type-product","3":"status-publish","4":"has-post-thumbnail","6":"product_cat-casas","7":"product_cat-sitio","8":"product_cat-venda","10":"first","11":"instock","12":"shipping-taxable","13":"purchasable","14":"product-type-simple"},"_links":{"self":[{"href":"https:\/\/euacholavras.com.br\/index.php?rest_route=\/wp\/v2\/product\/5177","targetHints":{"allow":["GET"]}}],"collection":[{"href":"https:\/\/euacholavras.com.br\/index.php?rest_route=\/wp\/v2\/product"}],"about":[{"href":"https:\/\/euacholavras.com.br\/index.php?rest_route=\/wp\/v2\/types\/product"}],"replies":[{"embeddable":true,"href":"https:\/\/euacholavras.com.br\/index.php?rest_route=%2Fwp%2Fv2%2Fcomments&post=5177"}],"wp:featuredmedia":[{"embeddable":true,"href":"https:\/\/euacholavras.com.br\/index.php?rest_route=\/wp\/v2\/media\/5178"}],"wp:attachment":[{"href":"https:\/\/euacholavras.com.br\/index.php?rest_route=%2Fwp%2Fv2%2Fmedia&parent=5177"}],"wp:term":[{"taxonomy":"product_brand","embeddable":true,"href":"https:\/\/euacholavras.com.br\/index.php?rest_route=%2Fwp%2Fv2%2Fproduct_brand&post=5177"},{"taxonomy":"product_cat","embeddable":true,"href":"https:\/\/euacholavras.com.br\/index.php?rest_route=%2Fwp%2Fv2%2Fproduct_cat&post=5177"},{"taxonomy":"product_tag","embeddable":true,"href":"https:\/\/euacholavras.com.br\/index.php?rest_route=%2Fwp%2Fv2%2Fproduct_tag&post=5177"}],"curies":[{"name":"wp","href":"https:\/\/api.w.org\/{rel}","templated":true}]}}