{"id":5214,"date":"2026-01-23T19:24:12","date_gmt":"2026-01-23T19:24:12","guid":{"rendered":"https:\/\/euacholavras.com.br\/?post_type=product&#038;p=5214"},"modified":"2026-01-23T19:24:12","modified_gmt":"2026-01-23T19:24:12","slug":"%f0%9f%8f%a2-apartamento-disponivel-para-locacao-proximo-a-ufla-bairro-pitangui","status":"publish","type":"product","link":"https:\/\/euacholavras.com.br\/?product=%f0%9f%8f%a2-apartamento-disponivel-para-locacao-proximo-a-ufla-bairro-pitangui","title":{"rendered":"\ud83c\udfe2 Apartamento dispon\u00edvel para loca\u00e7\u00e3o pr\u00f3ximo a Ufla \u2013 Bairro Pitangui!"},"content":{"rendered":"<p data-start=\"0\" data-end=\"61\">\ud83c\udfe2 <strong data-start=\"3\" data-end=\"61\">Apartamento dispon\u00edvel para loca\u00e7\u00e3o \u2013 Bairro Pitangui!<\/strong><\/p>\n<p data-start=\"63\" data-end=\"137\">\u2728 <strong data-start=\"65\" data-end=\"137\">Excelente op\u00e7\u00e3o para quem busca praticidade e proximidade com a UFLA<\/strong><\/p>\n<p data-start=\"139\" data-end=\"162\">\ud83d\udccc <strong data-start=\"142\" data-end=\"153\">C\u00f3digo:<\/strong> AP8-175<\/p>\n<p data-start=\"164\" data-end=\"286\">\u2728 <strong data-start=\"166\" data-end=\"189\">Detalhes do im\u00f3vel:<\/strong><br \/>\n\ud83d\udecf\ufe0f Dois quartos<br data-start=\"206\" data-end=\"209\" \/>\ud83c\udf73 Cozinha funcional<br data-start=\"229\" data-end=\"232\" \/>\ud83d\udec1 Banheiro social<br data-start=\"250\" data-end=\"253\" \/>\ud83e\uddfa \u00c1rea de servi\u00e7o<br data-start=\"271\" data-end=\"274\" \/>\ud83c\udf3f Terra\u00e7o<\/p>\n<p data-start=\"288\" data-end=\"331\">\ud83d\udeab <strong data-start=\"291\" data-end=\"331\">N\u00e3o \u00e9 permitido animais de estima\u00e7\u00e3o<\/strong><\/p>\n<p data-start=\"333\" data-end=\"412\">\ud83d\udcb0 <strong data-start=\"336\" data-end=\"350\">Condi\u00e7\u00f5es:<\/strong><br \/>\n\ud83d\udd39 Aluguel: <strong data-start=\"363\" data-end=\"386\">R$ 1.700,00 mensal<\/strong><br data-start=\"386\" data-end=\"389\" \/>\ud83d\udd39 <strong data-start=\"392\" data-end=\"412\">Valor negoci\u00e1vel<\/strong><\/p>\n<p data-start=\"414\" data-end=\"600\">\ud83d\udccd <strong data-start=\"417\" data-end=\"433\">Localiza\u00e7\u00e3o:<\/strong><br \/>\nLocalizado no <strong data-start=\"448\" data-end=\"467\">Bairro Pitangui<\/strong>, pr\u00f3ximo \u00e0 <strong data-start=\"479\" data-end=\"487\">UFLA<\/strong>, em regi\u00e3o tranquila e de f\u00e1cil acesso, ideal para estudantes, servidores ou quem busca comodidade no dia a dia.<\/p>\n<p data-start=\"602\" data-end=\"763\">\ud83d\udcf2 <strong data-start=\"605\" data-end=\"627\">Agende sua visita:<\/strong><br \/>\n\ud83d\udc68\u200d\ud83d\udcbc <em data-start=\"634\" data-end=\"672\">Eu Acho Empreendimentos Imobili\u00e1rios<\/em><br data-start=\"672\" data-end=\"675\" \/>\ud83c\udfe2 Av. Dr. Sylvio Menicucci, 234 A \u2013 Ign\u00e1cio Valentim \u2013 Lavras\/MG<br data-start=\"740\" data-end=\"743\" \/>\ud83d\udcdd <strong data-start=\"746\" data-end=\"763\">CRECI 9205 PJ<\/strong><\/p>\n<p data-start=\"765\" data-end=\"820\" data-is-last-node=\"\" data-is-only-node=\"\">\u2728 <strong data-start=\"767\" data-end=\"820\" data-is-last-node=\"\">\u00d3tima oportunidade para morar bem, perto de tudo!<\/strong><\/p>\n","protected":false},"excerpt":{"rendered":"<p>\ud83c\udfe2 Apartamento dispon\u00edvel para loca\u00e7\u00e3o \u2013 Bairro Pitangui! \u2728 Excelente op\u00e7\u00e3o para quem busca praticidade e proximidade com a UFLA \ud83d\udccc C\u00f3digo: AP8-175 \u2728 Detalhes do im\u00f3vel: \ud83d\udecf\ufe0f Dois quartos\ud83c\udf73 Cozinha funcional\ud83d\udec1 Banheiro social\ud83e\uddfa \u00c1rea de servi\u00e7o\ud83c\udf3f Terra\u00e7o \ud83d\udeab N\u00e3o \u00e9 permitido animais de estima\u00e7\u00e3o \ud83d\udcb0 Condi\u00e7\u00f5es: \ud83d\udd39 Aluguel: R$ 1.700,00 mensal\ud83d\udd39 Valor negoci\u00e1vel \ud83d\udccd [&hellip;]<\/p>\n","protected":false},"featured_media":5215,"template":"","meta":[],"product_brand":[],"product_cat":[54,36],"product_tag":[197],"class_list":{"0":"post-5214","1":"product","2":"type-product","3":"status-publish","4":"has-post-thumbnail","6":"product_cat-aluguel","7":"product_cat-apartamento","8":"product_tag-ap8-175","10":"first","11":"instock","12":"shipping-taxable","13":"purchasable","14":"product-type-simple"},"_links":{"self":[{"href":"https:\/\/euacholavras.com.br\/index.php?rest_route=\/wp\/v2\/product\/5214","targetHints":{"allow":["GET"]}}],"collection":[{"href":"https:\/\/euacholavras.com.br\/index.php?rest_route=\/wp\/v2\/product"}],"about":[{"href":"https:\/\/euacholavras.com.br\/index.php?rest_route=\/wp\/v2\/types\/product"}],"wp:featuredmedia":[{"embeddable":true,"href":"https:\/\/euacholavras.com.br\/index.php?rest_route=\/wp\/v2\/media\/5215"}],"wp:attachment":[{"href":"https:\/\/euacholavras.com.br\/index.php?rest_route=%2Fwp%2Fv2%2Fmedia&parent=5214"}],"wp:term":[{"taxonomy":"product_brand","embeddable":true,"href":"https:\/\/euacholavras.com.br\/index.php?rest_route=%2Fwp%2Fv2%2Fproduct_brand&post=5214"},{"taxonomy":"product_cat","embeddable":true,"href":"https:\/\/euacholavras.com.br\/index.php?rest_route=%2Fwp%2Fv2%2Fproduct_cat&post=5214"},{"taxonomy":"product_tag","embeddable":true,"href":"https:\/\/euacholavras.com.br\/index.php?rest_route=%2Fwp%2Fv2%2Fproduct_tag&post=5214"}],"curies":[{"name":"wp","href":"https:\/\/api.w.org\/{rel}","templated":true}]}}