{"id":5349,"date":"2026-02-20T15:37:45","date_gmt":"2026-02-20T15:37:45","guid":{"rendered":"https:\/\/euacholavras.com.br\/?post_type=product&#038;p=5349"},"modified":"2026-02-20T15:37:45","modified_gmt":"2026-02-20T15:37:45","slug":"%f0%9f%8f%a2-ponto-comercial-para-locacao-bairro-olaria","status":"publish","type":"product","link":"https:\/\/euacholavras.com.br\/?product=%f0%9f%8f%a2-ponto-comercial-para-locacao-bairro-olaria","title":{"rendered":"\ud83c\udfe2 Ponto Comercial para Loca\u00e7\u00e3o \u2013 Bairro Olaria!"},"content":{"rendered":"<p data-start=\"106\" data-end=\"158\">\ud83c\udfe2 <strong data-start=\"109\" data-end=\"158\">Ponto Comercial para Loca\u00e7\u00e3o \u2013 Bairro Olaria!<\/strong><\/p>\n<p data-start=\"160\" data-end=\"241\">\u2728 Excelente oportunidade para montar ou expandir seu neg\u00f3cio em \u00f3tima localiza\u00e7\u00e3o<\/p>\n<p data-start=\"243\" data-end=\"332\">\u2728 <strong data-start=\"245\" data-end=\"268\">Detalhes do im\u00f3vel:<\/strong><br \/>\n\ud83c\udfec Sal\u00e3o amplo<br data-start=\"283\" data-end=\"286\" \/>\ud83c\udf73 Cozinha com bancadas<br data-start=\"309\" data-end=\"312\" \/>\ud83d\udebb Banheiro social<\/p>\n<p data-start=\"334\" data-end=\"396\">\ud83d\udcb0 <strong data-start=\"337\" data-end=\"351\">Condi\u00e7\u00f5es:<\/strong><br \/>\n\ud83d\udd39 <strong data-start=\"355\" data-end=\"396\">Valor do aluguel: R$ 2.000,00 mensais<\/strong><\/p>\n<p data-start=\"398\" data-end=\"629\">\ud83d\udccd <strong data-start=\"401\" data-end=\"417\">Localiza\u00e7\u00e3o:<\/strong><br \/>\nIm\u00f3vel localizado no <strong data-start=\"439\" data-end=\"456\">Bairro Olaria<\/strong>, em regi\u00e3o de f\u00e1cil acesso e boa circula\u00e7\u00e3o, ideal para com\u00e9rcios, lanchonetes, delivery, pequenos restaurantes ou outros segmentos que buscam praticidade e funcionalidade.<\/p>\n<p data-start=\"631\" data-end=\"794\">\ud83d\udcf2 <strong data-start=\"634\" data-end=\"656\">Agende sua visita:<\/strong><br \/>\n\ud83d\udc68\u200d\ud83d\udcbc <strong data-start=\"663\" data-end=\"703\">Eu Acho Empreendimentos Imobili\u00e1rios<\/strong><br data-start=\"703\" data-end=\"706\" \/>\ud83c\udfe2 Av. Dr. Sylvio Menicucci, 234 A \u2013 Ign\u00e1cio Valentim \u2013 Lavras\/MG<br data-start=\"771\" data-end=\"774\" \/>\ud83d\udcdd CRECI <strong data-start=\"783\" data-end=\"794\">9205 PJ<\/strong><\/p>\n<p data-start=\"796\" data-end=\"903\">\u2728 <strong data-start=\"798\" data-end=\"903\">Excelente oportunidade para iniciar ou fortalecer seu neg\u00f3cio em um espa\u00e7o vers\u00e1til e bem localizado!<\/strong><\/p>\n","protected":false},"excerpt":{"rendered":"<p>\ud83c\udfe2 Ponto Comercial para Loca\u00e7\u00e3o \u2013 Bairro Olaria! \u2728 Excelente oportunidade para montar ou expandir seu neg\u00f3cio em \u00f3tima localiza\u00e7\u00e3o \u2728 Detalhes do im\u00f3vel: \ud83c\udfec Sal\u00e3o amplo\ud83c\udf73 Cozinha com bancadas\ud83d\udebb Banheiro social \ud83d\udcb0 Condi\u00e7\u00f5es: \ud83d\udd39 Valor do aluguel: R$ 2.000,00 mensais \ud83d\udccd Localiza\u00e7\u00e3o: Im\u00f3vel localizado no Bairro Olaria, em regi\u00e3o de f\u00e1cil acesso e boa [&hellip;]<\/p>\n","protected":false},"featured_media":5350,"template":"","meta":[],"product_brand":[],"product_cat":[54,52],"product_tag":[],"class_list":{"0":"post-5349","1":"product","2":"type-product","3":"status-publish","4":"has-post-thumbnail","6":"product_cat-aluguel","7":"product_cat-pontoscomerciais","9":"first","10":"instock","11":"shipping-taxable","12":"purchasable","13":"product-type-simple"},"_links":{"self":[{"href":"https:\/\/euacholavras.com.br\/index.php?rest_route=\/wp\/v2\/product\/5349","targetHints":{"allow":["GET"]}}],"collection":[{"href":"https:\/\/euacholavras.com.br\/index.php?rest_route=\/wp\/v2\/product"}],"about":[{"href":"https:\/\/euacholavras.com.br\/index.php?rest_route=\/wp\/v2\/types\/product"}],"wp:featuredmedia":[{"embeddable":true,"href":"https:\/\/euacholavras.com.br\/index.php?rest_route=\/wp\/v2\/media\/5350"}],"wp:attachment":[{"href":"https:\/\/euacholavras.com.br\/index.php?rest_route=%2Fwp%2Fv2%2Fmedia&parent=5349"}],"wp:term":[{"taxonomy":"product_brand","embeddable":true,"href":"https:\/\/euacholavras.com.br\/index.php?rest_route=%2Fwp%2Fv2%2Fproduct_brand&post=5349"},{"taxonomy":"product_cat","embeddable":true,"href":"https:\/\/euacholavras.com.br\/index.php?rest_route=%2Fwp%2Fv2%2Fproduct_cat&post=5349"},{"taxonomy":"product_tag","embeddable":true,"href":"https:\/\/euacholavras.com.br\/index.php?rest_route=%2Fwp%2Fv2%2Fproduct_tag&post=5349"}],"curies":[{"name":"wp","href":"https:\/\/api.w.org\/{rel}","templated":true}]}}