{"id":5577,"date":"2026-04-01T17:32:59","date_gmt":"2026-04-01T17:32:59","guid":{"rendered":"https:\/\/euacholavras.com.br\/?post_type=product&#038;p=5577"},"modified":"2026-04-01T17:33:00","modified_gmt":"2026-04-01T17:33:00","slug":"%f0%9f%8f%a1-casa-disponivel-para-locacao-bairro-jardim-sao-paulo","status":"publish","type":"product","link":"https:\/\/euacholavras.com.br\/?product=%f0%9f%8f%a1-casa-disponivel-para-locacao-bairro-jardim-sao-paulo","title":{"rendered":"\ud83c\udfe1 Casa dispon\u00edvel para loca\u00e7\u00e3o \u2013 Bairro Jardim S\u00e3o Paulo!"},"content":{"rendered":"<p>\ud83c\udfe1 <strong data-start=\"3\" data-end=\"62\">Casa dispon\u00edvel para loca\u00e7\u00e3o \u2013 Bairro Jardim S\u00e3o Paulo!<\/strong><\/p>\n<p data-start=\"64\" data-end=\"86\">\ud83d\udccc <strong data-start=\"67\" data-end=\"86\">C\u00f3digo: CS9-191<\/strong><\/p>\n<p data-start=\"88\" data-end=\"231\">\u2728 <strong data-start=\"90\" data-end=\"113\">Detalhes do im\u00f3vel:<\/strong><br data-start=\"113\" data-end=\"116\" \/>\ud83d\udecf\ufe0f 02 dormit\u00f3rios, sendo 01 su\u00edte<br data-start=\"150\" data-end=\"153\" \/>\ud83d\udecb\ufe0f Sala<br data-start=\"161\" data-end=\"164\" \/>\ud83c\udf73 Cozinha<br data-start=\"174\" data-end=\"177\" \/>\ud83d\udec1 Banheiro social<br data-start=\"195\" data-end=\"198\" \/>\ud83e\uddfa \u00c1rea de servi\u00e7o<br data-start=\"216\" data-end=\"219\" \/>\ud83c\udf3f Quintal<\/p>\n<p data-start=\"233\" data-end=\"280\">\ud83d\udcb0 <strong data-start=\"236\" data-end=\"250\">Condi\u00e7\u00f5es:<\/strong><br data-start=\"250\" data-end=\"253\" \/>\ud83d\udd39 Aluguel: <strong data-start=\"265\" data-end=\"280\">R$ 1.200,00<\/strong><\/p>\n<p data-start=\"282\" data-end=\"470\">\ud83d\udccd <strong data-start=\"285\" data-end=\"301\">Localiza\u00e7\u00e3o:<\/strong><br data-start=\"301\" data-end=\"304\" \/>Im\u00f3vel localizado no Bairro Jardim S\u00e3o Paulo, em regi\u00e3o tranquila e residencial, ideal para quem busca conforto, praticidade e um ambiente agrad\u00e1vel para o dia a dia.<\/p>\n<p data-start=\"472\" data-end=\"631\">\ud83d\udcf2 <strong data-start=\"475\" data-end=\"497\">Agende sua visita:<\/strong><br data-start=\"497\" data-end=\"500\" \/>\ud83d\udc68\u200d\ud83d\udcbc Eu Acho Empreendimentos Imobili\u00e1rios<br data-start=\"542\" data-end=\"545\" \/>\ud83c\udfe2 Av. Dr. Sylvio Menicucci, 234 A \u2013 Ign\u00e1cio Valentim \u2013 Lavras\/MG<br data-start=\"610\" data-end=\"613\" \/>\ud83d\udcdd CRECI 9205 PJ<\/p>\n<p data-start=\"633\" data-end=\"731\" data-is-last-node=\"\" data-is-only-node=\"\">\u2728 Excelente op\u00e7\u00e3o para quem procura um im\u00f3vel confort\u00e1vel, com bom espa\u00e7o e \u00f3timo custo-benef\u00edcio!<\/p>\n","protected":false},"excerpt":{"rendered":"<p>\ud83c\udfe1 Casa dispon\u00edvel para loca\u00e7\u00e3o \u2013 Bairro Jardim S\u00e3o Paulo! \ud83d\udccc C\u00f3digo: CS9-191 \u2728 Detalhes do im\u00f3vel:\ud83d\udecf\ufe0f 02 dormit\u00f3rios, sendo 01 su\u00edte\ud83d\udecb\ufe0f Sala\ud83c\udf73 Cozinha\ud83d\udec1 Banheiro social\ud83e\uddfa \u00c1rea de servi\u00e7o\ud83c\udf3f Quintal \ud83d\udcb0 Condi\u00e7\u00f5es:\ud83d\udd39 Aluguel: R$ 1.200,00 \ud83d\udccd Localiza\u00e7\u00e3o:Im\u00f3vel localizado no Bairro Jardim S\u00e3o Paulo, em regi\u00e3o tranquila e residencial, ideal para quem busca conforto, praticidade e [&hellip;]<\/p>\n","protected":false},"featured_media":5584,"comment_status":"open","ping_status":"closed","template":"","meta":[],"product_brand":[],"product_cat":[54,34],"product_tag":[210],"class_list":{"0":"post-5577","1":"product","2":"type-product","3":"status-publish","4":"has-post-thumbnail","6":"product_cat-aluguel","7":"product_cat-casas","8":"product_tag-cs9-191","10":"first","11":"instock","12":"shipping-taxable","13":"purchasable","14":"product-type-simple"},"_links":{"self":[{"href":"https:\/\/euacholavras.com.br\/index.php?rest_route=\/wp\/v2\/product\/5577","targetHints":{"allow":["GET"]}}],"collection":[{"href":"https:\/\/euacholavras.com.br\/index.php?rest_route=\/wp\/v2\/product"}],"about":[{"href":"https:\/\/euacholavras.com.br\/index.php?rest_route=\/wp\/v2\/types\/product"}],"replies":[{"embeddable":true,"href":"https:\/\/euacholavras.com.br\/index.php?rest_route=%2Fwp%2Fv2%2Fcomments&post=5577"}],"wp:featuredmedia":[{"embeddable":true,"href":"https:\/\/euacholavras.com.br\/index.php?rest_route=\/wp\/v2\/media\/5584"}],"wp:attachment":[{"href":"https:\/\/euacholavras.com.br\/index.php?rest_route=%2Fwp%2Fv2%2Fmedia&parent=5577"}],"wp:term":[{"taxonomy":"product_brand","embeddable":true,"href":"https:\/\/euacholavras.com.br\/index.php?rest_route=%2Fwp%2Fv2%2Fproduct_brand&post=5577"},{"taxonomy":"product_cat","embeddable":true,"href":"https:\/\/euacholavras.com.br\/index.php?rest_route=%2Fwp%2Fv2%2Fproduct_cat&post=5577"},{"taxonomy":"product_tag","embeddable":true,"href":"https:\/\/euacholavras.com.br\/index.php?rest_route=%2Fwp%2Fv2%2Fproduct_tag&post=5577"}],"curies":[{"name":"wp","href":"https:\/\/api.w.org\/{rel}","templated":true}]}}