{"id":5585,"date":"2026-04-01T17:42:56","date_gmt":"2026-04-01T17:42:56","guid":{"rendered":"https:\/\/euacholavras.com.br\/?post_type=product&#038;p=5585"},"modified":"2026-04-01T17:42:57","modified_gmt":"2026-04-01T17:42:57","slug":"%f0%9f%8f%a1-apartamento-disponivel-para-locacao-centro","status":"publish","type":"product","link":"https:\/\/euacholavras.com.br\/?product=%f0%9f%8f%a1-apartamento-disponivel-para-locacao-centro","title":{"rendered":"\ud83c\udfe1 Apartamento dispon\u00edvel para loca\u00e7\u00e3o \u2013 Centro!"},"content":{"rendered":"<section class=\"text-token-text-primary w-full focus:outline-none [--shadow-height:45px] has-data-writing-block:pointer-events-none has-data-writing-block:-mt-(--shadow-height) has-data-writing-block:pt-(--shadow-height) [&amp;:has([data-writing-block])&gt;*]:pointer-events-auto R6Vx5W_threadScrollVars scroll-mb-[calc(var(--scroll-root-safe-area-inset-bottom,0px)+var(--thread-response-height,0px))] scroll-mt-(--header-height)\" dir=\"auto\" data-turn-id=\"2eff069a-42b0-4af3-afa0-274342e70fdf\" data-testid=\"conversation-turn-83\" data-scroll-anchor=\"false\" data-turn=\"user\"><\/section>\n<section class=\"text-token-text-primary w-full focus:outline-none [--shadow-height:45px] has-data-writing-block:pointer-events-none has-data-writing-block:-mt-(--shadow-height) has-data-writing-block:pt-(--shadow-height) [&amp;:has([data-writing-block])&gt;*]:pointer-events-auto R6Vx5W_threadScrollVars scroll-mb-[calc(var(--scroll-root-safe-area-inset-bottom,0px)+var(--thread-response-height,0px))] scroll-mt-[calc(var(--header-height)+min(200px,max(70px,20svh)))]\" dir=\"auto\" data-turn-id=\"request-69c55eeb-438c-83e9-87cb-0d377dee283d-40\" data-testid=\"conversation-turn-84\" data-scroll-anchor=\"false\" data-turn=\"assistant\">\n<div class=\"text-base my-auto mx-auto pb-10 [--thread-content-margin:var(--thread-content-margin-xs,calc(var(--spacing)*4))] @w-sm\/main:[--thread-content-margin:var(--thread-content-margin-sm,calc(var(--spacing)*6))] @w-lg\/main:[--thread-content-margin:var(--thread-content-margin-lg,calc(var(--spacing)*16))] px-(--thread-content-margin)\">\n<div class=\"[--thread-content-max-width:40rem] @w-lg\/main:[--thread-content-max-width:48rem] mx-auto max-w-(--thread-content-max-width) flex-1 group\/turn-messages focus-visible:outline-hidden relative flex w-full min-w-0 flex-col agent-turn\">\n<div class=\"flex max-w-full flex-col gap-4 grow\">\n<div class=\"min-h-8 text-message relative flex w-full flex-col items-end gap-2 text-start break-words whitespace-normal outline-none keyboard-focused:focus-ring [.text-message+&amp;]:mt-1\" dir=\"auto\" tabindex=\"0\" data-message-author-role=\"assistant\" data-message-id=\"2d6599a1-d20e-4fe8-804c-ef0d8bf6f4ec\" data-message-model-slug=\"gpt-5-3\" data-turn-start-message=\"true\">\n<div class=\"flex w-full flex-col gap-1 empty:hidden\">\n<div class=\"markdown prose dark:prose-invert w-full wrap-break-word dark markdown-new-styling\">\n<p data-start=\"0\" data-end=\"52\">\ud83c\udfe1 <strong data-start=\"3\" data-end=\"52\">Apartamento dispon\u00edvel para loca\u00e7\u00e3o \u2013 Centro!<\/strong><\/p>\n<p data-start=\"54\" data-end=\"76\">\ud83d\udccc <strong data-start=\"57\" data-end=\"76\">C\u00f3digo: AP1-158<\/strong><\/p>\n<p data-start=\"78\" data-end=\"183\">\u2728 <strong data-start=\"80\" data-end=\"103\">Detalhes do im\u00f3vel:<\/strong><br data-start=\"103\" data-end=\"106\" \/>\ud83d\udecf\ufe0f 01 dormit\u00f3rio<br data-start=\"123\" data-end=\"126\" \/>\ud83d\udecb\ufe0f Sala<br data-start=\"134\" data-end=\"137\" \/>\ud83c\udf73 Cozinha<br data-start=\"147\" data-end=\"150\" \/>\ud83d\udec1 Banheiro social<br data-start=\"168\" data-end=\"171\" \/>\ud83d\ude97 Garagem<\/p>\n<p data-start=\"185\" data-end=\"232\">\ud83d\udcb0 <strong data-start=\"188\" data-end=\"202\">Condi\u00e7\u00f5es:<\/strong><br data-start=\"202\" data-end=\"205\" \/>\ud83d\udd39 Aluguel: <strong data-start=\"217\" data-end=\"232\">R$ 1.000,00<\/strong><\/p>\n<p data-start=\"234\" data-end=\"444\">\ud83d\udccd <strong data-start=\"237\" data-end=\"253\">Localiza\u00e7\u00e3o:<\/strong><br data-start=\"253\" data-end=\"256\" \/>Im\u00f3vel localizado no Centro, com f\u00e1cil acesso a com\u00e9rcios, servi\u00e7os, bancos, supermercados e demais facilidades do dia a dia, oferecendo praticidade e mobilidade para quem busca morar bem.<\/p>\n<p data-start=\"446\" data-end=\"605\">\ud83d\udcf2 <strong data-start=\"449\" data-end=\"471\">Agende sua visita:<\/strong><br data-start=\"471\" data-end=\"474\" \/>\ud83d\udc68\u200d\ud83d\udcbc Eu Acho Empreendimentos Imobili\u00e1rios<br data-start=\"516\" data-end=\"519\" \/>\ud83c\udfe2 Av. Dr. Sylvio Menicucci, 234 A \u2013 Ign\u00e1cio Valentim \u2013 Lavras\/MG<br data-start=\"584\" data-end=\"587\" \/>\ud83d\udcdd CRECI 9205 PJ<\/p>\n<p data-start=\"607\" data-end=\"703\" data-is-last-node=\"\" data-is-only-node=\"\">\u2728 Excelente oportunidade para quem procura praticidade, boa localiza\u00e7\u00e3o e \u00f3timo custo-benef\u00edcio!<\/p>\n<\/div>\n<\/div>\n<\/div>\n<\/div>\n<\/div>\n<\/div>\n<\/section>\n","protected":false},"excerpt":{"rendered":"<p>\ud83c\udfe1 Apartamento dispon\u00edvel para loca\u00e7\u00e3o \u2013 Centro! \ud83d\udccc C\u00f3digo: AP1-158 \u2728 Detalhes do im\u00f3vel:\ud83d\udecf\ufe0f 01 dormit\u00f3rio\ud83d\udecb\ufe0f Sala\ud83c\udf73 Cozinha\ud83d\udec1 Banheiro social\ud83d\ude97 Garagem \ud83d\udcb0 Condi\u00e7\u00f5es:\ud83d\udd39 Aluguel: R$ 1.000,00 \ud83d\udccd Localiza\u00e7\u00e3o:Im\u00f3vel localizado no Centro, com f\u00e1cil acesso a com\u00e9rcios, servi\u00e7os, bancos, supermercados e demais facilidades do dia a dia, oferecendo praticidade e mobilidade para quem busca morar bem. [&hellip;]<\/p>\n","protected":false},"featured_media":5589,"comment_status":"open","ping_status":"closed","template":"","meta":[],"product_brand":[],"product_cat":[54,36],"product_tag":[211],"class_list":{"0":"post-5585","1":"product","2":"type-product","3":"status-publish","4":"has-post-thumbnail","6":"product_cat-aluguel","7":"product_cat-apartamento","8":"product_tag-ap1-158","10":"first","11":"instock","12":"shipping-taxable","13":"purchasable","14":"product-type-simple"},"_links":{"self":[{"href":"https:\/\/euacholavras.com.br\/index.php?rest_route=\/wp\/v2\/product\/5585","targetHints":{"allow":["GET"]}}],"collection":[{"href":"https:\/\/euacholavras.com.br\/index.php?rest_route=\/wp\/v2\/product"}],"about":[{"href":"https:\/\/euacholavras.com.br\/index.php?rest_route=\/wp\/v2\/types\/product"}],"replies":[{"embeddable":true,"href":"https:\/\/euacholavras.com.br\/index.php?rest_route=%2Fwp%2Fv2%2Fcomments&post=5585"}],"wp:featuredmedia":[{"embeddable":true,"href":"https:\/\/euacholavras.com.br\/index.php?rest_route=\/wp\/v2\/media\/5589"}],"wp:attachment":[{"href":"https:\/\/euacholavras.com.br\/index.php?rest_route=%2Fwp%2Fv2%2Fmedia&parent=5585"}],"wp:term":[{"taxonomy":"product_brand","embeddable":true,"href":"https:\/\/euacholavras.com.br\/index.php?rest_route=%2Fwp%2Fv2%2Fproduct_brand&post=5585"},{"taxonomy":"product_cat","embeddable":true,"href":"https:\/\/euacholavras.com.br\/index.php?rest_route=%2Fwp%2Fv2%2Fproduct_cat&post=5585"},{"taxonomy":"product_tag","embeddable":true,"href":"https:\/\/euacholavras.com.br\/index.php?rest_route=%2Fwp%2Fv2%2Fproduct_tag&post=5585"}],"curies":[{"name":"wp","href":"https:\/\/api.w.org\/{rel}","templated":true}]}}