{"id":5631,"date":"2026-04-07T15:05:24","date_gmt":"2026-04-07T15:05:24","guid":{"rendered":"https:\/\/euacholavras.com.br\/?post_type=product&#038;p=5631"},"modified":"2026-04-07T15:05:24","modified_gmt":"2026-04-07T15:05:24","slug":"%f0%9f%8f%a1-casa-disponivel-para-venda-no-bairro-dos-ipes","status":"publish","type":"product","link":"https:\/\/euacholavras.com.br\/?product=%f0%9f%8f%a1-casa-disponivel-para-venda-no-bairro-dos-ipes","title":{"rendered":"\ud83c\udfe1 Casa dispon\u00edvel para venda no Bairro dos Ip\u00eas!"},"content":{"rendered":"<p data-start=\"0\" data-end=\"52\">\ud83c\udfe1 <strong data-start=\"3\" data-end=\"52\">Casa dispon\u00edvel para venda \u2013 Bairro dos Ip\u00eas!<\/strong><\/p>\n<p data-start=\"54\" data-end=\"76\">\ud83d\udccc <strong data-start=\"57\" data-end=\"76\">C\u00f3digo: VD7-188<\/strong><\/p>\n<p data-start=\"78\" data-end=\"231\">\u2728 <strong data-start=\"80\" data-end=\"103\">Detalhes do im\u00f3vel:<\/strong><br \/>\n\ud83d\udecf\ufe0f 04 dormit\u00f3rios<br data-start=\"122\" data-end=\"125\" \/>\ud83d\udecb\ufe0f Sala<br data-start=\"133\" data-end=\"136\" \/>\ud83c\udf73 02 cozinhas<br data-start=\"150\" data-end=\"153\" \/>\ud83d\udec1 Banheiro social<br data-start=\"171\" data-end=\"174\" \/>\ud83c\udf7d\ufe0f Copa<br data-start=\"182\" data-end=\"185\" \/>\ud83e\uddfa \u00c1rea de servi\u00e7o<br data-start=\"203\" data-end=\"206\" \/>\ud83c\udf3f Quintal<br data-start=\"216\" data-end=\"219\" \/>\ud83d\ude97 Garagem<\/p>\n<p data-start=\"233\" data-end=\"287\">\ud83d\udcb0 <strong data-start=\"236\" data-end=\"250\">Condi\u00e7\u00f5es:<\/strong><br \/>\n\ud83d\udd39 Valor de venda: <strong data-start=\"270\" data-end=\"287\">R$ 420.000,00<\/strong><\/p>\n<p data-start=\"289\" data-end=\"498\">\ud83d\udccd <strong data-start=\"292\" data-end=\"308\">Localiza\u00e7\u00e3o:<\/strong><br \/>\nIm\u00f3vel localizado no Bairro dos Ip\u00eas, em regi\u00e3o tranquila e residencial, ideal para quem busca espa\u00e7o, conforto e praticidade no dia a dia, com f\u00e1cil acesso aos principais pontos da cidade.<\/p>\n<p data-start=\"500\" data-end=\"657\">\ud83d\udcf2 <strong data-start=\"503\" data-end=\"525\">Agende sua visita:<\/strong><br \/>\n\ud83d\udc68\u200d\ud83d\udcbc Eu Acho Empreendimentos Imobili\u00e1rios<br data-start=\"568\" data-end=\"571\" \/>\ud83c\udfe2 Av. Dr. Sylvio Menicucci, 234 A \u2013 Ign\u00e1cio Valentim \u2013 Lavras\/MG<br data-start=\"636\" data-end=\"639\" \/>\ud83d\udcdd CRECI 9205 PJ<\/p>\n<p data-start=\"659\" data-end=\"786\" data-is-last-node=\"\" data-is-only-node=\"\">\u2728 Excelente oportunidade para quem procura um im\u00f3vel amplo, bem localizado e com grande potencial para moradia ou investimento!<\/p>\n","protected":false},"excerpt":{"rendered":"<p>\ud83c\udfe1 Casa dispon\u00edvel para venda \u2013 Bairro dos Ip\u00eas! \ud83d\udccc C\u00f3digo: VD7-188 \u2728 Detalhes do im\u00f3vel: \ud83d\udecf\ufe0f 04 dormit\u00f3rios\ud83d\udecb\ufe0f Sala\ud83c\udf73 02 cozinhas\ud83d\udec1 Banheiro social\ud83c\udf7d\ufe0f Copa\ud83e\uddfa \u00c1rea de servi\u00e7o\ud83c\udf3f Quintal\ud83d\ude97 Garagem \ud83d\udcb0 Condi\u00e7\u00f5es: \ud83d\udd39 Valor de venda: R$ 420.000,00 \ud83d\udccd Localiza\u00e7\u00e3o: Im\u00f3vel localizado no Bairro dos Ip\u00eas, em regi\u00e3o tranquila e residencial, ideal para quem busca [&hellip;]<\/p>\n","protected":false},"featured_media":5632,"template":"","meta":[],"product_brand":[],"product_cat":[34,55],"product_tag":[214],"class_list":{"0":"post-5631","1":"product","2":"type-product","3":"status-publish","4":"has-post-thumbnail","6":"product_cat-casas","7":"product_cat-venda","8":"product_tag-vd7-188","10":"first","11":"instock","12":"shipping-taxable","13":"purchasable","14":"product-type-simple"},"_links":{"self":[{"href":"https:\/\/euacholavras.com.br\/index.php?rest_route=\/wp\/v2\/product\/5631","targetHints":{"allow":["GET"]}}],"collection":[{"href":"https:\/\/euacholavras.com.br\/index.php?rest_route=\/wp\/v2\/product"}],"about":[{"href":"https:\/\/euacholavras.com.br\/index.php?rest_route=\/wp\/v2\/types\/product"}],"wp:featuredmedia":[{"embeddable":true,"href":"https:\/\/euacholavras.com.br\/index.php?rest_route=\/wp\/v2\/media\/5632"}],"wp:attachment":[{"href":"https:\/\/euacholavras.com.br\/index.php?rest_route=%2Fwp%2Fv2%2Fmedia&parent=5631"}],"wp:term":[{"taxonomy":"product_brand","embeddable":true,"href":"https:\/\/euacholavras.com.br\/index.php?rest_route=%2Fwp%2Fv2%2Fproduct_brand&post=5631"},{"taxonomy":"product_cat","embeddable":true,"href":"https:\/\/euacholavras.com.br\/index.php?rest_route=%2Fwp%2Fv2%2Fproduct_cat&post=5631"},{"taxonomy":"product_tag","embeddable":true,"href":"https:\/\/euacholavras.com.br\/index.php?rest_route=%2Fwp%2Fv2%2Fproduct_tag&post=5631"}],"curies":[{"name":"wp","href":"https:\/\/api.w.org\/{rel}","templated":true}]}}