{"id":5663,"date":"2026-04-08T18:20:52","date_gmt":"2026-04-08T18:20:52","guid":{"rendered":"https:\/\/euacholavras.com.br\/?post_type=product&#038;p=5663"},"modified":"2026-04-08T18:20:52","modified_gmt":"2026-04-08T18:20:52","slug":"%f0%9f%8f%a1-apartamento-disponivel-para-locacao-centro-2","status":"publish","type":"product","link":"https:\/\/euacholavras.com.br\/?product=%f0%9f%8f%a1-apartamento-disponivel-para-locacao-centro-2","title":{"rendered":"\ud83c\udfe1 Apartamento dispon\u00edvel para loca\u00e7\u00e3o \u2013 Centro!"},"content":{"rendered":"<section class=\"text-token-text-primary w-full focus:outline-none [--shadow-height:45px] has-data-writing-block:pointer-events-none has-data-writing-block:-mt-(--shadow-height) has-data-writing-block:pt-(--shadow-height) [&amp;:has([data-writing-block])&gt;*]:pointer-events-auto R6Vx5W_threadScrollVars scroll-mb-[calc(var(--scroll-root-safe-area-inset-bottom,0px)+var(--thread-response-height,0px))] scroll-mt-[calc(var(--header-height)+min(200px,max(70px,20svh)))]\" dir=\"auto\" data-turn-id=\"request-69c55eeb-438c-83e9-87cb-0d377dee283d-58\" data-testid=\"conversation-turn-120\" data-scroll-anchor=\"false\" data-turn=\"assistant\">\n<div class=\"text-base my-auto mx-auto pb-10 [--thread-content-margin:var(--thread-content-margin-xs,calc(var(--spacing)*4))] @w-sm\/main:[--thread-content-margin:var(--thread-content-margin-sm,calc(var(--spacing)*6))] @w-lg\/main:[--thread-content-margin:var(--thread-content-margin-lg,calc(var(--spacing)*16))] px-(--thread-content-margin)\">\n<div class=\"[--thread-content-max-width:40rem] @w-lg\/main:[--thread-content-max-width:48rem] mx-auto max-w-(--thread-content-max-width) flex-1 group\/turn-messages focus-visible:outline-hidden relative flex w-full min-w-0 flex-col agent-turn\">\n<div class=\"flex max-w-full flex-col gap-4 grow\">\n<div class=\"min-h-8 text-message relative flex w-full flex-col items-end gap-2 text-start break-words whitespace-normal outline-none keyboard-focused:focus-ring [.text-message+&amp;]:mt-1\" dir=\"auto\" tabindex=\"0\" data-message-author-role=\"assistant\" data-message-id=\"1f0daf76-af0b-4b07-9523-a692648262a8\" data-message-model-slug=\"gpt-5-3\" data-turn-start-message=\"true\">\n<div class=\"flex w-full flex-col gap-1 empty:hidden\">\n<div class=\"markdown prose dark:prose-invert w-full wrap-break-word dark markdown-new-styling\">\n<p data-start=\"0\" data-end=\"48\"><strong>\ud83c\udfe1 Apartamento dispon\u00edvel para loca\u00e7\u00e3o \u2013 Centro!<\/strong><\/p>\n<p data-start=\"50\" data-end=\"68\">\ud83d\udccc C\u00f3digo: AP1-159<\/p>\n<p data-start=\"70\" data-end=\"286\">\u2728 Detalhes do im\u00f3vel:<br \/>\n\ud83d\udecf\ufe0f 03 dormit\u00f3rios<br data-start=\"110\" data-end=\"113\" \/>\ud83d\udecb\ufe0f Sala<br data-start=\"121\" data-end=\"124\" \/>\ud83c\udf7d\ufe0f Copa<br data-start=\"132\" data-end=\"135\" \/>\ud83c\udf73 Cozinha<br data-start=\"145\" data-end=\"148\" \/>\ud83d\udec1 Banheiro social<br data-start=\"166\" data-end=\"169\" \/>\ud83e\uddfa \u00c1rea de servi\u00e7o ampla com banheiro<br data-start=\"206\" data-end=\"209\" \/>\ud83d\udce6 Despensa<br data-start=\"220\" data-end=\"223\" \/>\ud83c\udfe2 Im\u00f3vel com possibilidade de uso <strong data-start=\"258\" data-end=\"286\">residencial ou comercial<\/strong><\/p>\n<p data-start=\"288\" data-end=\"333\">\ud83d\udcb0 Condi\u00e7\u00f5es:<br \/>\n\ud83d\udd39 Aluguel: R$ 2.000,00 mensais<\/p>\n<p data-start=\"335\" data-end=\"585\">\ud83d\udccd Localiza\u00e7\u00e3o:<br \/>\nIm\u00f3vel localizado no Centro, em regi\u00e3o estrat\u00e9gica e de f\u00e1cil acesso, pr\u00f3ximo a com\u00e9rcios, bancos, servi\u00e7os e demais facilidades do dia a dia, sendo ideal tanto para moradia quanto para instala\u00e7\u00e3o de escrit\u00f3rio ou atividade comercial.<\/p>\n<p data-start=\"587\" data-end=\"738\">\ud83d\udcf2 Agende sua visita:<br \/>\n\ud83d\udc68\u200d\ud83d\udcbc Eu Acho Empreendimentos Imobili\u00e1rios<br data-start=\"651\" data-end=\"654\" \/>\ud83c\udfe2 Av. Dr. Sylvio Menicucci, 234 A \u2013 Ign\u00e1cio Valentim \u2013 Lavras\/MG<br data-start=\"719\" data-end=\"722\" \/>\ud83d\udcdd CRECI 9205 PJ<\/p>\n<p data-start=\"740\" data-end=\"852\" data-is-last-node=\"\" data-is-only-node=\"\">\u2728 Excelente oportunidade para quem busca um im\u00f3vel amplo, bem localizado e vers\u00e1til para diferentes finalidades!<\/p>\n<\/div>\n<\/div>\n<\/div>\n<\/div>\n<div class=\"z-0 flex min-h-[46px] justify-start\"><\/div>\n<div class=\"mt-3 w-full empty:hidden\">\n<div class=\"text-center\"><\/div>\n<\/div>\n<\/div>\n<\/div>\n<\/section>\n<div class=\"pointer-events-none -mt-px h-px translate-y-[calc(var(--scroll-root-safe-area-inset-bottom)-14*var(--spacing))]\" aria-hidden=\"true\"><\/div>\n","protected":false},"excerpt":{"rendered":"<p>\ud83c\udfe1 Apartamento dispon\u00edvel para loca\u00e7\u00e3o \u2013 Centro! \ud83d\udccc C\u00f3digo: AP1-159 \u2728 Detalhes do im\u00f3vel: \ud83d\udecf\ufe0f 03 dormit\u00f3rios\ud83d\udecb\ufe0f Sala\ud83c\udf7d\ufe0f Copa\ud83c\udf73 Cozinha\ud83d\udec1 Banheiro social\ud83e\uddfa \u00c1rea de servi\u00e7o ampla com banheiro\ud83d\udce6 Despensa\ud83c\udfe2 Im\u00f3vel com possibilidade de uso residencial ou comercial \ud83d\udcb0 Condi\u00e7\u00f5es: \ud83d\udd39 Aluguel: R$ 2.000,00 mensais \ud83d\udccd Localiza\u00e7\u00e3o: Im\u00f3vel localizado no Centro, em regi\u00e3o estrat\u00e9gica e de [&hellip;]<\/p>\n","protected":false},"featured_media":5688,"template":"","meta":[],"product_brand":[],"product_cat":[54,36],"product_tag":[216],"class_list":{"0":"post-5663","1":"product","2":"type-product","3":"status-publish","4":"has-post-thumbnail","6":"product_cat-aluguel","7":"product_cat-apartamento","8":"product_tag-ap1-159","10":"first","11":"instock","12":"shipping-taxable","13":"purchasable","14":"product-type-simple"},"_links":{"self":[{"href":"https:\/\/euacholavras.com.br\/index.php?rest_route=\/wp\/v2\/product\/5663","targetHints":{"allow":["GET"]}}],"collection":[{"href":"https:\/\/euacholavras.com.br\/index.php?rest_route=\/wp\/v2\/product"}],"about":[{"href":"https:\/\/euacholavras.com.br\/index.php?rest_route=\/wp\/v2\/types\/product"}],"wp:featuredmedia":[{"embeddable":true,"href":"https:\/\/euacholavras.com.br\/index.php?rest_route=\/wp\/v2\/media\/5688"}],"wp:attachment":[{"href":"https:\/\/euacholavras.com.br\/index.php?rest_route=%2Fwp%2Fv2%2Fmedia&parent=5663"}],"wp:term":[{"taxonomy":"product_brand","embeddable":true,"href":"https:\/\/euacholavras.com.br\/index.php?rest_route=%2Fwp%2Fv2%2Fproduct_brand&post=5663"},{"taxonomy":"product_cat","embeddable":true,"href":"https:\/\/euacholavras.com.br\/index.php?rest_route=%2Fwp%2Fv2%2Fproduct_cat&post=5663"},{"taxonomy":"product_tag","embeddable":true,"href":"https:\/\/euacholavras.com.br\/index.php?rest_route=%2Fwp%2Fv2%2Fproduct_tag&post=5663"}],"curies":[{"name":"wp","href":"https:\/\/api.w.org\/{rel}","templated":true}]}}