{"id":5690,"date":"2026-04-08T20:29:40","date_gmt":"2026-04-08T20:29:40","guid":{"rendered":"https:\/\/euacholavras.com.br\/?post_type=product&#038;p=5690"},"modified":"2026-04-08T20:29:40","modified_gmt":"2026-04-08T20:29:40","slug":"%f0%9f%8f%a1-casa-disponivel-para-locacao-bairro-vila-sao-francisco-2","status":"publish","type":"product","link":"https:\/\/euacholavras.com.br\/?product=%f0%9f%8f%a1-casa-disponivel-para-locacao-bairro-vila-sao-francisco-2","title":{"rendered":"\ud83c\udfe1 Casa dispon\u00edvel para loca\u00e7\u00e3o \u2013 Bairro Vila S\u00e3o Francisco!"},"content":{"rendered":"<section class=\"text-token-text-primary w-full focus:outline-none [--shadow-height:45px] has-data-writing-block:pointer-events-none has-data-writing-block:-mt-(--shadow-height) has-data-writing-block:pt-(--shadow-height) [&amp;:has([data-writing-block])&gt;*]:pointer-events-auto R6Vx5W_threadScrollVars scroll-mb-[calc(var(--scroll-root-safe-area-inset-bottom,0px)+var(--thread-response-height,0px))] scroll-mt-(--header-height)\" dir=\"auto\" data-turn-id=\"94986b22-193e-4ec7-a585-8964937bfaf1\" data-testid=\"conversation-turn-121\" data-scroll-anchor=\"false\" data-turn=\"user\"><\/section>\n<section class=\"text-token-text-primary w-full focus:outline-none [--shadow-height:45px] has-data-writing-block:pointer-events-none has-data-writing-block:-mt-(--shadow-height) has-data-writing-block:pt-(--shadow-height) [&amp;:has([data-writing-block])&gt;*]:pointer-events-auto R6Vx5W_threadScrollVars scroll-mb-[calc(var(--scroll-root-safe-area-inset-bottom,0px)+var(--thread-response-height,0px))] scroll-mt-[calc(var(--header-height)+min(200px,max(70px,20svh)))]\" dir=\"auto\" data-turn-id=\"request-69c55eeb-438c-83e9-87cb-0d377dee283d-59\" data-testid=\"conversation-turn-122\" data-scroll-anchor=\"false\" data-turn=\"assistant\">\n<div class=\"text-base my-auto mx-auto pb-10 [--thread-content-margin:var(--thread-content-margin-xs,calc(var(--spacing)*4))] @w-sm\/main:[--thread-content-margin:var(--thread-content-margin-sm,calc(var(--spacing)*6))] @w-lg\/main:[--thread-content-margin:var(--thread-content-margin-lg,calc(var(--spacing)*16))] px-(--thread-content-margin)\">\n<div class=\"[--thread-content-max-width:40rem] @w-lg\/main:[--thread-content-max-width:48rem] mx-auto max-w-(--thread-content-max-width) flex-1 group\/turn-messages focus-visible:outline-hidden relative flex w-full min-w-0 flex-col agent-turn\">\n<div class=\"flex max-w-full flex-col gap-4 grow\">\n<div class=\"min-h-8 text-message relative flex w-full flex-col items-end gap-2 text-start break-words whitespace-normal outline-none keyboard-focused:focus-ring [.text-message+&amp;]:mt-1\" dir=\"auto\" tabindex=\"0\" data-message-author-role=\"assistant\" data-message-id=\"4456661f-ecfe-441a-a292-434520b8929d\" data-message-model-slug=\"gpt-5-3\" data-turn-start-message=\"true\">\n<div class=\"flex w-full flex-col gap-1 empty:hidden\">\n<div class=\"markdown prose dark:prose-invert w-full wrap-break-word dark markdown-new-styling\">\n<p data-start=\"0\" data-end=\"60\"><strong>\ud83c\udfe1 Casa dispon\u00edvel para loca\u00e7\u00e3o \u2013 Bairro Vila S\u00e3o Francisco!<\/strong><\/p>\n<p data-start=\"62\" data-end=\"80\">\ud83d\udccc C\u00f3digo: CS2-187<\/p>\n<p data-start=\"82\" data-end=\"280\">\u2728 Detalhes do im\u00f3vel:<br \/>\n\ud83d\udecf\ufe0f 03 dormit\u00f3rios<br data-start=\"122\" data-end=\"125\" \/>\ud83d\udecb\ufe0f Sala<br data-start=\"133\" data-end=\"136\" \/>\ud83d\udecb\ufe0f Sala de estar<br data-start=\"153\" data-end=\"156\" \/>\ud83c\udf73 02 cozinhas<br data-start=\"170\" data-end=\"173\" \/>\ud83d\udec1 01 banheiro social<br data-start=\"194\" data-end=\"197\" \/>\ud83d\udd25 Fog\u00e3o a lenha com cobertura<br data-start=\"227\" data-end=\"230\" \/>\ud83d\udce6 C\u00f4modo de despejo<br data-start=\"250\" data-end=\"253\" \/>\ud83d\ude97 Garagem para 03 carros<\/p>\n<p data-start=\"282\" data-end=\"327\">\ud83d\udcb0 Condi\u00e7\u00f5es:<br \/>\n\ud83d\udd39 Aluguel: R$ 1.590,00 mensais<\/p>\n<p data-start=\"329\" data-end=\"544\">\ud83d\udccd Localiza\u00e7\u00e3o:<br \/>\nIm\u00f3vel localizado no Bairro Vila S\u00e3o Francisco, em regi\u00e3o tranquila e residencial, ideal para quem busca espa\u00e7o, conforto e praticidade no dia a dia, com f\u00e1cil acesso aos principais pontos da cidade.<\/p>\n<p data-start=\"546\" data-end=\"697\">\ud83d\udcf2 Agende sua visita:<br \/>\n\ud83d\udc68\u200d\ud83d\udcbc Eu Acho Empreendimentos Imobili\u00e1rios<br data-start=\"610\" data-end=\"613\" \/>\ud83c\udfe2 Av. Dr. Sylvio Menicucci, 234 A \u2013 Ign\u00e1cio Valentim \u2013 Lavras\/MG<br data-start=\"678\" data-end=\"681\" \/>\ud83d\udcdd CRECI 9205 PJ<\/p>\n<p data-start=\"699\" data-end=\"807\" data-is-last-node=\"\" data-is-only-node=\"\">\u2728 Excelente oportunidade para quem procura uma casa ampla, funcional e com \u00f3timo espa\u00e7o para toda a fam\u00edlia!<\/p>\n<\/div>\n<\/div>\n<\/div>\n<\/div>\n<\/div>\n<\/div>\n<\/section>\n","protected":false},"excerpt":{"rendered":"<p>\ud83c\udfe1 Casa dispon\u00edvel para loca\u00e7\u00e3o \u2013 Bairro Vila S\u00e3o Francisco! \ud83d\udccc C\u00f3digo: CS2-187 \u2728 Detalhes do im\u00f3vel: \ud83d\udecf\ufe0f 03 dormit\u00f3rios\ud83d\udecb\ufe0f Sala\ud83d\udecb\ufe0f Sala de estar\ud83c\udf73 02 cozinhas\ud83d\udec1 01 banheiro social\ud83d\udd25 Fog\u00e3o a lenha com cobertura\ud83d\udce6 C\u00f4modo de despejo\ud83d\ude97 Garagem para 03 carros \ud83d\udcb0 Condi\u00e7\u00f5es: \ud83d\udd39 Aluguel: R$ 1.590,00 mensais \ud83d\udccd Localiza\u00e7\u00e3o: Im\u00f3vel localizado no Bairro Vila [&hellip;]<\/p>\n","protected":false},"featured_media":5705,"template":"","meta":[],"product_brand":[],"product_cat":[54,34],"product_tag":[126],"class_list":{"0":"post-5690","1":"product","2":"type-product","3":"status-publish","4":"has-post-thumbnail","6":"product_cat-aluguel","7":"product_cat-casas","8":"product_tag-cs2-187","10":"first","11":"instock","12":"shipping-taxable","13":"purchasable","14":"product-type-simple"},"_links":{"self":[{"href":"https:\/\/euacholavras.com.br\/index.php?rest_route=\/wp\/v2\/product\/5690","targetHints":{"allow":["GET"]}}],"collection":[{"href":"https:\/\/euacholavras.com.br\/index.php?rest_route=\/wp\/v2\/product"}],"about":[{"href":"https:\/\/euacholavras.com.br\/index.php?rest_route=\/wp\/v2\/types\/product"}],"wp:featuredmedia":[{"embeddable":true,"href":"https:\/\/euacholavras.com.br\/index.php?rest_route=\/wp\/v2\/media\/5705"}],"wp:attachment":[{"href":"https:\/\/euacholavras.com.br\/index.php?rest_route=%2Fwp%2Fv2%2Fmedia&parent=5690"}],"wp:term":[{"taxonomy":"product_brand","embeddable":true,"href":"https:\/\/euacholavras.com.br\/index.php?rest_route=%2Fwp%2Fv2%2Fproduct_brand&post=5690"},{"taxonomy":"product_cat","embeddable":true,"href":"https:\/\/euacholavras.com.br\/index.php?rest_route=%2Fwp%2Fv2%2Fproduct_cat&post=5690"},{"taxonomy":"product_tag","embeddable":true,"href":"https:\/\/euacholavras.com.br\/index.php?rest_route=%2Fwp%2Fv2%2Fproduct_tag&post=5690"}],"curies":[{"name":"wp","href":"https:\/\/api.w.org\/{rel}","templated":true}]}}