{"id":5715,"date":"2026-04-10T19:26:53","date_gmt":"2026-04-10T19:26:53","guid":{"rendered":"https:\/\/euacholavras.com.br\/?post_type=product&#038;p=5715"},"modified":"2026-04-10T19:26:53","modified_gmt":"2026-04-10T19:26:53","slug":"%f0%9f%8f%a1-casa-disponivel-para-locacao-regiao-central","status":"publish","type":"product","link":"https:\/\/euacholavras.com.br\/?product=%f0%9f%8f%a1-casa-disponivel-para-locacao-regiao-central","title":{"rendered":"\ud83c\udfe1 Casa dispon\u00edvel para loca\u00e7\u00e3o \u2013 Regi\u00e3o Central!"},"content":{"rendered":"<section class=\"text-token-text-primary w-full focus:outline-none [--shadow-height:45px] has-data-writing-block:pointer-events-none has-data-writing-block:-mt-(--shadow-height) has-data-writing-block:pt-(--shadow-height) [&amp;:has([data-writing-block])&gt;*]:pointer-events-auto R6Vx5W_threadScrollVars scroll-mb-[calc(var(--scroll-root-safe-area-inset-bottom,0px)+var(--thread-response-height,0px))] scroll-mt-[calc(var(--header-height)+min(200px,max(70px,20svh)))]\" dir=\"auto\" data-turn-id=\"request-69c55eeb-438c-83e9-87cb-0d377dee283d-74\" data-testid=\"conversation-turn-152\" data-scroll-anchor=\"false\" data-turn=\"assistant\">\n<div class=\"text-base my-auto mx-auto pb-10 [--thread-content-margin:var(--thread-content-margin-xs,calc(var(--spacing)*4))] @w-sm\/main:[--thread-content-margin:var(--thread-content-margin-sm,calc(var(--spacing)*6))] @w-lg\/main:[--thread-content-margin:var(--thread-content-margin-lg,calc(var(--spacing)*16))] px-(--thread-content-margin)\">\n<div class=\"[--thread-content-max-width:40rem] @w-lg\/main:[--thread-content-max-width:48rem] mx-auto max-w-(--thread-content-max-width) flex-1 group\/turn-messages focus-visible:outline-hidden relative flex w-full min-w-0 flex-col agent-turn\">\n<div class=\"flex max-w-full flex-col gap-4 grow\">\n<div class=\"min-h-8 text-message relative flex w-full flex-col items-end gap-2 text-start break-words whitespace-normal outline-none keyboard-focused:focus-ring [.text-message+&amp;]:mt-1\" dir=\"auto\" tabindex=\"0\" data-message-author-role=\"assistant\" data-message-id=\"89d7fa75-0b83-4812-82bc-b5e12c05ab26\" data-message-model-slug=\"gpt-5-3\" data-turn-start-message=\"true\">\n<div class=\"flex w-full flex-col gap-1 empty:hidden\">\n<div class=\"markdown prose dark:prose-invert w-full wrap-break-word dark markdown-new-styling\">\n<p data-start=\"0\" data-end=\"51\"><strong>\ud83c\udfe1 Casa dispon\u00edvel para loca\u00e7\u00e3o \u2013 Regi\u00e3o Central!<\/strong><\/p>\n<p data-start=\"53\" data-end=\"71\">\ud83d\udccc C\u00f3digo: CS16-189<\/p>\n<p data-start=\"73\" data-end=\"342\">\u2728 Detalhes do im\u00f3vel:<br data-start=\"94\" data-end=\"97\" \/>\ud83d\udecf\ufe0f 04 dormit\u00f3rios<br data-start=\"115\" data-end=\"118\" \/>\ud83d\udecb\ufe0f Sala<br data-start=\"126\" data-end=\"129\" \/>\ud83c\udf73 Cozinha<br data-start=\"139\" data-end=\"142\" \/>\ud83d\udec1 Banheiro social<br data-start=\"160\" data-end=\"163\" \/>\ud83c\udf3f Quintal amplo<br data-start=\"179\" data-end=\"182\" \/>\ud83d\udce6 Quarto de despejo na parte externa<br data-start=\"219\" data-end=\"222\" \/>\ud83d\udc3e Espa\u00e7o para animais de estima\u00e7\u00e3o<br data-start=\"257\" data-end=\"260\" \/>\ud83d\ude97 Garagem ampla<br data-start=\"276\" data-end=\"279\" \/>\ud83c\udfe2 Im\u00f3vel com possibilidade de uso <strong data-start=\"314\" data-end=\"342\">residencial ou comercial<\/strong><\/p>\n<p data-start=\"344\" data-end=\"408\">\ud83d\udcb0 Condi\u00e7\u00f5es:<br data-start=\"357\" data-end=\"360\" \/>\ud83d\udd39 Aluguel: <strong data-start=\"372\" data-end=\"408\">R$ 2.000,00 mensais (negoci\u00e1vel)<\/strong><\/p>\n<p data-start=\"410\" data-end=\"735\">\ud83d\udccd Localiza\u00e7\u00e3o:<br data-start=\"425\" data-end=\"428\" \/>Im\u00f3vel localizado em uma das principais avenidas da regi\u00e3o central de Lavras, com excelente visibilidade e f\u00e1cil acesso a com\u00e9rcios, servi\u00e7os e universidades, sendo ideal tanto para moradia (especialmente estudantes) quanto para instala\u00e7\u00e3o de atividades comerciais.<\/p>\n<p data-start=\"737\" data-end=\"892\">\ud83d\udcf2 Agende sua visita:<br data-start=\"758\" data-end=\"761\" \/>\ud83d\udc68\u200d\ud83d\udcbc Eu Acho Empreendimentos Imobili\u00e1rios<br data-start=\"803\" data-end=\"806\" \/>\ud83c\udfe2 Av. Dr. Sylvio Menicucci, 234 A \u2013 Ign\u00e1cio Valentim \u2013 Lavras\/MG<br data-start=\"871\" data-end=\"874\" \/>\ud83d\udcdd CRECI 9205 PJ<\/p>\n<p data-start=\"894\" data-end=\"1006\" data-is-last-node=\"\" data-is-only-node=\"\">\u2728 Excelente oportunidade para quem busca um im\u00f3vel amplo, bem localizado e vers\u00e1til para diferentes finalidades!<\/p>\n<\/div>\n<\/div>\n<\/div>\n<\/div>\n<div class=\"z-0 flex min-h-[46px] justify-start\"><\/div>\n<div class=\"mt-3 w-full empty:hidden\">\n<div class=\"text-center\"><\/div>\n<\/div>\n<\/div>\n<\/div>\n<\/section>\n<div class=\"pointer-events-none -mt-px h-px translate-y-[calc(var(--scroll-root-safe-area-inset-bottom)-14*var(--spacing))]\" aria-hidden=\"true\"><\/div>\n","protected":false},"excerpt":{"rendered":"<p>\ud83c\udfe1 Casa dispon\u00edvel para loca\u00e7\u00e3o \u2013 Regi\u00e3o Central! \ud83d\udccc C\u00f3digo: CS16-189 \u2728 Detalhes do im\u00f3vel:\ud83d\udecf\ufe0f 04 dormit\u00f3rios\ud83d\udecb\ufe0f Sala\ud83c\udf73 Cozinha\ud83d\udec1 Banheiro social\ud83c\udf3f Quintal amplo\ud83d\udce6 Quarto de despejo na parte externa\ud83d\udc3e Espa\u00e7o para animais de estima\u00e7\u00e3o\ud83d\ude97 Garagem ampla\ud83c\udfe2 Im\u00f3vel com possibilidade de uso residencial ou comercial \ud83d\udcb0 Condi\u00e7\u00f5es:\ud83d\udd39 Aluguel: R$ 2.000,00 mensais (negoci\u00e1vel) \ud83d\udccd Localiza\u00e7\u00e3o:Im\u00f3vel localizado em [&hellip;]<\/p>\n","protected":false},"featured_media":5717,"template":"","meta":[],"product_brand":[],"product_cat":[54,34],"product_tag":[217],"class_list":{"0":"post-5715","1":"product","2":"type-product","3":"status-publish","4":"has-post-thumbnail","6":"product_cat-aluguel","7":"product_cat-casas","8":"product_tag-cs16-189","10":"first","11":"instock","12":"shipping-taxable","13":"purchasable","14":"product-type-simple"},"_links":{"self":[{"href":"https:\/\/euacholavras.com.br\/index.php?rest_route=\/wp\/v2\/product\/5715","targetHints":{"allow":["GET"]}}],"collection":[{"href":"https:\/\/euacholavras.com.br\/index.php?rest_route=\/wp\/v2\/product"}],"about":[{"href":"https:\/\/euacholavras.com.br\/index.php?rest_route=\/wp\/v2\/types\/product"}],"wp:featuredmedia":[{"embeddable":true,"href":"https:\/\/euacholavras.com.br\/index.php?rest_route=\/wp\/v2\/media\/5717"}],"wp:attachment":[{"href":"https:\/\/euacholavras.com.br\/index.php?rest_route=%2Fwp%2Fv2%2Fmedia&parent=5715"}],"wp:term":[{"taxonomy":"product_brand","embeddable":true,"href":"https:\/\/euacholavras.com.br\/index.php?rest_route=%2Fwp%2Fv2%2Fproduct_brand&post=5715"},{"taxonomy":"product_cat","embeddable":true,"href":"https:\/\/euacholavras.com.br\/index.php?rest_route=%2Fwp%2Fv2%2Fproduct_cat&post=5715"},{"taxonomy":"product_tag","embeddable":true,"href":"https:\/\/euacholavras.com.br\/index.php?rest_route=%2Fwp%2Fv2%2Fproduct_tag&post=5715"}],"curies":[{"name":"wp","href":"https:\/\/api.w.org\/{rel}","templated":true}]}}